{"id":105,"date":"2023-06-13T15:44:55","date_gmt":"2023-06-13T13:44:55","guid":{"rendered":"http:\/\/cjsmjrl.cluster029.hosting.ovh.net\/?page_id=105"},"modified":"2025-02-10T17:05:04","modified_gmt":"2025-02-10T16:05:04","slug":"jean-baptiste-faivre","status":"publish","type":"page","link":"https:\/\/sourcesdubienetre-vesoul.com\/index.php\/les-professionnels\/jean-baptiste-faivre\/","title":{"rendered":"Jean-Baptiste FAIVRE"},"content":{"rendered":"\n<figure class=\"wp-block-image aligncenter size-full\"><img loading=\"lazy\" decoding=\"async\" width=\"307\" height=\"172\" src=\"http:\/\/cjsmjrl.cluster029.hosting.ovh.net\/wp-content\/uploads\/2023\/08\/image-14.jpeg\" alt=\"\" class=\"wp-image-230\" srcset=\"https:\/\/sourcesdubienetre-vesoul.com\/wp-content\/uploads\/2023\/08\/image-14.jpeg 307w, https:\/\/sourcesdubienetre-vesoul.com\/wp-content\/uploads\/2023\/08\/image-14-300x168.jpeg 300w\" sizes=\"auto, (max-width: 307px) 100vw, 307px\" \/><\/figure>\n\n\n\n<p class=\"has-text-align-center\">Praticien en <strong>Ortho-Bionomy\u00ae <\/strong>et<strong> Maieusth\u00e9sie<\/strong><\/p>\n\n\n\n<p class=\"has-text-align-center\">Lib\u00e9rez vos tensions physiques et \u00e9motionnelles dans la douceur.<\/p>\n\n\n\n<p class=\"has-text-align-center\"><a data-type=\"page\" data-id=\"244\" href=\"https:\/\/sourcesdubienetre-vesoul.com\/index.php\/les-professionnels\/jean-baptiste-faivre\/agenda\/\">Prendre rendez-vous en ligne.<\/a><\/p>\n\n\n\n<div class=\"wp-block-columns is-layout-flex wp-container-core-columns-is-layout-28f84493 wp-block-columns-is-layout-flex\">\n<div class=\"wp-block-column is-layout-flow wp-block-column-is-layout-flow\">\n<figure class=\"wp-block-image size-full\"><a href=\"https:\/\/sourcesdubienetre-vesoul.com\/index.php\/les-professionnels\/jean-baptiste-faivre\/qui-suis-je\/\"><img loading=\"lazy\" decoding=\"async\" width=\"307\" height=\"172\" src=\"http:\/\/cjsmjrl.cluster029.hosting.ovh.net\/wp-content\/uploads\/2023\/08\/image-14.jpeg\" alt=\"\" class=\"wp-image-230\" style=\"aspect-ratio:1.7848837209302326\" srcset=\"https:\/\/sourcesdubienetre-vesoul.com\/wp-content\/uploads\/2023\/08\/image-14.jpeg 307w, https:\/\/sourcesdubienetre-vesoul.com\/wp-content\/uploads\/2023\/08\/image-14-300x168.jpeg 300w\" sizes=\"auto, (max-width: 307px) 100vw, 307px\" \/><\/a><figcaption class=\"wp-element-caption\">Qui suis-je?<\/figcaption><\/figure>\n<\/div>\n\n\n\n<div class=\"wp-block-column is-layout-flow wp-block-column-is-layout-flow\">\n<figure class=\"wp-block-image size-large\"><a href=\"https:\/\/sourcesdubienetre-vesoul.com\/index.php\/les-professionnels\/jean-baptiste-faivre\/quest-ce-que-lortho-bionomy\/\"><img loading=\"lazy\" decoding=\"async\" width=\"1269\" height=\"714\" src=\"http:\/\/cjsmjrl.cluster029.hosting.ovh.net\/wp-content\/uploads\/2023\/08\/IMG_8213-edited.jpg\" alt=\"\" class=\"wp-image-231\" srcset=\"https:\/\/sourcesdubienetre-vesoul.com\/wp-content\/uploads\/2023\/08\/IMG_8213-edited.jpg 1269w, https:\/\/sourcesdubienetre-vesoul.com\/wp-content\/uploads\/2023\/08\/IMG_8213-edited-300x169.jpg 300w, https:\/\/sourcesdubienetre-vesoul.com\/wp-content\/uploads\/2023\/08\/IMG_8213-edited-1024x576.jpg 1024w, https:\/\/sourcesdubienetre-vesoul.com\/wp-content\/uploads\/2023\/08\/IMG_8213-edited-768x432.jpg 768w\" sizes=\"auto, (max-width: 1269px) 100vw, 1269px\" \/><\/a><figcaption class=\"wp-element-caption\">Qu&rsquo;est-ce que<br>l&rsquo;Ortho-Bionomy\u00ae?<\/figcaption><\/figure>\n<\/div>\n\n\n\n<div class=\"wp-block-column is-layout-flow wp-block-column-is-layout-flow\">\n<figure class=\"wp-block-image size-full\"><a href=\"https:\/\/sourcesdubienetre-vesoul.com\/index.php\/les-professionnels\/jean-baptiste-faivre\/maieusthesie\/\"><img loading=\"lazy\" decoding=\"async\" width=\"564\" height=\"317\" src=\"http:\/\/cjsmjrl.cluster029.hosting.ovh.net\/wp-content\/uploads\/2023\/08\/c3371fba4881af5ffa1bff29438b097b-edited.jpg\" alt=\"\" class=\"wp-image-247\" srcset=\"https:\/\/sourcesdubienetre-vesoul.com\/wp-content\/uploads\/2023\/08\/c3371fba4881af5ffa1bff29438b097b-edited.jpg 564w, https:\/\/sourcesdubienetre-vesoul.com\/wp-content\/uploads\/2023\/08\/c3371fba4881af5ffa1bff29438b097b-edited-300x169.jpg 300w\" sizes=\"auto, (max-width: 564px) 100vw, 564px\" \/><\/a><figcaption class=\"wp-element-caption\">Qu&rsquo;est ce que la Maieusth\u00e9sie?<\/figcaption><\/figure>\n<\/div>\n<\/div>\n\n\n\n<div class=\"wp-block-columns is-layout-flex wp-container-core-columns-is-layout-28f84493 wp-block-columns-is-layout-flex\">\n<div class=\"wp-block-column is-layout-flow wp-block-column-is-layout-flow\">\n<figure class=\"wp-block-image size-full\"><a href=\"https:\/\/sourcesdubienetre-vesoul.com\/index.php\/les-professionnels\/jean-baptiste-faivre\/deroulement-des-seances-et-tarifs\/\"><img loading=\"lazy\" decoding=\"async\" width=\"307\" height=\"172\" src=\"http:\/\/cjsmjrl.cluster029.hosting.ovh.net\/wp-content\/uploads\/2023\/08\/image-15.jpeg\" alt=\"\" class=\"wp-image-232\" srcset=\"https:\/\/sourcesdubienetre-vesoul.com\/wp-content\/uploads\/2023\/08\/image-15.jpeg 307w, https:\/\/sourcesdubienetre-vesoul.com\/wp-content\/uploads\/2023\/08\/image-15-300x168.jpeg 300w\" sizes=\"auto, (max-width: 307px) 100vw, 307px\" \/><\/a><figcaption class=\"wp-element-caption\">D\u00e9roulement d&rsquo;une s\u00e9ance &#8211; Tarifs<\/figcaption><\/figure>\n<\/div>\n\n\n\n<div class=\"wp-block-column is-layout-flow wp-block-column-is-layout-flow\">\n<figure class=\"wp-block-image size-large\"><a href=\"https:\/\/sourcesdubienetre-vesoul.com\/index.php\/les-professionnels\/jean-baptiste-faivre\/cgv-jbf\/\"><img loading=\"lazy\" decoding=\"async\" width=\"1024\" height=\"672\" src=\"https:\/\/sourcesdubienetre-vesoul.com\/wp-content\/uploads\/2025\/02\/mentions-legales-1024x672.png\" alt=\"Mentions l\u00e9gales et politique de confidentialit\u00e9\" class=\"wp-image-1884\" srcset=\"https:\/\/sourcesdubienetre-vesoul.com\/wp-content\/uploads\/2025\/02\/mentions-legales-1024x672.png 1024w, https:\/\/sourcesdubienetre-vesoul.com\/wp-content\/uploads\/2025\/02\/mentions-legales-300x197.png 300w, https:\/\/sourcesdubienetre-vesoul.com\/wp-content\/uploads\/2025\/02\/mentions-legales-768x504.png 768w, https:\/\/sourcesdubienetre-vesoul.com\/wp-content\/uploads\/2025\/02\/mentions-legales.png 1184w\" sizes=\"auto, (max-width: 1024px) 100vw, 1024px\" \/><\/a><figcaption class=\"wp-element-caption\">Mentions l\u00e9gales et politique de confidentialit\u00e9<\/figcaption><\/figure>\n<\/div>\n\n\n\n<div class=\"wp-block-column is-layout-flow wp-block-column-is-layout-flow\"><\/div>\n<\/div>\n","protected":false},"excerpt":{"rendered":"<p>Praticien en Ortho-Bionomy\u00ae et Maieusth\u00e9sie Lib\u00e9rez vos tensions physiques et \u00e9motionnelles dans la douceur. Prendre rendez-vous en ligne.<\/p>\n","protected":false},"author":3,"featured_media":0,"parent":122,"menu_order":0,"comment_status":"closed","ping_status":"closed","template":"","meta":{"site-sidebar-layout":"default","site-content-layout":"","ast-site-content-layout":"","site-content-style":"default","site-sidebar-style":"default","ast-global-header-display":"","ast-banner-title-visibility":"","ast-main-header-display":"","ast-hfb-above-header-display":"","ast-hfb-below-header-display":"","ast-hfb-mobile-header-display":"","site-post-title":"","ast-breadcrumbs-content":"","ast-featured-img":"","footer-sml-layout":"","theme-transparent-header-meta":"","adv-header-id-meta":"","stick-header-meta":"","header-above-stick-meta":"","header-main-stick-meta":"","header-below-stick-meta":"","astra-migrate-meta-layouts":"default","ast-page-background-enabled":"default","ast-page-background-meta":{"desktop":{"background-color":"var(--ast-global-color-4)","background-image":"","background-repeat":"repeat","background-position":"center center","background-size":"auto","background-attachment":"scroll","background-type":"","background-media":"","overlay-type":"","overlay-color":"","overlay-opacity":"","overlay-gradient":""},"tablet":{"background-color":"","background-image":"","background-repeat":"repeat","background-position":"center center","background-size":"auto","background-attachment":"scroll","background-type":"","background-media":"","overlay-type":"","overlay-color":"","overlay-opacity":"","overlay-gradient":""},"mobile":{"background-color":"","background-image":"","background-repeat":"repeat","background-position":"center center","background-size":"auto","background-attachment":"scroll","background-type":"","background-media":"","overlay-type":"","overlay-color":"","overlay-opacity":"","overlay-gradient":""}},"ast-content-background-meta":{"desktop":{"background-color":"var(--ast-global-color-5)","background-image":"","background-repeat":"repeat","background-position":"center center","background-size":"auto","background-attachment":"scroll","background-type":"","background-media":"","overlay-type":"","overlay-color":"","overlay-opacity":"","overlay-gradient":""},"tablet":{"background-color":"var(--ast-global-color-5)","background-image":"","background-repeat":"repeat","background-position":"center center","background-size":"auto","background-attachment":"scroll","background-type":"","background-media":"","overlay-type":"","overlay-color":"","overlay-opacity":"","overlay-gradient":""},"mobile":{"background-color":"var(--ast-global-color-5)","background-image":"","background-repeat":"repeat","background-position":"center center","background-size":"auto","background-attachment":"scroll","background-type":"","background-media":"","overlay-type":"","overlay-color":"","overlay-opacity":"","overlay-gradient":""}},"footnotes":""},"class_list":["post-105","page","type-page","status-publish","hentry"],"yoast_head":"<!-- This site is optimized with the Yoast SEO plugin v27.4 - https:\/\/yoast.com\/product\/yoast-seo-wordpress\/ -->\n<title>Jean-Baptiste FAIVRE - Les Sources du Bien-\u00catre<\/title>\n<meta name=\"robots\" content=\"index, follow, max-snippet:-1, max-image-preview:large, max-video-preview:-1\" \/>\n<link rel=\"canonical\" href=\"https:\/\/sourcesdubienetre-vesoul.com\/index.php\/les-professionnels\/jean-baptiste-faivre\/\" \/>\n<meta property=\"og:locale\" content=\"fr_FR\" \/>\n<meta property=\"og:type\" content=\"article\" \/>\n<meta property=\"og:title\" content=\"Jean-Baptiste FAIVRE - Les Sources du Bien-\u00catre\" \/>\n<meta property=\"og:description\" content=\"Praticien en Ortho-Bionomy\u00ae et Maieusth\u00e9sie Lib\u00e9rez vos tensions physiques et \u00e9motionnelles dans la douceur. Prendre rendez-vous en ligne.\" \/>\n<meta property=\"og:url\" content=\"https:\/\/sourcesdubienetre-vesoul.com\/index.php\/les-professionnels\/jean-baptiste-faivre\/\" \/>\n<meta property=\"og:site_name\" content=\"Les Sources du Bien-\u00catre\" \/>\n<meta property=\"article:publisher\" content=\"https:\/\/www.facebook.com\/SourcesduBienEtre\/?locale=fr_FR\" \/>\n<meta property=\"article:modified_time\" content=\"2025-02-10T16:05:04+00:00\" \/>\n<meta property=\"og:image\" content=\"https:\/\/sourcesdubienetre-vesoul.com\/wp-content\/uploads\/2023\/08\/image-14.jpeg\" \/>\n\t<meta property=\"og:image:width\" content=\"307\" \/>\n\t<meta property=\"og:image:height\" content=\"172\" \/>\n\t<meta property=\"og:image:type\" content=\"image\/jpeg\" \/>\n<meta name=\"twitter:card\" content=\"summary_large_image\" \/>\n<meta name=\"twitter:label1\" content=\"Dur\u00e9e de lecture estim\u00e9e\" \/>\n\t<meta name=\"twitter:data1\" content=\"2 minutes\" \/>\n<script type=\"application\/ld+json\" class=\"yoast-schema-graph\">{\"@context\":\"https:\\\/\\\/schema.org\",\"@graph\":[{\"@type\":\"WebPage\",\"@id\":\"https:\\\/\\\/sourcesdubienetre-vesoul.com\\\/index.php\\\/les-professionnels\\\/jean-baptiste-faivre\\\/\",\"url\":\"https:\\\/\\\/sourcesdubienetre-vesoul.com\\\/index.php\\\/les-professionnels\\\/jean-baptiste-faivre\\\/\",\"name\":\"Jean-Baptiste FAIVRE - Les Sources du Bien-\u00catre\",\"isPartOf\":{\"@id\":\"https:\\\/\\\/sourcesdubienetre-vesoul.com\\\/#website\"},\"primaryImageOfPage\":{\"@id\":\"https:\\\/\\\/sourcesdubienetre-vesoul.com\\\/index.php\\\/les-professionnels\\\/jean-baptiste-faivre\\\/#primaryimage\"},\"image\":{\"@id\":\"https:\\\/\\\/sourcesdubienetre-vesoul.com\\\/index.php\\\/les-professionnels\\\/jean-baptiste-faivre\\\/#primaryimage\"},\"thumbnailUrl\":\"http:\\\/\\\/cjsmjrl.cluster029.hosting.ovh.net\\\/wp-content\\\/uploads\\\/2023\\\/08\\\/image-14.jpeg\",\"datePublished\":\"2023-06-13T13:44:55+00:00\",\"dateModified\":\"2025-02-10T16:05:04+00:00\",\"breadcrumb\":{\"@id\":\"https:\\\/\\\/sourcesdubienetre-vesoul.com\\\/index.php\\\/les-professionnels\\\/jean-baptiste-faivre\\\/#breadcrumb\"},\"inLanguage\":\"fr-FR\",\"potentialAction\":[{\"@type\":\"ReadAction\",\"target\":[\"https:\\\/\\\/sourcesdubienetre-vesoul.com\\\/index.php\\\/les-professionnels\\\/jean-baptiste-faivre\\\/\"]}]},{\"@type\":\"ImageObject\",\"inLanguage\":\"fr-FR\",\"@id\":\"https:\\\/\\\/sourcesdubienetre-vesoul.com\\\/index.php\\\/les-professionnels\\\/jean-baptiste-faivre\\\/#primaryimage\",\"url\":\"http:\\\/\\\/cjsmjrl.cluster029.hosting.ovh.net\\\/wp-content\\\/uploads\\\/2023\\\/08\\\/image-14.jpeg\",\"contentUrl\":\"http:\\\/\\\/cjsmjrl.cluster029.hosting.ovh.net\\\/wp-content\\\/uploads\\\/2023\\\/08\\\/image-14.jpeg\"},{\"@type\":\"BreadcrumbList\",\"@id\":\"https:\\\/\\\/sourcesdubienetre-vesoul.com\\\/index.php\\\/les-professionnels\\\/jean-baptiste-faivre\\\/#breadcrumb\",\"itemListElement\":[{\"@type\":\"ListItem\",\"position\":1,\"name\":\"Accueil\",\"item\":\"https:\\\/\\\/sourcesdubienetre-vesoul.com\\\/\"},{\"@type\":\"ListItem\",\"position\":2,\"name\":\"Les professionnels\",\"item\":\"https:\\\/\\\/sourcesdubienetre-vesoul.com\\\/index.php\\\/les-professionnels\\\/\"},{\"@type\":\"ListItem\",\"position\":3,\"name\":\"Jean-Baptiste FAIVRE\"}]},{\"@type\":\"WebSite\",\"@id\":\"https:\\\/\\\/sourcesdubienetre-vesoul.com\\\/#website\",\"url\":\"https:\\\/\\\/sourcesdubienetre-vesoul.com\\\/\",\"name\":\"sourcesdubienetre-vesoul\",\"description\":\"Des professionnel du bien-\u00eatre \u00e0 votre service\",\"publisher\":{\"@id\":\"https:\\\/\\\/sourcesdubienetre-vesoul.com\\\/#organization\"},\"potentialAction\":[{\"@type\":\"SearchAction\",\"target\":{\"@type\":\"EntryPoint\",\"urlTemplate\":\"https:\\\/\\\/sourcesdubienetre-vesoul.com\\\/?s={search_term_string}\"},\"query-input\":{\"@type\":\"PropertyValueSpecification\",\"valueRequired\":true,\"valueName\":\"search_term_string\"}}],\"inLanguage\":\"fr-FR\"},{\"@type\":\"Organization\",\"@id\":\"https:\\\/\\\/sourcesdubienetre-vesoul.com\\\/#organization\",\"name\":\"Les Sources du Bien-\u00catre\",\"url\":\"https:\\\/\\\/sourcesdubienetre-vesoul.com\\\/\",\"logo\":{\"@type\":\"ImageObject\",\"inLanguage\":\"fr-FR\",\"@id\":\"https:\\\/\\\/sourcesdubienetre-vesoul.com\\\/#\\\/schema\\\/logo\\\/image\\\/\",\"url\":\"https:\\\/\\\/sourcesdubienetre-vesoul.com\\\/wp-content\\\/uploads\\\/2025\\\/07\\\/new_logo.jpg\",\"contentUrl\":\"https:\\\/\\\/sourcesdubienetre-vesoul.com\\\/wp-content\\\/uploads\\\/2025\\\/07\\\/new_logo.jpg\",\"width\":500,\"height\":500,\"caption\":\"Les Sources du Bien-\u00catre\"},\"image\":{\"@id\":\"https:\\\/\\\/sourcesdubienetre-vesoul.com\\\/#\\\/schema\\\/logo\\\/image\\\/\"},\"sameAs\":[\"https:\\\/\\\/www.facebook.com\\\/SourcesduBienEtre\\\/?locale=fr_FR\"]}]}<\/script>\n<!-- \/ Yoast SEO plugin. -->","yoast_head_json":{"title":"Jean-Baptiste FAIVRE - Les Sources du Bien-\u00catre","robots":{"index":"index","follow":"follow","max-snippet":"max-snippet:-1","max-image-preview":"max-image-preview:large","max-video-preview":"max-video-preview:-1"},"canonical":"https:\/\/sourcesdubienetre-vesoul.com\/index.php\/les-professionnels\/jean-baptiste-faivre\/","og_locale":"fr_FR","og_type":"article","og_title":"Jean-Baptiste FAIVRE - Les Sources du Bien-\u00catre","og_description":"Praticien en Ortho-Bionomy\u00ae et Maieusth\u00e9sie Lib\u00e9rez vos tensions physiques et \u00e9motionnelles dans la douceur. Prendre rendez-vous en ligne.","og_url":"https:\/\/sourcesdubienetre-vesoul.com\/index.php\/les-professionnels\/jean-baptiste-faivre\/","og_site_name":"Les Sources du Bien-\u00catre","article_publisher":"https:\/\/www.facebook.com\/SourcesduBienEtre\/?locale=fr_FR","article_modified_time":"2025-02-10T16:05:04+00:00","og_image":[{"width":307,"height":172,"url":"https:\/\/sourcesdubienetre-vesoul.com\/wp-content\/uploads\/2023\/08\/image-14.jpeg","type":"image\/jpeg"}],"twitter_card":"summary_large_image","twitter_misc":{"Dur\u00e9e de lecture estim\u00e9e":"2 minutes"},"schema":{"@context":"https:\/\/schema.org","@graph":[{"@type":"WebPage","@id":"https:\/\/sourcesdubienetre-vesoul.com\/index.php\/les-professionnels\/jean-baptiste-faivre\/","url":"https:\/\/sourcesdubienetre-vesoul.com\/index.php\/les-professionnels\/jean-baptiste-faivre\/","name":"Jean-Baptiste FAIVRE - Les Sources du Bien-\u00catre","isPartOf":{"@id":"https:\/\/sourcesdubienetre-vesoul.com\/#website"},"primaryImageOfPage":{"@id":"https:\/\/sourcesdubienetre-vesoul.com\/index.php\/les-professionnels\/jean-baptiste-faivre\/#primaryimage"},"image":{"@id":"https:\/\/sourcesdubienetre-vesoul.com\/index.php\/les-professionnels\/jean-baptiste-faivre\/#primaryimage"},"thumbnailUrl":"http:\/\/cjsmjrl.cluster029.hosting.ovh.net\/wp-content\/uploads\/2023\/08\/image-14.jpeg","datePublished":"2023-06-13T13:44:55+00:00","dateModified":"2025-02-10T16:05:04+00:00","breadcrumb":{"@id":"https:\/\/sourcesdubienetre-vesoul.com\/index.php\/les-professionnels\/jean-baptiste-faivre\/#breadcrumb"},"inLanguage":"fr-FR","potentialAction":[{"@type":"ReadAction","target":["https:\/\/sourcesdubienetre-vesoul.com\/index.php\/les-professionnels\/jean-baptiste-faivre\/"]}]},{"@type":"ImageObject","inLanguage":"fr-FR","@id":"https:\/\/sourcesdubienetre-vesoul.com\/index.php\/les-professionnels\/jean-baptiste-faivre\/#primaryimage","url":"http:\/\/cjsmjrl.cluster029.hosting.ovh.net\/wp-content\/uploads\/2023\/08\/image-14.jpeg","contentUrl":"http:\/\/cjsmjrl.cluster029.hosting.ovh.net\/wp-content\/uploads\/2023\/08\/image-14.jpeg"},{"@type":"BreadcrumbList","@id":"https:\/\/sourcesdubienetre-vesoul.com\/index.php\/les-professionnels\/jean-baptiste-faivre\/#breadcrumb","itemListElement":[{"@type":"ListItem","position":1,"name":"Accueil","item":"https:\/\/sourcesdubienetre-vesoul.com\/"},{"@type":"ListItem","position":2,"name":"Les professionnels","item":"https:\/\/sourcesdubienetre-vesoul.com\/index.php\/les-professionnels\/"},{"@type":"ListItem","position":3,"name":"Jean-Baptiste FAIVRE"}]},{"@type":"WebSite","@id":"https:\/\/sourcesdubienetre-vesoul.com\/#website","url":"https:\/\/sourcesdubienetre-vesoul.com\/","name":"sourcesdubienetre-vesoul","description":"Des professionnel du bien-\u00eatre \u00e0 votre service","publisher":{"@id":"https:\/\/sourcesdubienetre-vesoul.com\/#organization"},"potentialAction":[{"@type":"SearchAction","target":{"@type":"EntryPoint","urlTemplate":"https:\/\/sourcesdubienetre-vesoul.com\/?s={search_term_string}"},"query-input":{"@type":"PropertyValueSpecification","valueRequired":true,"valueName":"search_term_string"}}],"inLanguage":"fr-FR"},{"@type":"Organization","@id":"https:\/\/sourcesdubienetre-vesoul.com\/#organization","name":"Les Sources du Bien-\u00catre","url":"https:\/\/sourcesdubienetre-vesoul.com\/","logo":{"@type":"ImageObject","inLanguage":"fr-FR","@id":"https:\/\/sourcesdubienetre-vesoul.com\/#\/schema\/logo\/image\/","url":"https:\/\/sourcesdubienetre-vesoul.com\/wp-content\/uploads\/2025\/07\/new_logo.jpg","contentUrl":"https:\/\/sourcesdubienetre-vesoul.com\/wp-content\/uploads\/2025\/07\/new_logo.jpg","width":500,"height":500,"caption":"Les Sources du Bien-\u00catre"},"image":{"@id":"https:\/\/sourcesdubienetre-vesoul.com\/#\/schema\/logo\/image\/"},"sameAs":["https:\/\/www.facebook.com\/SourcesduBienEtre\/?locale=fr_FR"]}]}},"_links":{"self":[{"href":"https:\/\/sourcesdubienetre-vesoul.com\/index.php\/wp-json\/wp\/v2\/pages\/105","targetHints":{"allow":["GET"]}}],"collection":[{"href":"https:\/\/sourcesdubienetre-vesoul.com\/index.php\/wp-json\/wp\/v2\/pages"}],"about":[{"href":"https:\/\/sourcesdubienetre-vesoul.com\/index.php\/wp-json\/wp\/v2\/types\/page"}],"author":[{"embeddable":true,"href":"https:\/\/sourcesdubienetre-vesoul.com\/index.php\/wp-json\/wp\/v2\/users\/3"}],"replies":[{"embeddable":true,"href":"https:\/\/sourcesdubienetre-vesoul.com\/index.php\/wp-json\/wp\/v2\/comments?post=105"}],"version-history":[{"count":17,"href":"https:\/\/sourcesdubienetre-vesoul.com\/index.php\/wp-json\/wp\/v2\/pages\/105\/revisions"}],"predecessor-version":[{"id":1887,"href":"https:\/\/sourcesdubienetre-vesoul.com\/index.php\/wp-json\/wp\/v2\/pages\/105\/revisions\/1887"}],"up":[{"embeddable":true,"href":"https:\/\/sourcesdubienetre-vesoul.com\/index.php\/wp-json\/wp\/v2\/pages\/122"}],"wp:attachment":[{"href":"https:\/\/sourcesdubienetre-vesoul.com\/index.php\/wp-json\/wp\/v2\/media?parent=105"}],"curies":[{"name":"wp","href":"https:\/\/api.w.org\/{rel}","templated":true}]}}