{"id":197,"date":"2023-08-14T10:17:07","date_gmt":"2023-08-14T08:17:07","guid":{"rendered":"http:\/\/cjsmjrl.cluster029.hosting.ovh.net\/?page_id=197"},"modified":"2023-08-14T10:17:07","modified_gmt":"2023-08-14T08:17:07","slug":"naturopathie-iridologie","status":"publish","type":"page","link":"https:\/\/sourcesdubienetre-vesoul.com\/index.php\/les-professionnels\/mme-claude-cormy\/naturopathie-iridologie\/","title":{"rendered":"Naturopathie, iridologie"},"content":{"rendered":"\n<figure class=\"wp-block-image size-full\"><img loading=\"lazy\" decoding=\"async\" width=\"1000\" height=\"219\" src=\"http:\/\/cjsmjrl.cluster029.hosting.ovh.net\/wp-content\/uploads\/2023\/08\/image-7.jpeg\" alt=\"\" class=\"wp-image-198\" srcset=\"https:\/\/sourcesdubienetre-vesoul.com\/wp-content\/uploads\/2023\/08\/image-7.jpeg 1000w, https:\/\/sourcesdubienetre-vesoul.com\/wp-content\/uploads\/2023\/08\/image-7-300x66.jpeg 300w, https:\/\/sourcesdubienetre-vesoul.com\/wp-content\/uploads\/2023\/08\/image-7-768x168.jpeg 768w\" sizes=\"auto, (max-width: 1000px) 100vw, 1000px\" \/><\/figure>\n\n\n\n<p>Art de la sant\u00e9: observer, \u00e9couter, pr\u00e9venir.<\/p>\n\n\n\n<p>Pratique naturelle de sant\u00e9, recherchant l&rsquo;harmonie de l&rsquo;\u00eatre avec lui m\u00eame, son environnement, les autres.<\/p>\n\n\n\n<p>Le bilan iridologique a pour but de donner \u00e0 chacun un reflet de son capital sant\u00e9.<\/p>\n\n\n\n<p>Bilan \u00e9nerg\u00e9tique, \u00e9valuation de vos ressources, des indices de votre vitalit\u00e9 et de votre tox\u00e9mie par le biais de l&rsquo;iris.<\/p>\n\n\n\n<p>Il compl\u00e8te le bilan naturopathique afin d&rsquo;anticiper d\u00e9sordres physiques et \u00e9motionnels.<\/p>\n\n\n\n<p><strong>Votre accompagnement :<\/strong><\/p>\n\n\n\n<ol class=\"wp-block-list\">\n<li>Conseil alimentaire personnalis\u00e9<\/li>\n\n\n\n<li>Conseil d&rsquo;hygi\u00e8ne de vie<\/li>\n<\/ol>\n\n\n\n<p><strong>Techniques utilis\u00e9es :<\/strong><\/p>\n\n\n\n<p>Elixirs floraux, r\u00e9flexologie plantaire, phytoth\u00e9rapie, exercices, massages, compl\u00e9ments alimentaires si carence \u00e9ventuelle&#8230;<\/p>\n\n\n\n<p><strong>Tarifs<\/strong><\/p>\n\n\n\n<p>&#8211; 1\u00e8re s\u00e9ance : Anamn\u00e8se et bilan iridologique<\/p>\n\n\n\n<p>1h&nbsp;&nbsp;<strong>50 \u20ac<\/strong><\/p>\n\n\n\n<p>&#8211; 2\u00e8me s\u00e9ance : D\u00e9toxination<\/p>\n\n\n\n<p>1h&nbsp; &nbsp;<strong>47 \u20ac<\/strong><\/p>\n\n\n\n<p>&#8211; 3\u00e8me s\u00e9ance : Revitalisation<\/p>\n\n\n\n<p>Programme d&rsquo;hygi\u00e8ne vitale et tous les autres suivis \u00e0 venir,<\/p>\n\n\n\n<p>1h\u00a0\u00a0<strong>45 \u20ac<\/strong><\/p>\n\n\n\n<p>Bilan et accompagnement alimentaire naturopathique.<br><strong><strong>50 \u20ac<\/strong><\/strong>\u00a0la premi\u00e8re s\u00e9ance<br>puis\u00a0<strong><strong>35 \u20ac<\/strong><\/strong>\u00a0le suivi tous les 15 jours.<\/p>\n","protected":false},"excerpt":{"rendered":"<p>Art de la sant\u00e9: observer, \u00e9couter, pr\u00e9venir. Pratique naturelle de sant\u00e9, recherchant l&rsquo;harmonie de l&rsquo;\u00eatre avec lui m\u00eame, son environnement, les autres. Le bilan iridologique a pour but de donner \u00e0 chacun un reflet de son capital sant\u00e9. Bilan \u00e9nerg\u00e9tique, \u00e9valuation de vos ressources, des indices de votre vitalit\u00e9 et de votre tox\u00e9mie par le [&hellip;]<\/p>\n","protected":false},"author":3,"featured_media":0,"parent":100,"menu_order":4,"comment_status":"closed","ping_status":"closed","template":"","meta":{"site-sidebar-layout":"default","site-content-layout":"","ast-site-content-layout":"","site-content-style":"default","site-sidebar-style":"default","ast-global-header-display":"","ast-banner-title-visibility":"","ast-main-header-display":"","ast-hfb-above-header-display":"","ast-hfb-below-header-display":"","ast-hfb-mobile-header-display":"","site-post-title":"","ast-breadcrumbs-content":"","ast-featured-img":"","footer-sml-layout":"","theme-transparent-header-meta":"","adv-header-id-meta":"","stick-header-meta":"","header-above-stick-meta":"","header-main-stick-meta":"","header-below-stick-meta":"","astra-migrate-meta-layouts":"default","ast-page-background-enabled":"default","ast-page-background-meta":{"desktop":{"background-color":"var(--ast-global-color-4)","background-image":"","background-repeat":"repeat","background-position":"center center","background-size":"auto","background-attachment":"scroll","background-type":"","background-media":"","overlay-type":"","overlay-color":"","overlay-opacity":"","overlay-gradient":""},"tablet":{"background-color":"","background-image":"","background-repeat":"repeat","background-position":"center center","background-size":"auto","background-attachment":"scroll","background-type":"","background-media":"","overlay-type":"","overlay-color":"","overlay-opacity":"","overlay-gradient":""},"mobile":{"background-color":"","background-image":"","background-repeat":"repeat","background-position":"center center","background-size":"auto","background-attachment":"scroll","background-type":"","background-media":"","overlay-type":"","overlay-color":"","overlay-opacity":"","overlay-gradient":""}},"ast-content-background-meta":{"desktop":{"background-color":"var(--ast-global-color-5)","background-image":"","background-repeat":"repeat","background-position":"center center","background-size":"auto","background-attachment":"scroll","background-type":"","background-media":"","overlay-type":"","overlay-color":"","overlay-opacity":"","overlay-gradient":""},"tablet":{"background-color":"var(--ast-global-color-5)","background-image":"","background-repeat":"repeat","background-position":"center center","background-size":"auto","background-attachment":"scroll","background-type":"","background-media":"","overlay-type":"","overlay-color":"","overlay-opacity":"","overlay-gradient":""},"mobile":{"background-color":"var(--ast-global-color-5)","background-image":"","background-repeat":"repeat","background-position":"center center","background-size":"auto","background-attachment":"scroll","background-type":"","background-media":"","overlay-type":"","overlay-color":"","overlay-opacity":"","overlay-gradient":""}},"footnotes":""},"class_list":["post-197","page","type-page","status-publish","hentry"],"yoast_head":"<!-- This site is optimized with the Yoast SEO plugin v27.5 - https:\/\/yoast.com\/product\/yoast-seo-wordpress\/ -->\n<title>Naturopathie, iridologie - Les Sources du Bien-\u00catre<\/title>\n<meta name=\"robots\" content=\"index, follow, max-snippet:-1, max-image-preview:large, max-video-preview:-1\" \/>\n<link rel=\"canonical\" href=\"https:\/\/sourcesdubienetre-vesoul.com\/index.php\/les-professionnels\/mme-claude-cormy\/naturopathie-iridologie\/\" \/>\n<meta property=\"og:locale\" content=\"fr_FR\" \/>\n<meta property=\"og:type\" content=\"article\" \/>\n<meta property=\"og:title\" content=\"Naturopathie, iridologie - Les Sources du Bien-\u00catre\" \/>\n<meta property=\"og:description\" content=\"Art de la sant\u00e9: observer, \u00e9couter, pr\u00e9venir. Pratique naturelle de sant\u00e9, recherchant l&rsquo;harmonie de l&rsquo;\u00eatre avec lui m\u00eame, son environnement, les autres. Le bilan iridologique a pour but de donner \u00e0 chacun un reflet de son capital sant\u00e9. Bilan \u00e9nerg\u00e9tique, \u00e9valuation de vos ressources, des indices de votre vitalit\u00e9 et de votre tox\u00e9mie par le [&hellip;]\" \/>\n<meta property=\"og:url\" content=\"https:\/\/sourcesdubienetre-vesoul.com\/index.php\/les-professionnels\/mme-claude-cormy\/naturopathie-iridologie\/\" \/>\n<meta property=\"og:site_name\" content=\"Les Sources du Bien-\u00catre\" \/>\n<meta property=\"article:publisher\" content=\"https:\/\/www.facebook.com\/SourcesduBienEtre\/?locale=fr_FR\" \/>\n<meta property=\"og:image\" content=\"http:\/\/cjsmjrl.cluster029.hosting.ovh.net\/wp-content\/uploads\/2023\/08\/image-7.jpeg\" \/>\n<meta name=\"twitter:card\" content=\"summary_large_image\" \/>\n<meta name=\"twitter:label1\" content=\"Dur\u00e9e de lecture estim\u00e9e\" \/>\n\t<meta name=\"twitter:data1\" content=\"1 minute\" \/>\n<script type=\"application\/ld+json\" class=\"yoast-schema-graph\">{\"@context\":\"https:\\\/\\\/schema.org\",\"@graph\":[{\"@type\":\"WebPage\",\"@id\":\"https:\\\/\\\/sourcesdubienetre-vesoul.com\\\/index.php\\\/les-professionnels\\\/mme-claude-cormy\\\/naturopathie-iridologie\\\/\",\"url\":\"https:\\\/\\\/sourcesdubienetre-vesoul.com\\\/index.php\\\/les-professionnels\\\/mme-claude-cormy\\\/naturopathie-iridologie\\\/\",\"name\":\"Naturopathie, iridologie - Les Sources du Bien-\u00catre\",\"isPartOf\":{\"@id\":\"https:\\\/\\\/sourcesdubienetre-vesoul.com\\\/#website\"},\"primaryImageOfPage\":{\"@id\":\"https:\\\/\\\/sourcesdubienetre-vesoul.com\\\/index.php\\\/les-professionnels\\\/mme-claude-cormy\\\/naturopathie-iridologie\\\/#primaryimage\"},\"image\":{\"@id\":\"https:\\\/\\\/sourcesdubienetre-vesoul.com\\\/index.php\\\/les-professionnels\\\/mme-claude-cormy\\\/naturopathie-iridologie\\\/#primaryimage\"},\"thumbnailUrl\":\"http:\\\/\\\/cjsmjrl.cluster029.hosting.ovh.net\\\/wp-content\\\/uploads\\\/2023\\\/08\\\/image-7.jpeg\",\"datePublished\":\"2023-08-14T08:17:07+00:00\",\"breadcrumb\":{\"@id\":\"https:\\\/\\\/sourcesdubienetre-vesoul.com\\\/index.php\\\/les-professionnels\\\/mme-claude-cormy\\\/naturopathie-iridologie\\\/#breadcrumb\"},\"inLanguage\":\"fr-FR\",\"potentialAction\":[{\"@type\":\"ReadAction\",\"target\":[\"https:\\\/\\\/sourcesdubienetre-vesoul.com\\\/index.php\\\/les-professionnels\\\/mme-claude-cormy\\\/naturopathie-iridologie\\\/\"]}]},{\"@type\":\"ImageObject\",\"inLanguage\":\"fr-FR\",\"@id\":\"https:\\\/\\\/sourcesdubienetre-vesoul.com\\\/index.php\\\/les-professionnels\\\/mme-claude-cormy\\\/naturopathie-iridologie\\\/#primaryimage\",\"url\":\"http:\\\/\\\/cjsmjrl.cluster029.hosting.ovh.net\\\/wp-content\\\/uploads\\\/2023\\\/08\\\/image-7.jpeg\",\"contentUrl\":\"http:\\\/\\\/cjsmjrl.cluster029.hosting.ovh.net\\\/wp-content\\\/uploads\\\/2023\\\/08\\\/image-7.jpeg\"},{\"@type\":\"BreadcrumbList\",\"@id\":\"https:\\\/\\\/sourcesdubienetre-vesoul.com\\\/index.php\\\/les-professionnels\\\/mme-claude-cormy\\\/naturopathie-iridologie\\\/#breadcrumb\",\"itemListElement\":[{\"@type\":\"ListItem\",\"position\":1,\"name\":\"Accueil\",\"item\":\"https:\\\/\\\/sourcesdubienetre-vesoul.com\\\/\"},{\"@type\":\"ListItem\",\"position\":2,\"name\":\"Les professionnels\",\"item\":\"https:\\\/\\\/sourcesdubienetre-vesoul.com\\\/index.php\\\/les-professionnels\\\/\"},{\"@type\":\"ListItem\",\"position\":3,\"name\":\"Mme Claude CORMY\",\"item\":\"https:\\\/\\\/sourcesdubienetre-vesoul.com\\\/index.php\\\/les-professionnels\\\/mme-claude-cormy\\\/\"},{\"@type\":\"ListItem\",\"position\":4,\"name\":\"Naturopathie, iridologie\"}]},{\"@type\":\"WebSite\",\"@id\":\"https:\\\/\\\/sourcesdubienetre-vesoul.com\\\/#website\",\"url\":\"https:\\\/\\\/sourcesdubienetre-vesoul.com\\\/\",\"name\":\"sourcesdubienetre-vesoul\",\"description\":\"Des professionnel du bien-\u00eatre \u00e0 votre service\",\"publisher\":{\"@id\":\"https:\\\/\\\/sourcesdubienetre-vesoul.com\\\/#organization\"},\"potentialAction\":[{\"@type\":\"SearchAction\",\"target\":{\"@type\":\"EntryPoint\",\"urlTemplate\":\"https:\\\/\\\/sourcesdubienetre-vesoul.com\\\/?s={search_term_string}\"},\"query-input\":{\"@type\":\"PropertyValueSpecification\",\"valueRequired\":true,\"valueName\":\"search_term_string\"}}],\"inLanguage\":\"fr-FR\"},{\"@type\":\"Organization\",\"@id\":\"https:\\\/\\\/sourcesdubienetre-vesoul.com\\\/#organization\",\"name\":\"Les Sources du Bien-\u00catre\",\"url\":\"https:\\\/\\\/sourcesdubienetre-vesoul.com\\\/\",\"logo\":{\"@type\":\"ImageObject\",\"inLanguage\":\"fr-FR\",\"@id\":\"https:\\\/\\\/sourcesdubienetre-vesoul.com\\\/#\\\/schema\\\/logo\\\/image\\\/\",\"url\":\"https:\\\/\\\/sourcesdubienetre-vesoul.com\\\/wp-content\\\/uploads\\\/2025\\\/07\\\/new_logo.jpg\",\"contentUrl\":\"https:\\\/\\\/sourcesdubienetre-vesoul.com\\\/wp-content\\\/uploads\\\/2025\\\/07\\\/new_logo.jpg\",\"width\":500,\"height\":500,\"caption\":\"Les Sources du Bien-\u00catre\"},\"image\":{\"@id\":\"https:\\\/\\\/sourcesdubienetre-vesoul.com\\\/#\\\/schema\\\/logo\\\/image\\\/\"},\"sameAs\":[\"https:\\\/\\\/www.facebook.com\\\/SourcesduBienEtre\\\/?locale=fr_FR\"]}]}<\/script>\n<!-- \/ Yoast SEO plugin. -->","yoast_head_json":{"title":"Naturopathie, iridologie - Les Sources du Bien-\u00catre","robots":{"index":"index","follow":"follow","max-snippet":"max-snippet:-1","max-image-preview":"max-image-preview:large","max-video-preview":"max-video-preview:-1"},"canonical":"https:\/\/sourcesdubienetre-vesoul.com\/index.php\/les-professionnels\/mme-claude-cormy\/naturopathie-iridologie\/","og_locale":"fr_FR","og_type":"article","og_title":"Naturopathie, iridologie - Les Sources du Bien-\u00catre","og_description":"Art de la sant\u00e9: observer, \u00e9couter, pr\u00e9venir. Pratique naturelle de sant\u00e9, recherchant l&rsquo;harmonie de l&rsquo;\u00eatre avec lui m\u00eame, son environnement, les autres. Le bilan iridologique a pour but de donner \u00e0 chacun un reflet de son capital sant\u00e9. Bilan \u00e9nerg\u00e9tique, \u00e9valuation de vos ressources, des indices de votre vitalit\u00e9 et de votre tox\u00e9mie par le [&hellip;]","og_url":"https:\/\/sourcesdubienetre-vesoul.com\/index.php\/les-professionnels\/mme-claude-cormy\/naturopathie-iridologie\/","og_site_name":"Les Sources du Bien-\u00catre","article_publisher":"https:\/\/www.facebook.com\/SourcesduBienEtre\/?locale=fr_FR","og_image":[{"url":"http:\/\/cjsmjrl.cluster029.hosting.ovh.net\/wp-content\/uploads\/2023\/08\/image-7.jpeg","type":"","width":"","height":""}],"twitter_card":"summary_large_image","twitter_misc":{"Dur\u00e9e de lecture estim\u00e9e":"1 minute"},"schema":{"@context":"https:\/\/schema.org","@graph":[{"@type":"WebPage","@id":"https:\/\/sourcesdubienetre-vesoul.com\/index.php\/les-professionnels\/mme-claude-cormy\/naturopathie-iridologie\/","url":"https:\/\/sourcesdubienetre-vesoul.com\/index.php\/les-professionnels\/mme-claude-cormy\/naturopathie-iridologie\/","name":"Naturopathie, iridologie - Les Sources du Bien-\u00catre","isPartOf":{"@id":"https:\/\/sourcesdubienetre-vesoul.com\/#website"},"primaryImageOfPage":{"@id":"https:\/\/sourcesdubienetre-vesoul.com\/index.php\/les-professionnels\/mme-claude-cormy\/naturopathie-iridologie\/#primaryimage"},"image":{"@id":"https:\/\/sourcesdubienetre-vesoul.com\/index.php\/les-professionnels\/mme-claude-cormy\/naturopathie-iridologie\/#primaryimage"},"thumbnailUrl":"http:\/\/cjsmjrl.cluster029.hosting.ovh.net\/wp-content\/uploads\/2023\/08\/image-7.jpeg","datePublished":"2023-08-14T08:17:07+00:00","breadcrumb":{"@id":"https:\/\/sourcesdubienetre-vesoul.com\/index.php\/les-professionnels\/mme-claude-cormy\/naturopathie-iridologie\/#breadcrumb"},"inLanguage":"fr-FR","potentialAction":[{"@type":"ReadAction","target":["https:\/\/sourcesdubienetre-vesoul.com\/index.php\/les-professionnels\/mme-claude-cormy\/naturopathie-iridologie\/"]}]},{"@type":"ImageObject","inLanguage":"fr-FR","@id":"https:\/\/sourcesdubienetre-vesoul.com\/index.php\/les-professionnels\/mme-claude-cormy\/naturopathie-iridologie\/#primaryimage","url":"http:\/\/cjsmjrl.cluster029.hosting.ovh.net\/wp-content\/uploads\/2023\/08\/image-7.jpeg","contentUrl":"http:\/\/cjsmjrl.cluster029.hosting.ovh.net\/wp-content\/uploads\/2023\/08\/image-7.jpeg"},{"@type":"BreadcrumbList","@id":"https:\/\/sourcesdubienetre-vesoul.com\/index.php\/les-professionnels\/mme-claude-cormy\/naturopathie-iridologie\/#breadcrumb","itemListElement":[{"@type":"ListItem","position":1,"name":"Accueil","item":"https:\/\/sourcesdubienetre-vesoul.com\/"},{"@type":"ListItem","position":2,"name":"Les professionnels","item":"https:\/\/sourcesdubienetre-vesoul.com\/index.php\/les-professionnels\/"},{"@type":"ListItem","position":3,"name":"Mme Claude CORMY","item":"https:\/\/sourcesdubienetre-vesoul.com\/index.php\/les-professionnels\/mme-claude-cormy\/"},{"@type":"ListItem","position":4,"name":"Naturopathie, iridologie"}]},{"@type":"WebSite","@id":"https:\/\/sourcesdubienetre-vesoul.com\/#website","url":"https:\/\/sourcesdubienetre-vesoul.com\/","name":"sourcesdubienetre-vesoul","description":"Des professionnel du bien-\u00eatre \u00e0 votre service","publisher":{"@id":"https:\/\/sourcesdubienetre-vesoul.com\/#organization"},"potentialAction":[{"@type":"SearchAction","target":{"@type":"EntryPoint","urlTemplate":"https:\/\/sourcesdubienetre-vesoul.com\/?s={search_term_string}"},"query-input":{"@type":"PropertyValueSpecification","valueRequired":true,"valueName":"search_term_string"}}],"inLanguage":"fr-FR"},{"@type":"Organization","@id":"https:\/\/sourcesdubienetre-vesoul.com\/#organization","name":"Les Sources du Bien-\u00catre","url":"https:\/\/sourcesdubienetre-vesoul.com\/","logo":{"@type":"ImageObject","inLanguage":"fr-FR","@id":"https:\/\/sourcesdubienetre-vesoul.com\/#\/schema\/logo\/image\/","url":"https:\/\/sourcesdubienetre-vesoul.com\/wp-content\/uploads\/2025\/07\/new_logo.jpg","contentUrl":"https:\/\/sourcesdubienetre-vesoul.com\/wp-content\/uploads\/2025\/07\/new_logo.jpg","width":500,"height":500,"caption":"Les Sources du Bien-\u00catre"},"image":{"@id":"https:\/\/sourcesdubienetre-vesoul.com\/#\/schema\/logo\/image\/"},"sameAs":["https:\/\/www.facebook.com\/SourcesduBienEtre\/?locale=fr_FR"]}]}},"_links":{"self":[{"href":"https:\/\/sourcesdubienetre-vesoul.com\/index.php\/wp-json\/wp\/v2\/pages\/197","targetHints":{"allow":["GET"]}}],"collection":[{"href":"https:\/\/sourcesdubienetre-vesoul.com\/index.php\/wp-json\/wp\/v2\/pages"}],"about":[{"href":"https:\/\/sourcesdubienetre-vesoul.com\/index.php\/wp-json\/wp\/v2\/types\/page"}],"author":[{"embeddable":true,"href":"https:\/\/sourcesdubienetre-vesoul.com\/index.php\/wp-json\/wp\/v2\/users\/3"}],"replies":[{"embeddable":true,"href":"https:\/\/sourcesdubienetre-vesoul.com\/index.php\/wp-json\/wp\/v2\/comments?post=197"}],"version-history":[{"count":1,"href":"https:\/\/sourcesdubienetre-vesoul.com\/index.php\/wp-json\/wp\/v2\/pages\/197\/revisions"}],"predecessor-version":[{"id":199,"href":"https:\/\/sourcesdubienetre-vesoul.com\/index.php\/wp-json\/wp\/v2\/pages\/197\/revisions\/199"}],"up":[{"embeddable":true,"href":"https:\/\/sourcesdubienetre-vesoul.com\/index.php\/wp-json\/wp\/v2\/pages\/100"}],"wp:attachment":[{"href":"https:\/\/sourcesdubienetre-vesoul.com\/index.php\/wp-json\/wp\/v2\/media?parent=197"}],"curies":[{"name":"wp","href":"https:\/\/api.w.org\/{rel}","templated":true}]}}