{"id":234,"date":"2023-08-14T16:34:56","date_gmt":"2023-08-14T14:34:56","guid":{"rendered":"http:\/\/cjsmjrl.cluster029.hosting.ovh.net\/?page_id=234"},"modified":"2024-04-10T14:10:35","modified_gmt":"2024-04-10T12:10:35","slug":"qui-suis-je","status":"publish","type":"page","link":"https:\/\/sourcesdubienetre-vesoul.com\/index.php\/les-professionnels\/jean-baptiste-faivre\/qui-suis-je\/","title":{"rendered":"Qui suis-je?"},"content":{"rendered":"\n<figure class=\"wp-block-image size-large\"><img loading=\"lazy\" decoding=\"async\" width=\"1329\" height=\"748\" src=\"http:\/\/cjsmjrl.cluster029.hosting.ovh.net\/wp-content\/uploads\/2023\/08\/moi-edited.jpg\" alt=\"Jean-Baptiste Faivre\" class=\"wp-image-235\" srcset=\"https:\/\/sourcesdubienetre-vesoul.com\/wp-content\/uploads\/2023\/08\/moi-edited.jpg 1329w, https:\/\/sourcesdubienetre-vesoul.com\/wp-content\/uploads\/2023\/08\/moi-edited-300x169.jpg 300w, https:\/\/sourcesdubienetre-vesoul.com\/wp-content\/uploads\/2023\/08\/moi-edited-1024x576.jpg 1024w, https:\/\/sourcesdubienetre-vesoul.com\/wp-content\/uploads\/2023\/08\/moi-edited-768x432.jpg 768w\" sizes=\"auto, (max-width: 1329px) 100vw, 1329px\" \/><figcaption class=\"wp-element-caption\">Jean-Baptiste Faivre\nPraticien en Ortho-Bionomy\u00ae, Praticien en Maieusth\u00e9sie<\/figcaption><\/figure>\n\n\n\n<p><strong>Intuitif et curieux<\/strong> de naissance j\u2019ai toujours \u00e9t\u00e9 int\u00e9ress\u00e9 par le \u00ab&nbsp;comment \u00e7a marche&nbsp;\u00bb de tout ce qui m\u2019entourait. Enfant <strong>hypersensible<\/strong>, ayant connu un d\u00e9but de vie tumultueux, je me suis souvent senti diff\u00e9rent, \u00e0 part, et j\u2019ai grandi en essayant de m\u2019adapter au monde dans lequel j\u2019\u00e9voluais.<\/p>\n\n\n\n<p>En 2011, suite \u00e0 une crise de remise en question, je fais le choix de me faire accompagner en th\u00e9rapie. Beaucoup de mes conditionnements et de mes croyances se d\u00e9construisent au fur et \u00e0 mesure de mon cheminement. Je me sens alors plus connect\u00e9 \u00e0 qui je suis, plus libre et ma mission de vie devient de plus en plus urgente \u00e0 accomplir : accompagner dans la douceur et le respect les personnes que je rencontre vers l\u2019\u00e9panouissement de leur \u00catre. Je me suis mis alors en qu\u00eate d&rsquo;approches et d\u2019outils qui correspondraient \u00e0 mes aspirations.<\/p>\n\n\n\n<p>C\u2019est ainsi qu\u2019en 2013 je croise la route de l\u2019<strong><a href=\"https:\/\/sourcesdubienetre-vesoul.com\/index.php\/les-professionnels\/jean-baptiste-faivre\/quest-ce-que-lortho-bionomy\/\" data-type=\"page\" data-id=\"237\">Ortho-Bionomy\u00ae<\/a><\/strong> et cette approche a \u00e9t\u00e9 une v\u00e9ritable r\u00e9v\u00e9lation pour moi!<\/p>\n\n\n\n<p>Enfin, dans la m\u00eame lign\u00e9e en 2018 je d\u00e9couvre et commence \u00e0 pratiquer la <strong><a href=\"https:\/\/sourcesdubienetre-vesoul.com\/index.php\/les-professionnels\/jean-baptiste-faivre\/maieusthesie\/\" data-type=\"page\" data-id=\"239\">Maieusth\u00e9sie\u00ae<\/a><\/strong>.<\/p>\n\n\n\n<p><a href=\"https:\/\/sourcesdubienetre-vesoul.com\/index.php\/les-professionnels\/jean-baptiste-faivre\/agenda\/\">Prendre rendez-vous en ligne.<\/a><\/p>\n","protected":false},"excerpt":{"rendered":"<p>Intuitif et curieux de naissance j\u2019ai toujours \u00e9t\u00e9 int\u00e9ress\u00e9 par le \u00ab&nbsp;comment \u00e7a marche&nbsp;\u00bb de tout ce qui m\u2019entourait. Enfant hypersensible, ayant connu un d\u00e9but de vie tumultueux, je me suis souvent senti diff\u00e9rent, \u00e0 part, et j\u2019ai grandi en essayant de m\u2019adapter au monde dans lequel j\u2019\u00e9voluais. En 2011, suite \u00e0 une crise de [&hellip;]<\/p>\n","protected":false},"author":3,"featured_media":0,"parent":105,"menu_order":1,"comment_status":"closed","ping_status":"closed","template":"","meta":{"site-sidebar-layout":"default","site-content-layout":"","ast-site-content-layout":"","site-content-style":"default","site-sidebar-style":"default","ast-global-header-display":"","ast-banner-title-visibility":"","ast-main-header-display":"","ast-hfb-above-header-display":"","ast-hfb-below-header-display":"","ast-hfb-mobile-header-display":"","site-post-title":"","ast-breadcrumbs-content":"","ast-featured-img":"","footer-sml-layout":"","theme-transparent-header-meta":"","adv-header-id-meta":"","stick-header-meta":"","header-above-stick-meta":"","header-main-stick-meta":"","header-below-stick-meta":"","astra-migrate-meta-layouts":"default","ast-page-background-enabled":"default","ast-page-background-meta":{"desktop":{"background-color":"var(--ast-global-color-4)","background-image":"","background-repeat":"repeat","background-position":"center center","background-size":"auto","background-attachment":"scroll","background-type":"","background-media":"","overlay-type":"","overlay-color":"","overlay-opacity":"","overlay-gradient":""},"tablet":{"background-color":"","background-image":"","background-repeat":"repeat","background-position":"center center","background-size":"auto","background-attachment":"scroll","background-type":"","background-media":"","overlay-type":"","overlay-color":"","overlay-opacity":"","overlay-gradient":""},"mobile":{"background-color":"","background-image":"","background-repeat":"repeat","background-position":"center center","background-size":"auto","background-attachment":"scroll","background-type":"","background-media":"","overlay-type":"","overlay-color":"","overlay-opacity":"","overlay-gradient":""}},"ast-content-background-meta":{"desktop":{"background-color":"var(--ast-global-color-5)","background-image":"","background-repeat":"repeat","background-position":"center center","background-size":"auto","background-attachment":"scroll","background-type":"","background-media":"","overlay-type":"","overlay-color":"","overlay-opacity":"","overlay-gradient":""},"tablet":{"background-color":"var(--ast-global-color-5)","background-image":"","background-repeat":"repeat","background-position":"center center","background-size":"auto","background-attachment":"scroll","background-type":"","background-media":"","overlay-type":"","overlay-color":"","overlay-opacity":"","overlay-gradient":""},"mobile":{"background-color":"var(--ast-global-color-5)","background-image":"","background-repeat":"repeat","background-position":"center center","background-size":"auto","background-attachment":"scroll","background-type":"","background-media":"","overlay-type":"","overlay-color":"","overlay-opacity":"","overlay-gradient":""}},"footnotes":""},"class_list":["post-234","page","type-page","status-publish","hentry"],"yoast_head":"<!-- This site is optimized with the Yoast SEO plugin v27.5 - https:\/\/yoast.com\/product\/yoast-seo-wordpress\/ -->\n<title>Qui suis-je? - Les Sources du Bien-\u00catre<\/title>\n<meta name=\"robots\" content=\"index, follow, max-snippet:-1, max-image-preview:large, max-video-preview:-1\" \/>\n<link rel=\"canonical\" href=\"https:\/\/sourcesdubienetre-vesoul.com\/index.php\/les-professionnels\/jean-baptiste-faivre\/qui-suis-je\/\" \/>\n<meta property=\"og:locale\" content=\"fr_FR\" \/>\n<meta property=\"og:type\" content=\"article\" \/>\n<meta property=\"og:title\" content=\"Qui suis-je? - Les Sources du Bien-\u00catre\" \/>\n<meta property=\"og:description\" content=\"Intuitif et curieux de naissance j\u2019ai toujours \u00e9t\u00e9 int\u00e9ress\u00e9 par le \u00ab&nbsp;comment \u00e7a marche&nbsp;\u00bb de tout ce qui m\u2019entourait. Enfant hypersensible, ayant connu un d\u00e9but de vie tumultueux, je me suis souvent senti diff\u00e9rent, \u00e0 part, et j\u2019ai grandi en essayant de m\u2019adapter au monde dans lequel j\u2019\u00e9voluais. En 2011, suite \u00e0 une crise de [&hellip;]\" \/>\n<meta property=\"og:url\" content=\"https:\/\/sourcesdubienetre-vesoul.com\/index.php\/les-professionnels\/jean-baptiste-faivre\/qui-suis-je\/\" \/>\n<meta property=\"og:site_name\" content=\"Les Sources du Bien-\u00catre\" \/>\n<meta property=\"article:publisher\" content=\"https:\/\/www.facebook.com\/SourcesduBienEtre\/?locale=fr_FR\" \/>\n<meta property=\"article:modified_time\" content=\"2024-04-10T12:10:35+00:00\" \/>\n<meta property=\"og:image\" content=\"http:\/\/cjsmjrl.cluster029.hosting.ovh.net\/wp-content\/uploads\/2023\/08\/moi-edited.jpg\" \/>\n<meta name=\"twitter:card\" content=\"summary_large_image\" \/>\n<meta name=\"twitter:label1\" content=\"Dur\u00e9e de lecture estim\u00e9e\" \/>\n\t<meta name=\"twitter:data1\" content=\"2 minutes\" \/>\n<script type=\"application\/ld+json\" class=\"yoast-schema-graph\">{\"@context\":\"https:\\\/\\\/schema.org\",\"@graph\":[{\"@type\":\"WebPage\",\"@id\":\"https:\\\/\\\/sourcesdubienetre-vesoul.com\\\/index.php\\\/les-professionnels\\\/jean-baptiste-faivre\\\/qui-suis-je\\\/\",\"url\":\"https:\\\/\\\/sourcesdubienetre-vesoul.com\\\/index.php\\\/les-professionnels\\\/jean-baptiste-faivre\\\/qui-suis-je\\\/\",\"name\":\"Qui suis-je? - Les Sources du Bien-\u00catre\",\"isPartOf\":{\"@id\":\"https:\\\/\\\/sourcesdubienetre-vesoul.com\\\/#website\"},\"primaryImageOfPage\":{\"@id\":\"https:\\\/\\\/sourcesdubienetre-vesoul.com\\\/index.php\\\/les-professionnels\\\/jean-baptiste-faivre\\\/qui-suis-je\\\/#primaryimage\"},\"image\":{\"@id\":\"https:\\\/\\\/sourcesdubienetre-vesoul.com\\\/index.php\\\/les-professionnels\\\/jean-baptiste-faivre\\\/qui-suis-je\\\/#primaryimage\"},\"thumbnailUrl\":\"http:\\\/\\\/cjsmjrl.cluster029.hosting.ovh.net\\\/wp-content\\\/uploads\\\/2023\\\/08\\\/moi-edited.jpg\",\"datePublished\":\"2023-08-14T14:34:56+00:00\",\"dateModified\":\"2024-04-10T12:10:35+00:00\",\"breadcrumb\":{\"@id\":\"https:\\\/\\\/sourcesdubienetre-vesoul.com\\\/index.php\\\/les-professionnels\\\/jean-baptiste-faivre\\\/qui-suis-je\\\/#breadcrumb\"},\"inLanguage\":\"fr-FR\",\"potentialAction\":[{\"@type\":\"ReadAction\",\"target\":[\"https:\\\/\\\/sourcesdubienetre-vesoul.com\\\/index.php\\\/les-professionnels\\\/jean-baptiste-faivre\\\/qui-suis-je\\\/\"]}]},{\"@type\":\"ImageObject\",\"inLanguage\":\"fr-FR\",\"@id\":\"https:\\\/\\\/sourcesdubienetre-vesoul.com\\\/index.php\\\/les-professionnels\\\/jean-baptiste-faivre\\\/qui-suis-je\\\/#primaryimage\",\"url\":\"http:\\\/\\\/cjsmjrl.cluster029.hosting.ovh.net\\\/wp-content\\\/uploads\\\/2023\\\/08\\\/moi-edited.jpg\",\"contentUrl\":\"http:\\\/\\\/cjsmjrl.cluster029.hosting.ovh.net\\\/wp-content\\\/uploads\\\/2023\\\/08\\\/moi-edited.jpg\"},{\"@type\":\"BreadcrumbList\",\"@id\":\"https:\\\/\\\/sourcesdubienetre-vesoul.com\\\/index.php\\\/les-professionnels\\\/jean-baptiste-faivre\\\/qui-suis-je\\\/#breadcrumb\",\"itemListElement\":[{\"@type\":\"ListItem\",\"position\":1,\"name\":\"Accueil\",\"item\":\"https:\\\/\\\/sourcesdubienetre-vesoul.com\\\/\"},{\"@type\":\"ListItem\",\"position\":2,\"name\":\"Les professionnels\",\"item\":\"https:\\\/\\\/sourcesdubienetre-vesoul.com\\\/index.php\\\/les-professionnels\\\/\"},{\"@type\":\"ListItem\",\"position\":3,\"name\":\"Jean-Baptiste FAIVRE\",\"item\":\"https:\\\/\\\/sourcesdubienetre-vesoul.com\\\/index.php\\\/les-professionnels\\\/jean-baptiste-faivre\\\/\"},{\"@type\":\"ListItem\",\"position\":4,\"name\":\"Qui suis-je?\"}]},{\"@type\":\"WebSite\",\"@id\":\"https:\\\/\\\/sourcesdubienetre-vesoul.com\\\/#website\",\"url\":\"https:\\\/\\\/sourcesdubienetre-vesoul.com\\\/\",\"name\":\"sourcesdubienetre-vesoul\",\"description\":\"Des professionnel du bien-\u00eatre \u00e0 votre service\",\"publisher\":{\"@id\":\"https:\\\/\\\/sourcesdubienetre-vesoul.com\\\/#organization\"},\"potentialAction\":[{\"@type\":\"SearchAction\",\"target\":{\"@type\":\"EntryPoint\",\"urlTemplate\":\"https:\\\/\\\/sourcesdubienetre-vesoul.com\\\/?s={search_term_string}\"},\"query-input\":{\"@type\":\"PropertyValueSpecification\",\"valueRequired\":true,\"valueName\":\"search_term_string\"}}],\"inLanguage\":\"fr-FR\"},{\"@type\":\"Organization\",\"@id\":\"https:\\\/\\\/sourcesdubienetre-vesoul.com\\\/#organization\",\"name\":\"Les Sources du Bien-\u00catre\",\"url\":\"https:\\\/\\\/sourcesdubienetre-vesoul.com\\\/\",\"logo\":{\"@type\":\"ImageObject\",\"inLanguage\":\"fr-FR\",\"@id\":\"https:\\\/\\\/sourcesdubienetre-vesoul.com\\\/#\\\/schema\\\/logo\\\/image\\\/\",\"url\":\"https:\\\/\\\/sourcesdubienetre-vesoul.com\\\/wp-content\\\/uploads\\\/2025\\\/07\\\/new_logo.jpg\",\"contentUrl\":\"https:\\\/\\\/sourcesdubienetre-vesoul.com\\\/wp-content\\\/uploads\\\/2025\\\/07\\\/new_logo.jpg\",\"width\":500,\"height\":500,\"caption\":\"Les Sources du Bien-\u00catre\"},\"image\":{\"@id\":\"https:\\\/\\\/sourcesdubienetre-vesoul.com\\\/#\\\/schema\\\/logo\\\/image\\\/\"},\"sameAs\":[\"https:\\\/\\\/www.facebook.com\\\/SourcesduBienEtre\\\/?locale=fr_FR\"]}]}<\/script>\n<!-- \/ Yoast SEO plugin. -->","yoast_head_json":{"title":"Qui suis-je? - Les Sources du Bien-\u00catre","robots":{"index":"index","follow":"follow","max-snippet":"max-snippet:-1","max-image-preview":"max-image-preview:large","max-video-preview":"max-video-preview:-1"},"canonical":"https:\/\/sourcesdubienetre-vesoul.com\/index.php\/les-professionnels\/jean-baptiste-faivre\/qui-suis-je\/","og_locale":"fr_FR","og_type":"article","og_title":"Qui suis-je? - Les Sources du Bien-\u00catre","og_description":"Intuitif et curieux de naissance j\u2019ai toujours \u00e9t\u00e9 int\u00e9ress\u00e9 par le \u00ab&nbsp;comment \u00e7a marche&nbsp;\u00bb de tout ce qui m\u2019entourait. Enfant hypersensible, ayant connu un d\u00e9but de vie tumultueux, je me suis souvent senti diff\u00e9rent, \u00e0 part, et j\u2019ai grandi en essayant de m\u2019adapter au monde dans lequel j\u2019\u00e9voluais. En 2011, suite \u00e0 une crise de [&hellip;]","og_url":"https:\/\/sourcesdubienetre-vesoul.com\/index.php\/les-professionnels\/jean-baptiste-faivre\/qui-suis-je\/","og_site_name":"Les Sources du Bien-\u00catre","article_publisher":"https:\/\/www.facebook.com\/SourcesduBienEtre\/?locale=fr_FR","article_modified_time":"2024-04-10T12:10:35+00:00","og_image":[{"url":"http:\/\/cjsmjrl.cluster029.hosting.ovh.net\/wp-content\/uploads\/2023\/08\/moi-edited.jpg","type":"","width":"","height":""}],"twitter_card":"summary_large_image","twitter_misc":{"Dur\u00e9e de lecture estim\u00e9e":"2 minutes"},"schema":{"@context":"https:\/\/schema.org","@graph":[{"@type":"WebPage","@id":"https:\/\/sourcesdubienetre-vesoul.com\/index.php\/les-professionnels\/jean-baptiste-faivre\/qui-suis-je\/","url":"https:\/\/sourcesdubienetre-vesoul.com\/index.php\/les-professionnels\/jean-baptiste-faivre\/qui-suis-je\/","name":"Qui suis-je? - Les Sources du Bien-\u00catre","isPartOf":{"@id":"https:\/\/sourcesdubienetre-vesoul.com\/#website"},"primaryImageOfPage":{"@id":"https:\/\/sourcesdubienetre-vesoul.com\/index.php\/les-professionnels\/jean-baptiste-faivre\/qui-suis-je\/#primaryimage"},"image":{"@id":"https:\/\/sourcesdubienetre-vesoul.com\/index.php\/les-professionnels\/jean-baptiste-faivre\/qui-suis-je\/#primaryimage"},"thumbnailUrl":"http:\/\/cjsmjrl.cluster029.hosting.ovh.net\/wp-content\/uploads\/2023\/08\/moi-edited.jpg","datePublished":"2023-08-14T14:34:56+00:00","dateModified":"2024-04-10T12:10:35+00:00","breadcrumb":{"@id":"https:\/\/sourcesdubienetre-vesoul.com\/index.php\/les-professionnels\/jean-baptiste-faivre\/qui-suis-je\/#breadcrumb"},"inLanguage":"fr-FR","potentialAction":[{"@type":"ReadAction","target":["https:\/\/sourcesdubienetre-vesoul.com\/index.php\/les-professionnels\/jean-baptiste-faivre\/qui-suis-je\/"]}]},{"@type":"ImageObject","inLanguage":"fr-FR","@id":"https:\/\/sourcesdubienetre-vesoul.com\/index.php\/les-professionnels\/jean-baptiste-faivre\/qui-suis-je\/#primaryimage","url":"http:\/\/cjsmjrl.cluster029.hosting.ovh.net\/wp-content\/uploads\/2023\/08\/moi-edited.jpg","contentUrl":"http:\/\/cjsmjrl.cluster029.hosting.ovh.net\/wp-content\/uploads\/2023\/08\/moi-edited.jpg"},{"@type":"BreadcrumbList","@id":"https:\/\/sourcesdubienetre-vesoul.com\/index.php\/les-professionnels\/jean-baptiste-faivre\/qui-suis-je\/#breadcrumb","itemListElement":[{"@type":"ListItem","position":1,"name":"Accueil","item":"https:\/\/sourcesdubienetre-vesoul.com\/"},{"@type":"ListItem","position":2,"name":"Les professionnels","item":"https:\/\/sourcesdubienetre-vesoul.com\/index.php\/les-professionnels\/"},{"@type":"ListItem","position":3,"name":"Jean-Baptiste FAIVRE","item":"https:\/\/sourcesdubienetre-vesoul.com\/index.php\/les-professionnels\/jean-baptiste-faivre\/"},{"@type":"ListItem","position":4,"name":"Qui suis-je?"}]},{"@type":"WebSite","@id":"https:\/\/sourcesdubienetre-vesoul.com\/#website","url":"https:\/\/sourcesdubienetre-vesoul.com\/","name":"sourcesdubienetre-vesoul","description":"Des professionnel du bien-\u00eatre \u00e0 votre service","publisher":{"@id":"https:\/\/sourcesdubienetre-vesoul.com\/#organization"},"potentialAction":[{"@type":"SearchAction","target":{"@type":"EntryPoint","urlTemplate":"https:\/\/sourcesdubienetre-vesoul.com\/?s={search_term_string}"},"query-input":{"@type":"PropertyValueSpecification","valueRequired":true,"valueName":"search_term_string"}}],"inLanguage":"fr-FR"},{"@type":"Organization","@id":"https:\/\/sourcesdubienetre-vesoul.com\/#organization","name":"Les Sources du Bien-\u00catre","url":"https:\/\/sourcesdubienetre-vesoul.com\/","logo":{"@type":"ImageObject","inLanguage":"fr-FR","@id":"https:\/\/sourcesdubienetre-vesoul.com\/#\/schema\/logo\/image\/","url":"https:\/\/sourcesdubienetre-vesoul.com\/wp-content\/uploads\/2025\/07\/new_logo.jpg","contentUrl":"https:\/\/sourcesdubienetre-vesoul.com\/wp-content\/uploads\/2025\/07\/new_logo.jpg","width":500,"height":500,"caption":"Les Sources du Bien-\u00catre"},"image":{"@id":"https:\/\/sourcesdubienetre-vesoul.com\/#\/schema\/logo\/image\/"},"sameAs":["https:\/\/www.facebook.com\/SourcesduBienEtre\/?locale=fr_FR"]}]}},"_links":{"self":[{"href":"https:\/\/sourcesdubienetre-vesoul.com\/index.php\/wp-json\/wp\/v2\/pages\/234","targetHints":{"allow":["GET"]}}],"collection":[{"href":"https:\/\/sourcesdubienetre-vesoul.com\/index.php\/wp-json\/wp\/v2\/pages"}],"about":[{"href":"https:\/\/sourcesdubienetre-vesoul.com\/index.php\/wp-json\/wp\/v2\/types\/page"}],"author":[{"embeddable":true,"href":"https:\/\/sourcesdubienetre-vesoul.com\/index.php\/wp-json\/wp\/v2\/users\/3"}],"replies":[{"embeddable":true,"href":"https:\/\/sourcesdubienetre-vesoul.com\/index.php\/wp-json\/wp\/v2\/comments?post=234"}],"version-history":[{"count":7,"href":"https:\/\/sourcesdubienetre-vesoul.com\/index.php\/wp-json\/wp\/v2\/pages\/234\/revisions"}],"predecessor-version":[{"id":875,"href":"https:\/\/sourcesdubienetre-vesoul.com\/index.php\/wp-json\/wp\/v2\/pages\/234\/revisions\/875"}],"up":[{"embeddable":true,"href":"https:\/\/sourcesdubienetre-vesoul.com\/index.php\/wp-json\/wp\/v2\/pages\/105"}],"wp:attachment":[{"href":"https:\/\/sourcesdubienetre-vesoul.com\/index.php\/wp-json\/wp\/v2\/media?parent=234"}],"curies":[{"name":"wp","href":"https:\/\/api.w.org\/{rel}","templated":true}]}}