{"id":239,"date":"2023-08-14T16:41:21","date_gmt":"2023-08-14T14:41:21","guid":{"rendered":"http:\/\/cjsmjrl.cluster029.hosting.ovh.net\/?page_id=239"},"modified":"2023-11-21T15:43:55","modified_gmt":"2023-11-21T14:43:55","slug":"maieusthesie","status":"publish","type":"page","link":"https:\/\/sourcesdubienetre-vesoul.com\/index.php\/les-professionnels\/jean-baptiste-faivre\/maieusthesie\/","title":{"rendered":"Maieusth\u00e9sie"},"content":{"rendered":"\n<figure class=\"wp-block-image size-full\"><img loading=\"lazy\" decoding=\"async\" width=\"564\" height=\"564\" src=\"http:\/\/cjsmjrl.cluster029.hosting.ovh.net\/wp-content\/uploads\/2023\/06\/c3371fba4881af5ffa1bff29438b097b.jpg\" alt=\"\" class=\"wp-image-78\" srcset=\"https:\/\/sourcesdubienetre-vesoul.com\/wp-content\/uploads\/2023\/06\/c3371fba4881af5ffa1bff29438b097b.jpg 564w, https:\/\/sourcesdubienetre-vesoul.com\/wp-content\/uploads\/2023\/06\/c3371fba4881af5ffa1bff29438b097b-300x300.jpg 300w, https:\/\/sourcesdubienetre-vesoul.com\/wp-content\/uploads\/2023\/06\/c3371fba4881af5ffa1bff29438b097b-150x150.jpg 150w\" sizes=\"auto, (max-width: 564px) 100vw, 564px\" \/><\/figure>\n\n\n\n<p>La Ma\u00efeusth\u00e9sie est un accompagnement th\u00e9rapeutique bas\u00e9 sur l\u2019accueil et la reconnaissance de l\u2019\u00eatre dans son v\u00e9cu, au travers de la rencontre puis de la r\u00e9int\u00e9gration de parts de Soi en attente de r\u00e9habilitation.<\/p>\n\n\n\n<p>Le terme Ma\u00efeusth\u00e9sie vient de l\u2019association des mots maieutik\u00ea (origine grecque) : \u00ab art d\u2019accoucher de quelqu\u2019un \u00bb et aisthanesthai (origine indoeurop\u00e9enne qui a donn\u00e9 \u00e9galement le mot anesth\u00e9sie) : \u00ab sensibilit\u00e9, art de percevoir \u00bb. On peut donc le traduire par \u00ab l\u2019art d\u2019\u00eatre sensible au processus d\u2019accouchement, de naissance du Soi \u00bb.<\/p>\n\n\n\n<p>Il m&rsquo;arrive r\u00e9guli\u00e8rement, pendant un accompagnement en Ortho-Bionomy, d&rsquo;utiliser la Ma\u00efeusth\u00e9sie afin d&rsquo;aider \u00e0 mettre en lumi\u00e8re la probl\u00e9matique qui se pr\u00e9sente \u00e0 un moment dans la s\u00e9ance. Toutefois, si vous d\u00e9sirez un accompagnement uniquement en Maieusth\u00e9sie, contactez moi afin d&rsquo;en discuter et de convenir ensemble d&rsquo;un rendez-vous.<\/p>\n","protected":false},"excerpt":{"rendered":"<p>La Ma\u00efeusth\u00e9sie est un accompagnement th\u00e9rapeutique bas\u00e9 sur l\u2019accueil et la reconnaissance de l\u2019\u00eatre dans son v\u00e9cu, au travers de la rencontre puis de la r\u00e9int\u00e9gration de parts de Soi en attente de r\u00e9habilitation. Le terme Ma\u00efeusth\u00e9sie vient de l\u2019association des mots maieutik\u00ea (origine grecque) : \u00ab art d\u2019accoucher de quelqu\u2019un \u00bb et aisthanesthai (origine [&hellip;]<\/p>\n","protected":false},"author":3,"featured_media":0,"parent":105,"menu_order":3,"comment_status":"closed","ping_status":"closed","template":"","meta":{"site-sidebar-layout":"default","site-content-layout":"","ast-site-content-layout":"","site-content-style":"default","site-sidebar-style":"default","ast-global-header-display":"","ast-banner-title-visibility":"","ast-main-header-display":"","ast-hfb-above-header-display":"","ast-hfb-below-header-display":"","ast-hfb-mobile-header-display":"","site-post-title":"","ast-breadcrumbs-content":"","ast-featured-img":"","footer-sml-layout":"","theme-transparent-header-meta":"","adv-header-id-meta":"","stick-header-meta":"","header-above-stick-meta":"","header-main-stick-meta":"","header-below-stick-meta":"","astra-migrate-meta-layouts":"default","ast-page-background-enabled":"default","ast-page-background-meta":{"desktop":{"background-color":"var(--ast-global-color-4)","background-image":"","background-repeat":"repeat","background-position":"center center","background-size":"auto","background-attachment":"scroll","background-type":"","background-media":"","overlay-type":"","overlay-color":"","overlay-opacity":"","overlay-gradient":""},"tablet":{"background-color":"","background-image":"","background-repeat":"repeat","background-position":"center center","background-size":"auto","background-attachment":"scroll","background-type":"","background-media":"","overlay-type":"","overlay-color":"","overlay-opacity":"","overlay-gradient":""},"mobile":{"background-color":"","background-image":"","background-repeat":"repeat","background-position":"center center","background-size":"auto","background-attachment":"scroll","background-type":"","background-media":"","overlay-type":"","overlay-color":"","overlay-opacity":"","overlay-gradient":""}},"ast-content-background-meta":{"desktop":{"background-color":"var(--ast-global-color-5)","background-image":"","background-repeat":"repeat","background-position":"center center","background-size":"auto","background-attachment":"scroll","background-type":"","background-media":"","overlay-type":"","overlay-color":"","overlay-opacity":"","overlay-gradient":""},"tablet":{"background-color":"var(--ast-global-color-5)","background-image":"","background-repeat":"repeat","background-position":"center center","background-size":"auto","background-attachment":"scroll","background-type":"","background-media":"","overlay-type":"","overlay-color":"","overlay-opacity":"","overlay-gradient":""},"mobile":{"background-color":"var(--ast-global-color-5)","background-image":"","background-repeat":"repeat","background-position":"center center","background-size":"auto","background-attachment":"scroll","background-type":"","background-media":"","overlay-type":"","overlay-color":"","overlay-opacity":"","overlay-gradient":""}},"footnotes":""},"class_list":["post-239","page","type-page","status-publish","hentry"],"yoast_head":"<!-- This site is optimized with the Yoast SEO plugin v27.4 - https:\/\/yoast.com\/product\/yoast-seo-wordpress\/ -->\n<title>Maieusth\u00e9sie - Les Sources du Bien-\u00catre<\/title>\n<meta name=\"robots\" content=\"index, follow, max-snippet:-1, max-image-preview:large, max-video-preview:-1\" \/>\n<link rel=\"canonical\" href=\"https:\/\/sourcesdubienetre-vesoul.com\/index.php\/les-professionnels\/jean-baptiste-faivre\/maieusthesie\/\" \/>\n<meta property=\"og:locale\" content=\"fr_FR\" \/>\n<meta property=\"og:type\" content=\"article\" \/>\n<meta property=\"og:title\" content=\"Maieusth\u00e9sie - Les Sources du Bien-\u00catre\" \/>\n<meta property=\"og:description\" content=\"La Ma\u00efeusth\u00e9sie est un accompagnement th\u00e9rapeutique bas\u00e9 sur l\u2019accueil et la reconnaissance de l\u2019\u00eatre dans son v\u00e9cu, au travers de la rencontre puis de la r\u00e9int\u00e9gration de parts de Soi en attente de r\u00e9habilitation. Le terme Ma\u00efeusth\u00e9sie vient de l\u2019association des mots maieutik\u00ea (origine grecque) : \u00ab art d\u2019accoucher de quelqu\u2019un \u00bb et aisthanesthai (origine [&hellip;]\" \/>\n<meta property=\"og:url\" content=\"https:\/\/sourcesdubienetre-vesoul.com\/index.php\/les-professionnels\/jean-baptiste-faivre\/maieusthesie\/\" \/>\n<meta property=\"og:site_name\" content=\"Les Sources du Bien-\u00catre\" \/>\n<meta property=\"article:publisher\" content=\"https:\/\/www.facebook.com\/SourcesduBienEtre\/?locale=fr_FR\" \/>\n<meta property=\"article:modified_time\" content=\"2023-11-21T14:43:55+00:00\" \/>\n<meta property=\"og:image\" content=\"http:\/\/cjsmjrl.cluster029.hosting.ovh.net\/wp-content\/uploads\/2023\/06\/c3371fba4881af5ffa1bff29438b097b.jpg\" \/>\n<meta name=\"twitter:card\" content=\"summary_large_image\" \/>\n<meta name=\"twitter:label1\" content=\"Dur\u00e9e de lecture estim\u00e9e\" \/>\n\t<meta name=\"twitter:data1\" content=\"1 minute\" \/>\n<script type=\"application\/ld+json\" class=\"yoast-schema-graph\">{\"@context\":\"https:\\\/\\\/schema.org\",\"@graph\":[{\"@type\":\"WebPage\",\"@id\":\"https:\\\/\\\/sourcesdubienetre-vesoul.com\\\/index.php\\\/les-professionnels\\\/jean-baptiste-faivre\\\/maieusthesie\\\/\",\"url\":\"https:\\\/\\\/sourcesdubienetre-vesoul.com\\\/index.php\\\/les-professionnels\\\/jean-baptiste-faivre\\\/maieusthesie\\\/\",\"name\":\"Maieusth\u00e9sie - Les Sources du Bien-\u00catre\",\"isPartOf\":{\"@id\":\"https:\\\/\\\/sourcesdubienetre-vesoul.com\\\/#website\"},\"primaryImageOfPage\":{\"@id\":\"https:\\\/\\\/sourcesdubienetre-vesoul.com\\\/index.php\\\/les-professionnels\\\/jean-baptiste-faivre\\\/maieusthesie\\\/#primaryimage\"},\"image\":{\"@id\":\"https:\\\/\\\/sourcesdubienetre-vesoul.com\\\/index.php\\\/les-professionnels\\\/jean-baptiste-faivre\\\/maieusthesie\\\/#primaryimage\"},\"thumbnailUrl\":\"http:\\\/\\\/cjsmjrl.cluster029.hosting.ovh.net\\\/wp-content\\\/uploads\\\/2023\\\/06\\\/c3371fba4881af5ffa1bff29438b097b.jpg\",\"datePublished\":\"2023-08-14T14:41:21+00:00\",\"dateModified\":\"2023-11-21T14:43:55+00:00\",\"breadcrumb\":{\"@id\":\"https:\\\/\\\/sourcesdubienetre-vesoul.com\\\/index.php\\\/les-professionnels\\\/jean-baptiste-faivre\\\/maieusthesie\\\/#breadcrumb\"},\"inLanguage\":\"fr-FR\",\"potentialAction\":[{\"@type\":\"ReadAction\",\"target\":[\"https:\\\/\\\/sourcesdubienetre-vesoul.com\\\/index.php\\\/les-professionnels\\\/jean-baptiste-faivre\\\/maieusthesie\\\/\"]}]},{\"@type\":\"ImageObject\",\"inLanguage\":\"fr-FR\",\"@id\":\"https:\\\/\\\/sourcesdubienetre-vesoul.com\\\/index.php\\\/les-professionnels\\\/jean-baptiste-faivre\\\/maieusthesie\\\/#primaryimage\",\"url\":\"http:\\\/\\\/cjsmjrl.cluster029.hosting.ovh.net\\\/wp-content\\\/uploads\\\/2023\\\/06\\\/c3371fba4881af5ffa1bff29438b097b.jpg\",\"contentUrl\":\"http:\\\/\\\/cjsmjrl.cluster029.hosting.ovh.net\\\/wp-content\\\/uploads\\\/2023\\\/06\\\/c3371fba4881af5ffa1bff29438b097b.jpg\"},{\"@type\":\"BreadcrumbList\",\"@id\":\"https:\\\/\\\/sourcesdubienetre-vesoul.com\\\/index.php\\\/les-professionnels\\\/jean-baptiste-faivre\\\/maieusthesie\\\/#breadcrumb\",\"itemListElement\":[{\"@type\":\"ListItem\",\"position\":1,\"name\":\"Accueil\",\"item\":\"https:\\\/\\\/sourcesdubienetre-vesoul.com\\\/\"},{\"@type\":\"ListItem\",\"position\":2,\"name\":\"Les professionnels\",\"item\":\"https:\\\/\\\/sourcesdubienetre-vesoul.com\\\/index.php\\\/les-professionnels\\\/\"},{\"@type\":\"ListItem\",\"position\":3,\"name\":\"Jean-Baptiste FAIVRE\",\"item\":\"https:\\\/\\\/sourcesdubienetre-vesoul.com\\\/index.php\\\/les-professionnels\\\/jean-baptiste-faivre\\\/\"},{\"@type\":\"ListItem\",\"position\":4,\"name\":\"Maieusth\u00e9sie\"}]},{\"@type\":\"WebSite\",\"@id\":\"https:\\\/\\\/sourcesdubienetre-vesoul.com\\\/#website\",\"url\":\"https:\\\/\\\/sourcesdubienetre-vesoul.com\\\/\",\"name\":\"sourcesdubienetre-vesoul\",\"description\":\"Des professionnel du bien-\u00eatre \u00e0 votre service\",\"publisher\":{\"@id\":\"https:\\\/\\\/sourcesdubienetre-vesoul.com\\\/#organization\"},\"potentialAction\":[{\"@type\":\"SearchAction\",\"target\":{\"@type\":\"EntryPoint\",\"urlTemplate\":\"https:\\\/\\\/sourcesdubienetre-vesoul.com\\\/?s={search_term_string}\"},\"query-input\":{\"@type\":\"PropertyValueSpecification\",\"valueRequired\":true,\"valueName\":\"search_term_string\"}}],\"inLanguage\":\"fr-FR\"},{\"@type\":\"Organization\",\"@id\":\"https:\\\/\\\/sourcesdubienetre-vesoul.com\\\/#organization\",\"name\":\"Les Sources du Bien-\u00catre\",\"url\":\"https:\\\/\\\/sourcesdubienetre-vesoul.com\\\/\",\"logo\":{\"@type\":\"ImageObject\",\"inLanguage\":\"fr-FR\",\"@id\":\"https:\\\/\\\/sourcesdubienetre-vesoul.com\\\/#\\\/schema\\\/logo\\\/image\\\/\",\"url\":\"https:\\\/\\\/sourcesdubienetre-vesoul.com\\\/wp-content\\\/uploads\\\/2025\\\/07\\\/new_logo.jpg\",\"contentUrl\":\"https:\\\/\\\/sourcesdubienetre-vesoul.com\\\/wp-content\\\/uploads\\\/2025\\\/07\\\/new_logo.jpg\",\"width\":500,\"height\":500,\"caption\":\"Les Sources du Bien-\u00catre\"},\"image\":{\"@id\":\"https:\\\/\\\/sourcesdubienetre-vesoul.com\\\/#\\\/schema\\\/logo\\\/image\\\/\"},\"sameAs\":[\"https:\\\/\\\/www.facebook.com\\\/SourcesduBienEtre\\\/?locale=fr_FR\"]}]}<\/script>\n<!-- \/ Yoast SEO plugin. -->","yoast_head_json":{"title":"Maieusth\u00e9sie - Les Sources du Bien-\u00catre","robots":{"index":"index","follow":"follow","max-snippet":"max-snippet:-1","max-image-preview":"max-image-preview:large","max-video-preview":"max-video-preview:-1"},"canonical":"https:\/\/sourcesdubienetre-vesoul.com\/index.php\/les-professionnels\/jean-baptiste-faivre\/maieusthesie\/","og_locale":"fr_FR","og_type":"article","og_title":"Maieusth\u00e9sie - Les Sources du Bien-\u00catre","og_description":"La Ma\u00efeusth\u00e9sie est un accompagnement th\u00e9rapeutique bas\u00e9 sur l\u2019accueil et la reconnaissance de l\u2019\u00eatre dans son v\u00e9cu, au travers de la rencontre puis de la r\u00e9int\u00e9gration de parts de Soi en attente de r\u00e9habilitation. Le terme Ma\u00efeusth\u00e9sie vient de l\u2019association des mots maieutik\u00ea (origine grecque) : \u00ab art d\u2019accoucher de quelqu\u2019un \u00bb et aisthanesthai (origine [&hellip;]","og_url":"https:\/\/sourcesdubienetre-vesoul.com\/index.php\/les-professionnels\/jean-baptiste-faivre\/maieusthesie\/","og_site_name":"Les Sources du Bien-\u00catre","article_publisher":"https:\/\/www.facebook.com\/SourcesduBienEtre\/?locale=fr_FR","article_modified_time":"2023-11-21T14:43:55+00:00","og_image":[{"url":"http:\/\/cjsmjrl.cluster029.hosting.ovh.net\/wp-content\/uploads\/2023\/06\/c3371fba4881af5ffa1bff29438b097b.jpg","type":"","width":"","height":""}],"twitter_card":"summary_large_image","twitter_misc":{"Dur\u00e9e de lecture estim\u00e9e":"1 minute"},"schema":{"@context":"https:\/\/schema.org","@graph":[{"@type":"WebPage","@id":"https:\/\/sourcesdubienetre-vesoul.com\/index.php\/les-professionnels\/jean-baptiste-faivre\/maieusthesie\/","url":"https:\/\/sourcesdubienetre-vesoul.com\/index.php\/les-professionnels\/jean-baptiste-faivre\/maieusthesie\/","name":"Maieusth\u00e9sie - Les Sources du Bien-\u00catre","isPartOf":{"@id":"https:\/\/sourcesdubienetre-vesoul.com\/#website"},"primaryImageOfPage":{"@id":"https:\/\/sourcesdubienetre-vesoul.com\/index.php\/les-professionnels\/jean-baptiste-faivre\/maieusthesie\/#primaryimage"},"image":{"@id":"https:\/\/sourcesdubienetre-vesoul.com\/index.php\/les-professionnels\/jean-baptiste-faivre\/maieusthesie\/#primaryimage"},"thumbnailUrl":"http:\/\/cjsmjrl.cluster029.hosting.ovh.net\/wp-content\/uploads\/2023\/06\/c3371fba4881af5ffa1bff29438b097b.jpg","datePublished":"2023-08-14T14:41:21+00:00","dateModified":"2023-11-21T14:43:55+00:00","breadcrumb":{"@id":"https:\/\/sourcesdubienetre-vesoul.com\/index.php\/les-professionnels\/jean-baptiste-faivre\/maieusthesie\/#breadcrumb"},"inLanguage":"fr-FR","potentialAction":[{"@type":"ReadAction","target":["https:\/\/sourcesdubienetre-vesoul.com\/index.php\/les-professionnels\/jean-baptiste-faivre\/maieusthesie\/"]}]},{"@type":"ImageObject","inLanguage":"fr-FR","@id":"https:\/\/sourcesdubienetre-vesoul.com\/index.php\/les-professionnels\/jean-baptiste-faivre\/maieusthesie\/#primaryimage","url":"http:\/\/cjsmjrl.cluster029.hosting.ovh.net\/wp-content\/uploads\/2023\/06\/c3371fba4881af5ffa1bff29438b097b.jpg","contentUrl":"http:\/\/cjsmjrl.cluster029.hosting.ovh.net\/wp-content\/uploads\/2023\/06\/c3371fba4881af5ffa1bff29438b097b.jpg"},{"@type":"BreadcrumbList","@id":"https:\/\/sourcesdubienetre-vesoul.com\/index.php\/les-professionnels\/jean-baptiste-faivre\/maieusthesie\/#breadcrumb","itemListElement":[{"@type":"ListItem","position":1,"name":"Accueil","item":"https:\/\/sourcesdubienetre-vesoul.com\/"},{"@type":"ListItem","position":2,"name":"Les professionnels","item":"https:\/\/sourcesdubienetre-vesoul.com\/index.php\/les-professionnels\/"},{"@type":"ListItem","position":3,"name":"Jean-Baptiste FAIVRE","item":"https:\/\/sourcesdubienetre-vesoul.com\/index.php\/les-professionnels\/jean-baptiste-faivre\/"},{"@type":"ListItem","position":4,"name":"Maieusth\u00e9sie"}]},{"@type":"WebSite","@id":"https:\/\/sourcesdubienetre-vesoul.com\/#website","url":"https:\/\/sourcesdubienetre-vesoul.com\/","name":"sourcesdubienetre-vesoul","description":"Des professionnel du bien-\u00eatre \u00e0 votre service","publisher":{"@id":"https:\/\/sourcesdubienetre-vesoul.com\/#organization"},"potentialAction":[{"@type":"SearchAction","target":{"@type":"EntryPoint","urlTemplate":"https:\/\/sourcesdubienetre-vesoul.com\/?s={search_term_string}"},"query-input":{"@type":"PropertyValueSpecification","valueRequired":true,"valueName":"search_term_string"}}],"inLanguage":"fr-FR"},{"@type":"Organization","@id":"https:\/\/sourcesdubienetre-vesoul.com\/#organization","name":"Les Sources du Bien-\u00catre","url":"https:\/\/sourcesdubienetre-vesoul.com\/","logo":{"@type":"ImageObject","inLanguage":"fr-FR","@id":"https:\/\/sourcesdubienetre-vesoul.com\/#\/schema\/logo\/image\/","url":"https:\/\/sourcesdubienetre-vesoul.com\/wp-content\/uploads\/2025\/07\/new_logo.jpg","contentUrl":"https:\/\/sourcesdubienetre-vesoul.com\/wp-content\/uploads\/2025\/07\/new_logo.jpg","width":500,"height":500,"caption":"Les Sources du Bien-\u00catre"},"image":{"@id":"https:\/\/sourcesdubienetre-vesoul.com\/#\/schema\/logo\/image\/"},"sameAs":["https:\/\/www.facebook.com\/SourcesduBienEtre\/?locale=fr_FR"]}]}},"_links":{"self":[{"href":"https:\/\/sourcesdubienetre-vesoul.com\/index.php\/wp-json\/wp\/v2\/pages\/239","targetHints":{"allow":["GET"]}}],"collection":[{"href":"https:\/\/sourcesdubienetre-vesoul.com\/index.php\/wp-json\/wp\/v2\/pages"}],"about":[{"href":"https:\/\/sourcesdubienetre-vesoul.com\/index.php\/wp-json\/wp\/v2\/types\/page"}],"author":[{"embeddable":true,"href":"https:\/\/sourcesdubienetre-vesoul.com\/index.php\/wp-json\/wp\/v2\/users\/3"}],"replies":[{"embeddable":true,"href":"https:\/\/sourcesdubienetre-vesoul.com\/index.php\/wp-json\/wp\/v2\/comments?post=239"}],"version-history":[{"count":4,"href":"https:\/\/sourcesdubienetre-vesoul.com\/index.php\/wp-json\/wp\/v2\/pages\/239\/revisions"}],"predecessor-version":[{"id":564,"href":"https:\/\/sourcesdubienetre-vesoul.com\/index.php\/wp-json\/wp\/v2\/pages\/239\/revisions\/564"}],"up":[{"embeddable":true,"href":"https:\/\/sourcesdubienetre-vesoul.com\/index.php\/wp-json\/wp\/v2\/pages\/105"}],"wp:attachment":[{"href":"https:\/\/sourcesdubienetre-vesoul.com\/index.php\/wp-json\/wp\/v2\/media?parent=239"}],"curies":[{"name":"wp","href":"https:\/\/api.w.org\/{rel}","templated":true}]}}