{"id":279,"date":"2023-08-16T09:27:01","date_gmt":"2023-08-16T07:27:01","guid":{"rendered":"http:\/\/cjsmjrl.cluster029.hosting.ovh.net\/?page_id=279"},"modified":"2025-02-15T08:40:40","modified_gmt":"2025-02-15T07:40:40","slug":"la-cosmetique-dr-hauschka","status":"publish","type":"page","link":"https:\/\/sourcesdubienetre-vesoul.com\/index.php\/les-professionnels\/lilavati-g-revelatrice-de-magnificence\/la-cosmetique-dr-hauschka\/","title":{"rendered":"La cosm\u00e9tique Dr.Hauschka"},"content":{"rendered":"\n<p><strong>Une Cosm\u00e9tique naturellement diff\u00e9rente.<\/strong><\/p>\n\n\n\n<p>Le respect de l\u2019\u00catre humain et de son environnement est une valeur primordiale \u00e0 sauvegarder.<\/p>\n\n\n\n<p>Les Cosm\u00e9tiques Dr.Hauschka sont \u00e9labor\u00e9es par les laboratoires pharmaceutiques Wala en Allemagne depuis plus de 45 ans, dans ce respect des liens unissant la Vie, la Nature et l&rsquo;\u00e9tude des rythmes biologiques de la peau.<\/p>\n\n\n\n<p>C\u2019est cette vision holistique, partag\u00e9e par Rudolph Hauschka, chimiste et Elisabeth Sigmund, cosm\u00e9tologue \u00e9clair\u00e9e, qui donne naissance en 1967 \u00e0 des produits naturellement vivants, authentiques, accompagn\u00e9s de protocoles de soin et de conseils de qualit\u00e9.<\/p>\n\n\n\n<figure class=\"wp-block-image size-large\"><img decoding=\"async\" src=\"https:\/\/sourcesdubienetre-vesoul.com\/wp-content\/uploads\/2023\/08\/image-24.jpeg\" alt=\"\"\/><\/figure>\n\n\n\n<p>Chaque produit cosm\u00e9tique Dr.Hauschka est unique : il repose sur une synergie finement \u00e9labor\u00e9e d\u2019extraits de plantes m\u00e9dicinales, cultiv\u00e9es en biodynamie ou issues de l\u2019agriculture biologique (labellis\u00e9s&nbsp;<a href=\"https:\/\/www.natrue.org\/fr\/\" target=\"_blank\" rel=\"noreferrer noopener\">Natrue<\/a>), dont toute la vitalit\u00e9 et les vertus sont pr\u00e9serv\u00e9es gr\u00e2ce \u00e0 une m\u00e9thode unique de fabrication\/conservation.<\/p>\n\n\n\n<p>Ces plantes, ensuite cueillies et pr\u00e9par\u00e9es \u00e0 la main avec conscience, offrent une Cosm\u00e9tique&nbsp;<strong>pure et vivante<\/strong>&nbsp;qui r\u00e9gularise, harmonise les aspects variables de notre peau en douceur.<\/p>\n\n\n\n<p>\u201c L\u2019Etre Humain a besoin de deux beaut\u00e9s,<\/p>\n\n\n\n<p>une beaut\u00e9 int\u00e9rieure et une beaut\u00e9 ext\u00e9rieure. \u201d<\/p>\n\n\n\n<p><em>Elisabeth Sigmund, cr\u00e9atrice de la Cosm\u00e9tique Dr. Hauschka<\/em><\/p>\n\n\n\n<p>A l\u2019image de notre visage qui est reli\u00e9 \u00e0 notre corps, lui-m\u00eame reli\u00e9 \u00e0 notre \u00eatre int\u00e9rieur, c\u2019est comme un tout que nous abordons la peau, un organe r\u00e9sistant mais sensible, qui poss\u00e8de ses propres rythmes, ses propres forces de nutrition et de r\u00e9g\u00e9n\u00e9ration et ne se satisfait pas d\u2019un cadre rigide. Notre peau r\u00e9clame des soins en fonction des jours, des lieux, des saisons, mais aussi de nos \u00e9tats d&rsquo;\u00e2me et de ce que l&rsquo;on vit.<\/p>\n\n\n\n<p>Ainsi, nous parlerons d\u2019<strong>aspects<\/strong>&nbsp;de peau qui \u00e9voluent et non de types de peau immuables.<\/p>\n\n\n\n<p>La Cosm\u00e9tique Dr.Hauschka vient&nbsp;<strong>impulser et stimuler<\/strong>&nbsp;les forces d&rsquo;autocorrection de la peau, qui, stabilis\u00e9e et soutenue dans ses propres processus naturels, revient d&rsquo;elle-m\u00eame \u00e0 l\u2019\u00e9quilibre.<\/p>\n\n\n\n<p>C\u2019est ce concept qui fait la particularit\u00e9 de la Cosm\u00e9tique Dr.Hauschka et la rend unique.<\/p>\n\n\n\n<p>Pour plus d\u2019informations, rendez-vous sur le site&nbsp;<a href=\"http:\/\/www.dr.hauschka.com\/fr\"><\/a><a href=\"http:\/\/www.dr.hauschka.com\/fr\" target=\"_blank\" rel=\"noreferrer noopener\">www.dr.hauschka.com\/fr<\/a><\/p>\n\n\n\n<figure class=\"wp-block-embed is-type-video is-provider-youtube wp-block-embed-youtube wp-embed-aspect-16-9 wp-has-aspect-ratio\"><div class=\"wp-block-embed__wrapper\">\n<div class=\"ast-oembed-container \" style=\"height: 100%;\"><iframe loading=\"lazy\" title=\"Les \u00e9tapes du rituel soin de nuit Dr. Hauschka\" width=\"500\" height=\"281\" src=\"https:\/\/www.youtube.com\/embed\/eGiJTkk1CEk?feature=oembed\" frameborder=\"0\" allow=\"accelerometer; autoplay; clipboard-write; encrypted-media; gyroscope; picture-in-picture; web-share\" referrerpolicy=\"strict-origin-when-cross-origin\" allowfullscreen><\/iframe><\/div>\n<\/div><\/figure>\n","protected":false},"excerpt":{"rendered":"<p>Une Cosm\u00e9tique naturellement diff\u00e9rente. Le respect de l\u2019\u00catre humain et de son environnement est une valeur primordiale \u00e0 sauvegarder. Les Cosm\u00e9tiques Dr.Hauschka sont \u00e9labor\u00e9es par les laboratoires pharmaceutiques Wala en Allemagne depuis plus de 45 ans, dans ce respect des liens unissant la Vie, la Nature et l&rsquo;\u00e9tude des rythmes biologiques de la peau. C\u2019est [&hellip;]<\/p>\n","protected":false},"author":3,"featured_media":0,"parent":102,"menu_order":3,"comment_status":"closed","ping_status":"closed","template":"","meta":{"site-sidebar-layout":"default","site-content-layout":"","ast-site-content-layout":"","site-content-style":"default","site-sidebar-style":"default","ast-global-header-display":"","ast-banner-title-visibility":"","ast-main-header-display":"","ast-hfb-above-header-display":"","ast-hfb-below-header-display":"","ast-hfb-mobile-header-display":"","site-post-title":"","ast-breadcrumbs-content":"","ast-featured-img":"","footer-sml-layout":"","theme-transparent-header-meta":"","adv-header-id-meta":"","stick-header-meta":"","header-above-stick-meta":"","header-main-stick-meta":"","header-below-stick-meta":"","astra-migrate-meta-layouts":"default","ast-page-background-enabled":"default","ast-page-background-meta":{"desktop":{"background-color":"var(--ast-global-color-4)","background-image":"","background-repeat":"repeat","background-position":"center center","background-size":"auto","background-attachment":"scroll","background-type":"","background-media":"","overlay-type":"","overlay-color":"","overlay-opacity":"","overlay-gradient":""},"tablet":{"background-color":"","background-image":"","background-repeat":"repeat","background-position":"center center","background-size":"auto","background-attachment":"scroll","background-type":"","background-media":"","overlay-type":"","overlay-color":"","overlay-opacity":"","overlay-gradient":""},"mobile":{"background-color":"","background-image":"","background-repeat":"repeat","background-position":"center center","background-size":"auto","background-attachment":"scroll","background-type":"","background-media":"","overlay-type":"","overlay-color":"","overlay-opacity":"","overlay-gradient":""}},"ast-content-background-meta":{"desktop":{"background-color":"var(--ast-global-color-5)","background-image":"","background-repeat":"repeat","background-position":"center center","background-size":"auto","background-attachment":"scroll","background-type":"","background-media":"","overlay-type":"","overlay-color":"","overlay-opacity":"","overlay-gradient":""},"tablet":{"background-color":"var(--ast-global-color-5)","background-image":"","background-repeat":"repeat","background-position":"center center","background-size":"auto","background-attachment":"scroll","background-type":"","background-media":"","overlay-type":"","overlay-color":"","overlay-opacity":"","overlay-gradient":""},"mobile":{"background-color":"var(--ast-global-color-5)","background-image":"","background-repeat":"repeat","background-position":"center center","background-size":"auto","background-attachment":"scroll","background-type":"","background-media":"","overlay-type":"","overlay-color":"","overlay-opacity":"","overlay-gradient":""}},"footnotes":""},"class_list":["post-279","page","type-page","status-publish","hentry"],"yoast_head":"<!-- This site is optimized with the Yoast SEO plugin v27.4 - https:\/\/yoast.com\/product\/yoast-seo-wordpress\/ -->\n<title>La cosm\u00e9tique Dr.Hauschka - Les Sources du Bien-\u00catre<\/title>\n<meta name=\"robots\" content=\"index, follow, max-snippet:-1, max-image-preview:large, max-video-preview:-1\" \/>\n<link rel=\"canonical\" href=\"https:\/\/sourcesdubienetre-vesoul.com\/index.php\/les-professionnels\/lilavati-g-revelatrice-de-magnificence\/la-cosmetique-dr-hauschka\/\" \/>\n<meta property=\"og:locale\" content=\"fr_FR\" \/>\n<meta property=\"og:type\" content=\"article\" \/>\n<meta property=\"og:title\" content=\"La cosm\u00e9tique Dr.Hauschka - Les Sources du Bien-\u00catre\" \/>\n<meta property=\"og:description\" content=\"Une Cosm\u00e9tique naturellement diff\u00e9rente. Le respect de l\u2019\u00catre humain et de son environnement est une valeur primordiale \u00e0 sauvegarder. Les Cosm\u00e9tiques Dr.Hauschka sont \u00e9labor\u00e9es par les laboratoires pharmaceutiques Wala en Allemagne depuis plus de 45 ans, dans ce respect des liens unissant la Vie, la Nature et l&rsquo;\u00e9tude des rythmes biologiques de la peau. C\u2019est [&hellip;]\" \/>\n<meta property=\"og:url\" content=\"https:\/\/sourcesdubienetre-vesoul.com\/index.php\/les-professionnels\/lilavati-g-revelatrice-de-magnificence\/la-cosmetique-dr-hauschka\/\" \/>\n<meta property=\"og:site_name\" content=\"Les Sources du Bien-\u00catre\" \/>\n<meta property=\"article:publisher\" content=\"https:\/\/www.facebook.com\/SourcesduBienEtre\/?locale=fr_FR\" \/>\n<meta property=\"article:modified_time\" content=\"2025-02-15T07:40:40+00:00\" \/>\n<meta property=\"og:image\" content=\"https:\/\/sourcesdubienetre-vesoul.com\/wp-content\/uploads\/2023\/08\/image-24.jpeg\" \/>\n<meta name=\"twitter:card\" content=\"summary_large_image\" \/>\n<meta name=\"twitter:label1\" content=\"Dur\u00e9e de lecture estim\u00e9e\" \/>\n\t<meta name=\"twitter:data1\" content=\"2 minutes\" \/>\n<script type=\"application\/ld+json\" class=\"yoast-schema-graph\">{\"@context\":\"https:\\\/\\\/schema.org\",\"@graph\":[{\"@type\":\"WebPage\",\"@id\":\"https:\\\/\\\/sourcesdubienetre-vesoul.com\\\/index.php\\\/les-professionnels\\\/lilavati-g-revelatrice-de-magnificence\\\/la-cosmetique-dr-hauschka\\\/\",\"url\":\"https:\\\/\\\/sourcesdubienetre-vesoul.com\\\/index.php\\\/les-professionnels\\\/lilavati-g-revelatrice-de-magnificence\\\/la-cosmetique-dr-hauschka\\\/\",\"name\":\"La cosm\u00e9tique Dr.Hauschka - Les Sources du Bien-\u00catre\",\"isPartOf\":{\"@id\":\"https:\\\/\\\/sourcesdubienetre-vesoul.com\\\/#website\"},\"primaryImageOfPage\":{\"@id\":\"https:\\\/\\\/sourcesdubienetre-vesoul.com\\\/index.php\\\/les-professionnels\\\/lilavati-g-revelatrice-de-magnificence\\\/la-cosmetique-dr-hauschka\\\/#primaryimage\"},\"image\":{\"@id\":\"https:\\\/\\\/sourcesdubienetre-vesoul.com\\\/index.php\\\/les-professionnels\\\/lilavati-g-revelatrice-de-magnificence\\\/la-cosmetique-dr-hauschka\\\/#primaryimage\"},\"thumbnailUrl\":\"https:\\\/\\\/sourcesdubienetre-vesoul.com\\\/wp-content\\\/uploads\\\/2023\\\/08\\\/image-24.jpeg\",\"datePublished\":\"2023-08-16T07:27:01+00:00\",\"dateModified\":\"2025-02-15T07:40:40+00:00\",\"breadcrumb\":{\"@id\":\"https:\\\/\\\/sourcesdubienetre-vesoul.com\\\/index.php\\\/les-professionnels\\\/lilavati-g-revelatrice-de-magnificence\\\/la-cosmetique-dr-hauschka\\\/#breadcrumb\"},\"inLanguage\":\"fr-FR\",\"potentialAction\":[{\"@type\":\"ReadAction\",\"target\":[\"https:\\\/\\\/sourcesdubienetre-vesoul.com\\\/index.php\\\/les-professionnels\\\/lilavati-g-revelatrice-de-magnificence\\\/la-cosmetique-dr-hauschka\\\/\"]}]},{\"@type\":\"ImageObject\",\"inLanguage\":\"fr-FR\",\"@id\":\"https:\\\/\\\/sourcesdubienetre-vesoul.com\\\/index.php\\\/les-professionnels\\\/lilavati-g-revelatrice-de-magnificence\\\/la-cosmetique-dr-hauschka\\\/#primaryimage\",\"url\":\"https:\\\/\\\/sourcesdubienetre-vesoul.com\\\/wp-content\\\/uploads\\\/2023\\\/08\\\/image-24.jpeg\",\"contentUrl\":\"https:\\\/\\\/sourcesdubienetre-vesoul.com\\\/wp-content\\\/uploads\\\/2023\\\/08\\\/image-24.jpeg\",\"width\":238,\"height\":285},{\"@type\":\"BreadcrumbList\",\"@id\":\"https:\\\/\\\/sourcesdubienetre-vesoul.com\\\/index.php\\\/les-professionnels\\\/lilavati-g-revelatrice-de-magnificence\\\/la-cosmetique-dr-hauschka\\\/#breadcrumb\",\"itemListElement\":[{\"@type\":\"ListItem\",\"position\":1,\"name\":\"Accueil\",\"item\":\"https:\\\/\\\/sourcesdubienetre-vesoul.com\\\/\"},{\"@type\":\"ListItem\",\"position\":2,\"name\":\"Les professionnels\",\"item\":\"https:\\\/\\\/sourcesdubienetre-vesoul.com\\\/index.php\\\/les-professionnels\\\/\"},{\"@type\":\"ListItem\",\"position\":3,\"name\":\"Lilavati G. *\u00a0r\u00e9v\u00e9latrice de magnificence\u200b *\",\"item\":\"https:\\\/\\\/sourcesdubienetre-vesoul.com\\\/index.php\\\/les-professionnels\\\/lilavati-g-revelatrice-de-magnificence\\\/\"},{\"@type\":\"ListItem\",\"position\":4,\"name\":\"La cosm\u00e9tique Dr.Hauschka\"}]},{\"@type\":\"WebSite\",\"@id\":\"https:\\\/\\\/sourcesdubienetre-vesoul.com\\\/#website\",\"url\":\"https:\\\/\\\/sourcesdubienetre-vesoul.com\\\/\",\"name\":\"sourcesdubienetre-vesoul\",\"description\":\"Des professionnel du bien-\u00eatre \u00e0 votre service\",\"publisher\":{\"@id\":\"https:\\\/\\\/sourcesdubienetre-vesoul.com\\\/#organization\"},\"potentialAction\":[{\"@type\":\"SearchAction\",\"target\":{\"@type\":\"EntryPoint\",\"urlTemplate\":\"https:\\\/\\\/sourcesdubienetre-vesoul.com\\\/?s={search_term_string}\"},\"query-input\":{\"@type\":\"PropertyValueSpecification\",\"valueRequired\":true,\"valueName\":\"search_term_string\"}}],\"inLanguage\":\"fr-FR\"},{\"@type\":\"Organization\",\"@id\":\"https:\\\/\\\/sourcesdubienetre-vesoul.com\\\/#organization\",\"name\":\"Les Sources du Bien-\u00catre\",\"url\":\"https:\\\/\\\/sourcesdubienetre-vesoul.com\\\/\",\"logo\":{\"@type\":\"ImageObject\",\"inLanguage\":\"fr-FR\",\"@id\":\"https:\\\/\\\/sourcesdubienetre-vesoul.com\\\/#\\\/schema\\\/logo\\\/image\\\/\",\"url\":\"https:\\\/\\\/sourcesdubienetre-vesoul.com\\\/wp-content\\\/uploads\\\/2025\\\/07\\\/new_logo.jpg\",\"contentUrl\":\"https:\\\/\\\/sourcesdubienetre-vesoul.com\\\/wp-content\\\/uploads\\\/2025\\\/07\\\/new_logo.jpg\",\"width\":500,\"height\":500,\"caption\":\"Les Sources du Bien-\u00catre\"},\"image\":{\"@id\":\"https:\\\/\\\/sourcesdubienetre-vesoul.com\\\/#\\\/schema\\\/logo\\\/image\\\/\"},\"sameAs\":[\"https:\\\/\\\/www.facebook.com\\\/SourcesduBienEtre\\\/?locale=fr_FR\"]}]}<\/script>\n<!-- \/ Yoast SEO plugin. -->","yoast_head_json":{"title":"La cosm\u00e9tique Dr.Hauschka - Les Sources du Bien-\u00catre","robots":{"index":"index","follow":"follow","max-snippet":"max-snippet:-1","max-image-preview":"max-image-preview:large","max-video-preview":"max-video-preview:-1"},"canonical":"https:\/\/sourcesdubienetre-vesoul.com\/index.php\/les-professionnels\/lilavati-g-revelatrice-de-magnificence\/la-cosmetique-dr-hauschka\/","og_locale":"fr_FR","og_type":"article","og_title":"La cosm\u00e9tique Dr.Hauschka - Les Sources du Bien-\u00catre","og_description":"Une Cosm\u00e9tique naturellement diff\u00e9rente. Le respect de l\u2019\u00catre humain et de son environnement est une valeur primordiale \u00e0 sauvegarder. Les Cosm\u00e9tiques Dr.Hauschka sont \u00e9labor\u00e9es par les laboratoires pharmaceutiques Wala en Allemagne depuis plus de 45 ans, dans ce respect des liens unissant la Vie, la Nature et l&rsquo;\u00e9tude des rythmes biologiques de la peau. C\u2019est [&hellip;]","og_url":"https:\/\/sourcesdubienetre-vesoul.com\/index.php\/les-professionnels\/lilavati-g-revelatrice-de-magnificence\/la-cosmetique-dr-hauschka\/","og_site_name":"Les Sources du Bien-\u00catre","article_publisher":"https:\/\/www.facebook.com\/SourcesduBienEtre\/?locale=fr_FR","article_modified_time":"2025-02-15T07:40:40+00:00","og_image":[{"url":"https:\/\/sourcesdubienetre-vesoul.com\/wp-content\/uploads\/2023\/08\/image-24.jpeg","type":"","width":"","height":""}],"twitter_card":"summary_large_image","twitter_misc":{"Dur\u00e9e de lecture estim\u00e9e":"2 minutes"},"schema":{"@context":"https:\/\/schema.org","@graph":[{"@type":"WebPage","@id":"https:\/\/sourcesdubienetre-vesoul.com\/index.php\/les-professionnels\/lilavati-g-revelatrice-de-magnificence\/la-cosmetique-dr-hauschka\/","url":"https:\/\/sourcesdubienetre-vesoul.com\/index.php\/les-professionnels\/lilavati-g-revelatrice-de-magnificence\/la-cosmetique-dr-hauschka\/","name":"La cosm\u00e9tique Dr.Hauschka - Les Sources du Bien-\u00catre","isPartOf":{"@id":"https:\/\/sourcesdubienetre-vesoul.com\/#website"},"primaryImageOfPage":{"@id":"https:\/\/sourcesdubienetre-vesoul.com\/index.php\/les-professionnels\/lilavati-g-revelatrice-de-magnificence\/la-cosmetique-dr-hauschka\/#primaryimage"},"image":{"@id":"https:\/\/sourcesdubienetre-vesoul.com\/index.php\/les-professionnels\/lilavati-g-revelatrice-de-magnificence\/la-cosmetique-dr-hauschka\/#primaryimage"},"thumbnailUrl":"https:\/\/sourcesdubienetre-vesoul.com\/wp-content\/uploads\/2023\/08\/image-24.jpeg","datePublished":"2023-08-16T07:27:01+00:00","dateModified":"2025-02-15T07:40:40+00:00","breadcrumb":{"@id":"https:\/\/sourcesdubienetre-vesoul.com\/index.php\/les-professionnels\/lilavati-g-revelatrice-de-magnificence\/la-cosmetique-dr-hauschka\/#breadcrumb"},"inLanguage":"fr-FR","potentialAction":[{"@type":"ReadAction","target":["https:\/\/sourcesdubienetre-vesoul.com\/index.php\/les-professionnels\/lilavati-g-revelatrice-de-magnificence\/la-cosmetique-dr-hauschka\/"]}]},{"@type":"ImageObject","inLanguage":"fr-FR","@id":"https:\/\/sourcesdubienetre-vesoul.com\/index.php\/les-professionnels\/lilavati-g-revelatrice-de-magnificence\/la-cosmetique-dr-hauschka\/#primaryimage","url":"https:\/\/sourcesdubienetre-vesoul.com\/wp-content\/uploads\/2023\/08\/image-24.jpeg","contentUrl":"https:\/\/sourcesdubienetre-vesoul.com\/wp-content\/uploads\/2023\/08\/image-24.jpeg","width":238,"height":285},{"@type":"BreadcrumbList","@id":"https:\/\/sourcesdubienetre-vesoul.com\/index.php\/les-professionnels\/lilavati-g-revelatrice-de-magnificence\/la-cosmetique-dr-hauschka\/#breadcrumb","itemListElement":[{"@type":"ListItem","position":1,"name":"Accueil","item":"https:\/\/sourcesdubienetre-vesoul.com\/"},{"@type":"ListItem","position":2,"name":"Les professionnels","item":"https:\/\/sourcesdubienetre-vesoul.com\/index.php\/les-professionnels\/"},{"@type":"ListItem","position":3,"name":"Lilavati G. *\u00a0r\u00e9v\u00e9latrice de magnificence\u200b *","item":"https:\/\/sourcesdubienetre-vesoul.com\/index.php\/les-professionnels\/lilavati-g-revelatrice-de-magnificence\/"},{"@type":"ListItem","position":4,"name":"La cosm\u00e9tique Dr.Hauschka"}]},{"@type":"WebSite","@id":"https:\/\/sourcesdubienetre-vesoul.com\/#website","url":"https:\/\/sourcesdubienetre-vesoul.com\/","name":"sourcesdubienetre-vesoul","description":"Des professionnel du bien-\u00eatre \u00e0 votre service","publisher":{"@id":"https:\/\/sourcesdubienetre-vesoul.com\/#organization"},"potentialAction":[{"@type":"SearchAction","target":{"@type":"EntryPoint","urlTemplate":"https:\/\/sourcesdubienetre-vesoul.com\/?s={search_term_string}"},"query-input":{"@type":"PropertyValueSpecification","valueRequired":true,"valueName":"search_term_string"}}],"inLanguage":"fr-FR"},{"@type":"Organization","@id":"https:\/\/sourcesdubienetre-vesoul.com\/#organization","name":"Les Sources du Bien-\u00catre","url":"https:\/\/sourcesdubienetre-vesoul.com\/","logo":{"@type":"ImageObject","inLanguage":"fr-FR","@id":"https:\/\/sourcesdubienetre-vesoul.com\/#\/schema\/logo\/image\/","url":"https:\/\/sourcesdubienetre-vesoul.com\/wp-content\/uploads\/2025\/07\/new_logo.jpg","contentUrl":"https:\/\/sourcesdubienetre-vesoul.com\/wp-content\/uploads\/2025\/07\/new_logo.jpg","width":500,"height":500,"caption":"Les Sources du Bien-\u00catre"},"image":{"@id":"https:\/\/sourcesdubienetre-vesoul.com\/#\/schema\/logo\/image\/"},"sameAs":["https:\/\/www.facebook.com\/SourcesduBienEtre\/?locale=fr_FR"]}]}},"_links":{"self":[{"href":"https:\/\/sourcesdubienetre-vesoul.com\/index.php\/wp-json\/wp\/v2\/pages\/279","targetHints":{"allow":["GET"]}}],"collection":[{"href":"https:\/\/sourcesdubienetre-vesoul.com\/index.php\/wp-json\/wp\/v2\/pages"}],"about":[{"href":"https:\/\/sourcesdubienetre-vesoul.com\/index.php\/wp-json\/wp\/v2\/types\/page"}],"author":[{"embeddable":true,"href":"https:\/\/sourcesdubienetre-vesoul.com\/index.php\/wp-json\/wp\/v2\/users\/3"}],"replies":[{"embeddable":true,"href":"https:\/\/sourcesdubienetre-vesoul.com\/index.php\/wp-json\/wp\/v2\/comments?post=279"}],"version-history":[{"count":2,"href":"https:\/\/sourcesdubienetre-vesoul.com\/index.php\/wp-json\/wp\/v2\/pages\/279\/revisions"}],"predecessor-version":[{"id":1926,"href":"https:\/\/sourcesdubienetre-vesoul.com\/index.php\/wp-json\/wp\/v2\/pages\/279\/revisions\/1926"}],"up":[{"embeddable":true,"href":"https:\/\/sourcesdubienetre-vesoul.com\/index.php\/wp-json\/wp\/v2\/pages\/102"}],"wp:attachment":[{"href":"https:\/\/sourcesdubienetre-vesoul.com\/index.php\/wp-json\/wp\/v2\/media?parent=279"}],"curies":[{"name":"wp","href":"https:\/\/api.w.org\/{rel}","templated":true}]}}