{"id":295,"date":"2023-08-16T09:39:00","date_gmt":"2023-08-16T07:39:00","guid":{"rendered":"http:\/\/cjsmjrl.cluster029.hosting.ovh.net\/?page_id=295"},"modified":"2023-08-16T09:40:56","modified_gmt":"2023-08-16T07:40:56","slug":"pour-aller-encore-plus-loin-la-methode-epe","status":"publish","type":"page","link":"https:\/\/sourcesdubienetre-vesoul.com\/index.php\/les-professionnels\/lilavati-g-revelatrice-de-magnificence\/pour-aller-encore-plus-loin-la-methode-epe\/","title":{"rendered":"Pour aller encore plus loin\u2026 La m\u00e9thode EPE"},"content":{"rendered":"\n<p><strong>E<\/strong>panouissement <strong>P<\/strong>ersonnel dans l&rsquo;<strong>E<\/strong>quit\u00e9<\/p>\n\n\n\n<p>Dans notre monde int\u00e9rieur, se confondent g\u00e9n\u00e9ralement les ressentis, les \u00e9motions, ainsi que le mental ou l\u2019intellect, mais avant tout, au plus profond dans notre inconscient, notre quintessence, le Soi.<\/p>\n\n\n\n<p>Cette m\u00e9thode, \u00e9prouv\u00e9e depuis plus de douze ans, est le fruit d&rsquo;une trentaine d&rsquo;ann\u00e9es de recherches personnelles et en \u00e9quipe, qui ont permis de concevoir un&nbsp;<strong>protocole simple d&rsquo;alignement<\/strong>&nbsp;abordable par tout individu, dans le respect de chacun. Par cette m\u00e9thode, nous pouvons r\u00e9tablir l&rsquo;accord entre Soi et la r\u00e9alit\u00e9 que nous traversons, en ne faisant appel qu&rsquo;\u00e0 nos propres ressources.<\/p>\n\n\n\n<p>Utilis\u00e9e en consultation, elle permet de se r\u00e9ajuster avec les sept param\u00e8tres de l&rsquo;<strong>\u00e9quit\u00e9<\/strong>, ou le sens de ce qui est juste, inh\u00e9rent \u00e0 chacun.<\/p>\n\n\n\n<p>Alors en pleine consid\u00e9ration de Soi, un travail d&rsquo;approfondissement \u00e0 l&rsquo;aide de diff\u00e9rents outils peut \u00eatre envisag\u00e9.<\/p>\n\n\n\n<p>Ce travail, dans l&rsquo;\u00e9coute de ce qui est juste et orient\u00e9 sous forme d&rsquo;objectifs, de th\u00e9matiques ou en consid\u00e9ration d&rsquo;un stress, permet de lever des blocages, de se lib\u00e9rer d&rsquo;un certain poids g\u00e9n\u00e9alogique, de sortir de fonctionnements et de comportements inadapt\u00e9s qui nous entravent dans notre expression, de mieux comprendre notre propre histoire, et de nous r\u00e9tablir dans notre bon&nbsp;<strong>\u00e9panouissement<\/strong>&nbsp;gr\u00e2ce \u00e0 notre libre-arbitre.<\/p>\n\n\n\n<p>Etre juste dans l&rsquo;\u00e9quit\u00e9 est un positionnement par lequel le Soi peut s&rsquo;exprimer&nbsp;<strong>librement<\/strong>, d&rsquo;une mani\u00e8re spontan\u00e9e et \u00e9volutive dans le temps. Le fait d&rsquo;\u00eatre align\u00e9 r\u00e9impulse la libre-circulation de notre \u00e9nergie vitale, le Ki, issu de la porte de la Vie, le Hara, notre centre.<\/p>\n\n\n\n<p>\u00ab\u00a0Toujours nous trouverons que l&rsquo;on se fait du tort<\/p>\n\n\n\n<p>en ne voulant pas faire simplement ce qui est juste,<\/p>\n\n\n\n<p>et que telle est l&rsquo;origine de tous nos malheurs.\u00a0\u00bb<\/p>\n\n\n\n<p><em>D\u00e9mosth\u00e8ne, Ath\u00e8nes, 322 av. JC<\/em><\/p>\n\n\n\n<p><strong>LA SEANCE EPE&nbsp;<\/strong>: environ 1h30, entre 50\u20ac et 60\u20ac<\/p>\n\n\n\n<p>Des formations \u00e0 la m\u00e9thode EPE ont lieu r\u00e9guli\u00e8rement, ainsi que des conf\u00e9rences, ateliers d\u00e9couvertes, dans la r\u00e9gion Centre ainsi qu&rsquo;en Haute Sa\u00f4ne,<\/p>\n\n\n\n<p>avec&nbsp;<strong>Christian Tonnon<\/strong>, co-cr\u00e9ateur de la m\u00e9thode Epanouissement Personnel dans l&rsquo;Equit\u00e9, consultant-formateur.<\/p>\n\n\n\n<p>Pour toute question ou demande, n&rsquo;h\u00e9sitez pas \u00e0 nous contacter.<\/p>\n\n\n\n<p><a href=\"http:\/\/www.consiliencebienetre.net\/\"><strong>www.consiliencebienetre.net<\/strong><\/a><\/p>\n","protected":false},"excerpt":{"rendered":"<p>Epanouissement Personnel dans l&rsquo;Equit\u00e9 Dans notre monde int\u00e9rieur, se confondent g\u00e9n\u00e9ralement les ressentis, les \u00e9motions, ainsi que le mental ou l\u2019intellect, mais avant tout, au plus profond dans notre inconscient, notre quintessence, le Soi. Cette m\u00e9thode, \u00e9prouv\u00e9e depuis plus de douze ans, est le fruit d&rsquo;une trentaine d&rsquo;ann\u00e9es de recherches personnelles et en \u00e9quipe, qui [&hellip;]<\/p>\n","protected":false},"author":3,"featured_media":0,"parent":102,"menu_order":7,"comment_status":"closed","ping_status":"closed","template":"","meta":{"site-sidebar-layout":"default","site-content-layout":"","ast-site-content-layout":"","site-content-style":"default","site-sidebar-style":"default","ast-global-header-display":"","ast-banner-title-visibility":"","ast-main-header-display":"","ast-hfb-above-header-display":"","ast-hfb-below-header-display":"","ast-hfb-mobile-header-display":"","site-post-title":"","ast-breadcrumbs-content":"","ast-featured-img":"","footer-sml-layout":"","theme-transparent-header-meta":"","adv-header-id-meta":"","stick-header-meta":"","header-above-stick-meta":"","header-main-stick-meta":"","header-below-stick-meta":"","astra-migrate-meta-layouts":"default","ast-page-background-enabled":"default","ast-page-background-meta":{"desktop":{"background-color":"var(--ast-global-color-4)","background-image":"","background-repeat":"repeat","background-position":"center center","background-size":"auto","background-attachment":"scroll","background-type":"","background-media":"","overlay-type":"","overlay-color":"","overlay-opacity":"","overlay-gradient":""},"tablet":{"background-color":"","background-image":"","background-repeat":"repeat","background-position":"center center","background-size":"auto","background-attachment":"scroll","background-type":"","background-media":"","overlay-type":"","overlay-color":"","overlay-opacity":"","overlay-gradient":""},"mobile":{"background-color":"","background-image":"","background-repeat":"repeat","background-position":"center center","background-size":"auto","background-attachment":"scroll","background-type":"","background-media":"","overlay-type":"","overlay-color":"","overlay-opacity":"","overlay-gradient":""}},"ast-content-background-meta":{"desktop":{"background-color":"var(--ast-global-color-5)","background-image":"","background-repeat":"repeat","background-position":"center center","background-size":"auto","background-attachment":"scroll","background-type":"","background-media":"","overlay-type":"","overlay-color":"","overlay-opacity":"","overlay-gradient":""},"tablet":{"background-color":"var(--ast-global-color-5)","background-image":"","background-repeat":"repeat","background-position":"center center","background-size":"auto","background-attachment":"scroll","background-type":"","background-media":"","overlay-type":"","overlay-color":"","overlay-opacity":"","overlay-gradient":""},"mobile":{"background-color":"var(--ast-global-color-5)","background-image":"","background-repeat":"repeat","background-position":"center center","background-size":"auto","background-attachment":"scroll","background-type":"","background-media":"","overlay-type":"","overlay-color":"","overlay-opacity":"","overlay-gradient":""}},"footnotes":""},"class_list":["post-295","page","type-page","status-publish","hentry"],"yoast_head":"<!-- This site is optimized with the Yoast SEO plugin v27.4 - https:\/\/yoast.com\/product\/yoast-seo-wordpress\/ -->\n<title>Pour aller encore plus loin\u2026 La m\u00e9thode EPE - Les Sources du Bien-\u00catre<\/title>\n<meta name=\"robots\" content=\"index, follow, max-snippet:-1, max-image-preview:large, max-video-preview:-1\" \/>\n<link rel=\"canonical\" href=\"https:\/\/sourcesdubienetre-vesoul.com\/index.php\/les-professionnels\/lilavati-g-revelatrice-de-magnificence\/pour-aller-encore-plus-loin-la-methode-epe\/\" \/>\n<meta property=\"og:locale\" content=\"fr_FR\" \/>\n<meta property=\"og:type\" content=\"article\" \/>\n<meta property=\"og:title\" content=\"Pour aller encore plus loin\u2026 La m\u00e9thode EPE - Les Sources du Bien-\u00catre\" \/>\n<meta property=\"og:description\" content=\"Epanouissement Personnel dans l&rsquo;Equit\u00e9 Dans notre monde int\u00e9rieur, se confondent g\u00e9n\u00e9ralement les ressentis, les \u00e9motions, ainsi que le mental ou l\u2019intellect, mais avant tout, au plus profond dans notre inconscient, notre quintessence, le Soi. Cette m\u00e9thode, \u00e9prouv\u00e9e depuis plus de douze ans, est le fruit d&rsquo;une trentaine d&rsquo;ann\u00e9es de recherches personnelles et en \u00e9quipe, qui [&hellip;]\" \/>\n<meta property=\"og:url\" content=\"https:\/\/sourcesdubienetre-vesoul.com\/index.php\/les-professionnels\/lilavati-g-revelatrice-de-magnificence\/pour-aller-encore-plus-loin-la-methode-epe\/\" \/>\n<meta property=\"og:site_name\" content=\"Les Sources du Bien-\u00catre\" \/>\n<meta property=\"article:publisher\" content=\"https:\/\/www.facebook.com\/SourcesduBienEtre\/?locale=fr_FR\" \/>\n<meta property=\"article:modified_time\" content=\"2023-08-16T07:40:56+00:00\" \/>\n<meta name=\"twitter:card\" content=\"summary_large_image\" \/>\n<meta name=\"twitter:label1\" content=\"Dur\u00e9e de lecture estim\u00e9e\" \/>\n\t<meta name=\"twitter:data1\" content=\"2 minutes\" \/>\n<script type=\"application\/ld+json\" class=\"yoast-schema-graph\">{\"@context\":\"https:\\\/\\\/schema.org\",\"@graph\":[{\"@type\":\"WebPage\",\"@id\":\"https:\\\/\\\/sourcesdubienetre-vesoul.com\\\/index.php\\\/les-professionnels\\\/lilavati-g-revelatrice-de-magnificence\\\/pour-aller-encore-plus-loin-la-methode-epe\\\/\",\"url\":\"https:\\\/\\\/sourcesdubienetre-vesoul.com\\\/index.php\\\/les-professionnels\\\/lilavati-g-revelatrice-de-magnificence\\\/pour-aller-encore-plus-loin-la-methode-epe\\\/\",\"name\":\"Pour aller encore plus loin\u2026 La m\u00e9thode EPE - Les Sources du Bien-\u00catre\",\"isPartOf\":{\"@id\":\"https:\\\/\\\/sourcesdubienetre-vesoul.com\\\/#website\"},\"datePublished\":\"2023-08-16T07:39:00+00:00\",\"dateModified\":\"2023-08-16T07:40:56+00:00\",\"breadcrumb\":{\"@id\":\"https:\\\/\\\/sourcesdubienetre-vesoul.com\\\/index.php\\\/les-professionnels\\\/lilavati-g-revelatrice-de-magnificence\\\/pour-aller-encore-plus-loin-la-methode-epe\\\/#breadcrumb\"},\"inLanguage\":\"fr-FR\",\"potentialAction\":[{\"@type\":\"ReadAction\",\"target\":[\"https:\\\/\\\/sourcesdubienetre-vesoul.com\\\/index.php\\\/les-professionnels\\\/lilavati-g-revelatrice-de-magnificence\\\/pour-aller-encore-plus-loin-la-methode-epe\\\/\"]}]},{\"@type\":\"BreadcrumbList\",\"@id\":\"https:\\\/\\\/sourcesdubienetre-vesoul.com\\\/index.php\\\/les-professionnels\\\/lilavati-g-revelatrice-de-magnificence\\\/pour-aller-encore-plus-loin-la-methode-epe\\\/#breadcrumb\",\"itemListElement\":[{\"@type\":\"ListItem\",\"position\":1,\"name\":\"Accueil\",\"item\":\"https:\\\/\\\/sourcesdubienetre-vesoul.com\\\/\"},{\"@type\":\"ListItem\",\"position\":2,\"name\":\"Les professionnels\",\"item\":\"https:\\\/\\\/sourcesdubienetre-vesoul.com\\\/index.php\\\/les-professionnels\\\/\"},{\"@type\":\"ListItem\",\"position\":3,\"name\":\"Lilavati G. *\u00a0r\u00e9v\u00e9latrice de magnificence\u200b *\",\"item\":\"https:\\\/\\\/sourcesdubienetre-vesoul.com\\\/index.php\\\/les-professionnels\\\/lilavati-g-revelatrice-de-magnificence\\\/\"},{\"@type\":\"ListItem\",\"position\":4,\"name\":\"Pour aller encore plus loin\u2026 La m\u00e9thode EPE\"}]},{\"@type\":\"WebSite\",\"@id\":\"https:\\\/\\\/sourcesdubienetre-vesoul.com\\\/#website\",\"url\":\"https:\\\/\\\/sourcesdubienetre-vesoul.com\\\/\",\"name\":\"sourcesdubienetre-vesoul\",\"description\":\"Des professionnel du bien-\u00eatre \u00e0 votre service\",\"publisher\":{\"@id\":\"https:\\\/\\\/sourcesdubienetre-vesoul.com\\\/#organization\"},\"potentialAction\":[{\"@type\":\"SearchAction\",\"target\":{\"@type\":\"EntryPoint\",\"urlTemplate\":\"https:\\\/\\\/sourcesdubienetre-vesoul.com\\\/?s={search_term_string}\"},\"query-input\":{\"@type\":\"PropertyValueSpecification\",\"valueRequired\":true,\"valueName\":\"search_term_string\"}}],\"inLanguage\":\"fr-FR\"},{\"@type\":\"Organization\",\"@id\":\"https:\\\/\\\/sourcesdubienetre-vesoul.com\\\/#organization\",\"name\":\"Les Sources du Bien-\u00catre\",\"url\":\"https:\\\/\\\/sourcesdubienetre-vesoul.com\\\/\",\"logo\":{\"@type\":\"ImageObject\",\"inLanguage\":\"fr-FR\",\"@id\":\"https:\\\/\\\/sourcesdubienetre-vesoul.com\\\/#\\\/schema\\\/logo\\\/image\\\/\",\"url\":\"https:\\\/\\\/sourcesdubienetre-vesoul.com\\\/wp-content\\\/uploads\\\/2025\\\/07\\\/new_logo.jpg\",\"contentUrl\":\"https:\\\/\\\/sourcesdubienetre-vesoul.com\\\/wp-content\\\/uploads\\\/2025\\\/07\\\/new_logo.jpg\",\"width\":500,\"height\":500,\"caption\":\"Les Sources du Bien-\u00catre\"},\"image\":{\"@id\":\"https:\\\/\\\/sourcesdubienetre-vesoul.com\\\/#\\\/schema\\\/logo\\\/image\\\/\"},\"sameAs\":[\"https:\\\/\\\/www.facebook.com\\\/SourcesduBienEtre\\\/?locale=fr_FR\"]}]}<\/script>\n<!-- \/ Yoast SEO plugin. -->","yoast_head_json":{"title":"Pour aller encore plus loin\u2026 La m\u00e9thode EPE - Les Sources du Bien-\u00catre","robots":{"index":"index","follow":"follow","max-snippet":"max-snippet:-1","max-image-preview":"max-image-preview:large","max-video-preview":"max-video-preview:-1"},"canonical":"https:\/\/sourcesdubienetre-vesoul.com\/index.php\/les-professionnels\/lilavati-g-revelatrice-de-magnificence\/pour-aller-encore-plus-loin-la-methode-epe\/","og_locale":"fr_FR","og_type":"article","og_title":"Pour aller encore plus loin\u2026 La m\u00e9thode EPE - Les Sources du Bien-\u00catre","og_description":"Epanouissement Personnel dans l&rsquo;Equit\u00e9 Dans notre monde int\u00e9rieur, se confondent g\u00e9n\u00e9ralement les ressentis, les \u00e9motions, ainsi que le mental ou l\u2019intellect, mais avant tout, au plus profond dans notre inconscient, notre quintessence, le Soi. Cette m\u00e9thode, \u00e9prouv\u00e9e depuis plus de douze ans, est le fruit d&rsquo;une trentaine d&rsquo;ann\u00e9es de recherches personnelles et en \u00e9quipe, qui [&hellip;]","og_url":"https:\/\/sourcesdubienetre-vesoul.com\/index.php\/les-professionnels\/lilavati-g-revelatrice-de-magnificence\/pour-aller-encore-plus-loin-la-methode-epe\/","og_site_name":"Les Sources du Bien-\u00catre","article_publisher":"https:\/\/www.facebook.com\/SourcesduBienEtre\/?locale=fr_FR","article_modified_time":"2023-08-16T07:40:56+00:00","twitter_card":"summary_large_image","twitter_misc":{"Dur\u00e9e de lecture estim\u00e9e":"2 minutes"},"schema":{"@context":"https:\/\/schema.org","@graph":[{"@type":"WebPage","@id":"https:\/\/sourcesdubienetre-vesoul.com\/index.php\/les-professionnels\/lilavati-g-revelatrice-de-magnificence\/pour-aller-encore-plus-loin-la-methode-epe\/","url":"https:\/\/sourcesdubienetre-vesoul.com\/index.php\/les-professionnels\/lilavati-g-revelatrice-de-magnificence\/pour-aller-encore-plus-loin-la-methode-epe\/","name":"Pour aller encore plus loin\u2026 La m\u00e9thode EPE - Les Sources du Bien-\u00catre","isPartOf":{"@id":"https:\/\/sourcesdubienetre-vesoul.com\/#website"},"datePublished":"2023-08-16T07:39:00+00:00","dateModified":"2023-08-16T07:40:56+00:00","breadcrumb":{"@id":"https:\/\/sourcesdubienetre-vesoul.com\/index.php\/les-professionnels\/lilavati-g-revelatrice-de-magnificence\/pour-aller-encore-plus-loin-la-methode-epe\/#breadcrumb"},"inLanguage":"fr-FR","potentialAction":[{"@type":"ReadAction","target":["https:\/\/sourcesdubienetre-vesoul.com\/index.php\/les-professionnels\/lilavati-g-revelatrice-de-magnificence\/pour-aller-encore-plus-loin-la-methode-epe\/"]}]},{"@type":"BreadcrumbList","@id":"https:\/\/sourcesdubienetre-vesoul.com\/index.php\/les-professionnels\/lilavati-g-revelatrice-de-magnificence\/pour-aller-encore-plus-loin-la-methode-epe\/#breadcrumb","itemListElement":[{"@type":"ListItem","position":1,"name":"Accueil","item":"https:\/\/sourcesdubienetre-vesoul.com\/"},{"@type":"ListItem","position":2,"name":"Les professionnels","item":"https:\/\/sourcesdubienetre-vesoul.com\/index.php\/les-professionnels\/"},{"@type":"ListItem","position":3,"name":"Lilavati G. *\u00a0r\u00e9v\u00e9latrice de magnificence\u200b *","item":"https:\/\/sourcesdubienetre-vesoul.com\/index.php\/les-professionnels\/lilavati-g-revelatrice-de-magnificence\/"},{"@type":"ListItem","position":4,"name":"Pour aller encore plus loin\u2026 La m\u00e9thode EPE"}]},{"@type":"WebSite","@id":"https:\/\/sourcesdubienetre-vesoul.com\/#website","url":"https:\/\/sourcesdubienetre-vesoul.com\/","name":"sourcesdubienetre-vesoul","description":"Des professionnel du bien-\u00eatre \u00e0 votre service","publisher":{"@id":"https:\/\/sourcesdubienetre-vesoul.com\/#organization"},"potentialAction":[{"@type":"SearchAction","target":{"@type":"EntryPoint","urlTemplate":"https:\/\/sourcesdubienetre-vesoul.com\/?s={search_term_string}"},"query-input":{"@type":"PropertyValueSpecification","valueRequired":true,"valueName":"search_term_string"}}],"inLanguage":"fr-FR"},{"@type":"Organization","@id":"https:\/\/sourcesdubienetre-vesoul.com\/#organization","name":"Les Sources du Bien-\u00catre","url":"https:\/\/sourcesdubienetre-vesoul.com\/","logo":{"@type":"ImageObject","inLanguage":"fr-FR","@id":"https:\/\/sourcesdubienetre-vesoul.com\/#\/schema\/logo\/image\/","url":"https:\/\/sourcesdubienetre-vesoul.com\/wp-content\/uploads\/2025\/07\/new_logo.jpg","contentUrl":"https:\/\/sourcesdubienetre-vesoul.com\/wp-content\/uploads\/2025\/07\/new_logo.jpg","width":500,"height":500,"caption":"Les Sources du Bien-\u00catre"},"image":{"@id":"https:\/\/sourcesdubienetre-vesoul.com\/#\/schema\/logo\/image\/"},"sameAs":["https:\/\/www.facebook.com\/SourcesduBienEtre\/?locale=fr_FR"]}]}},"_links":{"self":[{"href":"https:\/\/sourcesdubienetre-vesoul.com\/index.php\/wp-json\/wp\/v2\/pages\/295","targetHints":{"allow":["GET"]}}],"collection":[{"href":"https:\/\/sourcesdubienetre-vesoul.com\/index.php\/wp-json\/wp\/v2\/pages"}],"about":[{"href":"https:\/\/sourcesdubienetre-vesoul.com\/index.php\/wp-json\/wp\/v2\/types\/page"}],"author":[{"embeddable":true,"href":"https:\/\/sourcesdubienetre-vesoul.com\/index.php\/wp-json\/wp\/v2\/users\/3"}],"replies":[{"embeddable":true,"href":"https:\/\/sourcesdubienetre-vesoul.com\/index.php\/wp-json\/wp\/v2\/comments?post=295"}],"version-history":[{"count":1,"href":"https:\/\/sourcesdubienetre-vesoul.com\/index.php\/wp-json\/wp\/v2\/pages\/295\/revisions"}],"predecessor-version":[{"id":296,"href":"https:\/\/sourcesdubienetre-vesoul.com\/index.php\/wp-json\/wp\/v2\/pages\/295\/revisions\/296"}],"up":[{"embeddable":true,"href":"https:\/\/sourcesdubienetre-vesoul.com\/index.php\/wp-json\/wp\/v2\/pages\/102"}],"wp:attachment":[{"href":"https:\/\/sourcesdubienetre-vesoul.com\/index.php\/wp-json\/wp\/v2\/media?parent=295"}],"curies":[{"name":"wp","href":"https:\/\/api.w.org\/{rel}","templated":true}]}}