{"id":297,"date":"2023-08-16T09:40:31","date_gmt":"2023-08-16T07:40:31","guid":{"rendered":"http:\/\/cjsmjrl.cluster029.hosting.ovh.net\/?page_id=297"},"modified":"2023-08-16T09:40:31","modified_gmt":"2023-08-16T07:40:31","slug":"qui-je-suis-mon-parcours","status":"publish","type":"page","link":"https:\/\/sourcesdubienetre-vesoul.com\/index.php\/les-professionnels\/lilavati-g-revelatrice-de-magnificence\/qui-je-suis-mon-parcours\/","title":{"rendered":"Qui je suis, mon parcours"},"content":{"rendered":"\n<p>N\u00e9e en Provence, j\u2019ai grandi au sein d\u2019une famille d\u00e9j\u00e0 sensibilis\u00e9e aux questions de vie saine, sant\u00e9 au naturel et recherche d\u2019\u00e9panouissement.&nbsp;<\/p>\n\n\n\n<p>\u00c9galement chanteuse et musicienne depuis mon enfance, j\u2019ai eu la chance d\u2019\u00eatre totalement soutenue et accompagn\u00e9e dans mes choix, ce qui m&rsquo;a permis d&rsquo;\u00e9tablir mon projet professionnel d\u00e8s la fin de mes \u00e9tudes g\u00e9n\u00e9rales.<\/p>\n\n\n\n<p>En plus de mes comp\u00e9tences musicales, j&rsquo;ai eu envie d&rsquo;apprendre quelque chose de mes mains, un m\u00e9tier plus mat\u00e9riel et concret ;&nbsp; c&rsquo;est l&rsquo;esth\u00e9tique qui l&rsquo;a emport\u00e9, de part une sensibilit\u00e9 au soin et \u00e0 l&rsquo;humain que j&rsquo;ai toujours eu.<\/p>\n\n\n\n<p>C\u2019est en fin de premi\u00e8re ann\u00e9e de CAP que j\u2019ai d\u00e9couvert l\u2019existence de la \u00ab\u00a0bio-esth\u00e9tique\u00a0\u00bb, avec les produits Dr Hauschka.<\/p>\n\n\n\n<p>Je subissais depuis des mois une allergie cutan\u00e9e g\u00e9n\u00e9ralis\u00e9e suite \u00e0 l\u2019utilisation des produits cosm\u00e9tiques de l\u2019\u00e9cole, et gr\u00e2ce \u00e0 cette approche, j\u2019ai pu enfin comprendre la globalit\u00e9 de ce qui se passait et me r\u00e9tablir assez rapidement en appliquant des principes naturels simples mais si pleins de bon sens !<\/p>\n\n\n\n<p>Ce f\u00fbt une r\u00e9v\u00e9lation, qui, v\u00e9cue dans mon corps, m\u2019a ouvert la porte \u00e0 une nouvelle voie, sous l&rsquo;\u00e9vidence m\u00eame, que je n&rsquo;ai jamais cess\u00e9 d&rsquo;explorer depuis.<\/p>\n\n\n\n<p>J\u2019ai poursuivi mes \u00e9tudes en apprentissage \u00e0 l\u2019institut Arkence avec Myriam Martin (Avignon) pendant plus de deux ans, devenant fi\u00e8rement \u00abbio-esth\u00e9ticienne agr\u00e9e Dr Hauschka\u00bb,&nbsp;en f\u00e9vrier 2008. A son contact, j&rsquo;ai beaucoup appris : l\u2019art du toucher, la profondeur et l\u2019importance de la peau en tant que rapport entre l\u2019int\u00e9rieur et l\u2019ext\u00e9rieur de soi, comment accompagner ainsi une personne dans sa globalit\u00e9\u2026<\/p>\n\n\n\n<p>Ce que ma pratique professionnelle au fil des ann\u00e9es a toujours valid\u00e9, m\u2019invitant \u00e0 aller toujours plus loin.<\/p>\n\n\n\n<p>Parall\u00e8lement, je me suis form\u00e9e \u00e0 d\u2019autres approches compl\u00e9mentaires : estime de soi, conseil en image, th\u00e9\u00e2tre, m\u00e9thode EPE \u2026<br>Tout en suivant mon chemin musical !<\/p>\n\n\n\n<p>C\u2019est en 2010 que je cr\u00e9e mon entreprise Wild Woman\u2019Show Lilavati, avec mes deux activit\u00e9s en bin\u00f4me.<\/p>\n\n\n\n<p>En 2011, je quitte la r\u00e9gion avignonaise pour la Haute-Sa\u00f4ne.<\/p>\n\n\n\n<p>C\u2019est par le biais d\u2019animations&nbsp;\u00e0&nbsp;<a href=\"https:\/\/www.facebook.com\/lavieclaire.vesoul\/\" target=\"_blank\" rel=\"noreferrer noopener\">La Vie Claire<\/a>, magasin bio \u00e0 Vesoul que je commence \u00e0 me faire conna\u00eetre dans ma nouvelle r\u00e9gion.<\/p>\n\n\n\n<p>Ayant toujours eu envie de partager un lieu avec d\u2019autres personnes, qui auraient une \u00e9thique et des valeurs similaires aux miennes, je rencontre un beau jour Claude Cormy, puis Odile Fran\u00e7ois. L\u2019entente \u00e9tant imm\u00e9diate, les compl\u00e9mentarit\u00e9s \u00e9videntes, un lien fort se cr\u00e9e et apr\u00e8s quelques semaines de partage de locaux, nous d\u00e9cidons de cr\u00e9er&nbsp;<strong>Les Sources du Bien-Etre<\/strong>, une structure collective qui nous permet d\u00e8s lors de mieux rayonner : conf\u00e9rences \u00e0 trois voix, portes ouvertes, ateliers, salons\u2026<br>Nous d\u00e9m\u00e9nageons boulevard g\u00e9n\u00e9ral de Gaulle en 2013, et en 2016, Jean-Baptiste Faivre rejoint le collectif.<\/p>\n\n\n\n<p>Chemin faisant, j&rsquo;int\u00e8gre \u00e0 mes activit\u00e9s l&rsquo; \u00ab accompagnement de l\u2019image et du Soi \u00bb, suite \u00e0 plusieurs demandes de partager mon exp\u00e9rience personnelle quant au vaste domaine de la relation \u00e0 Soi-m\u00eame, que j\u2019ai \u00e9tudi\u00e9 avec passion toute ma vie.<\/p>\n\n\n\n<p>Les diff\u00e9rents outils acquis, notamment la m\u00e9thode EPE, m\u00e9ritent de se faire conna\u00eetre et de pouvoir jouer leur r\u00f4le dans notre \u00e9panouissement.<\/p>\n\n\n\n<p>D\u00e9but 2019, je reprends \u00e0 plein temps mes deux activit\u00e9s professionnelles, apr\u00e8s une pause maternit\u00e9 et riche de l\u2019exp\u00e9rience de plusieurs ann\u00e9es de travail en parall\u00e8le en magasin bio, o\u00f9 d\u2019autres formations sont venues compl\u00e9ter mes comp\u00e9tences : nutrition, huiles essentielles, fleurs de Bach \u2026<\/p>\n\n\n\n<p>Les Sources du Bien-Etre trouvent une nouvelle dynamique aujourd\u2019hui dans un espace plus grand, boulevard des Alli\u00e9s, qui permet le d\u00e9veloppement des activit\u00e9s respectives de chacun ainsi que du collectif.<\/p>\n\n\n\n<p>Je mets en place de mon c\u00f4t\u00e9 d\u2019autres services : massage assis itin\u00e9rant, ateliers, journ\u00e9es bio-esth\u00e9tique, o\u00f9 je me d\u00e9place \u00e0 la demande.<\/p>\n\n\n\n<p><strong>Ma d\u00e9marche<\/strong><\/p>\n\n\n\n<figure class=\"wp-block-image\"><img loading=\"lazy\" decoding=\"async\" width=\"327\" height=\"25\" src=\"http:\/\/cjsmjrl.cluster029.hosting.ovh.net\/wp-content\/uploads\/2023\/08\/image-8.png\" alt=\"\" class=\"wp-image-298\" srcset=\"https:\/\/sourcesdubienetre-vesoul.com\/wp-content\/uploads\/2023\/08\/image-8.png 327w, https:\/\/sourcesdubienetre-vesoul.com\/wp-content\/uploads\/2023\/08\/image-8-300x23.png 300w\" sizes=\"auto, (max-width: 327px) 100vw, 327px\" \/><\/figure>\n\n\n\n<figure class=\"wp-block-image\"><img loading=\"lazy\" decoding=\"async\" width=\"325\" height=\"216\" src=\"http:\/\/cjsmjrl.cluster029.hosting.ovh.net\/wp-content\/uploads\/2023\/08\/image-29.jpeg\" alt=\"\" class=\"wp-image-299\" srcset=\"https:\/\/sourcesdubienetre-vesoul.com\/wp-content\/uploads\/2023\/08\/image-29.jpeg 325w, https:\/\/sourcesdubienetre-vesoul.com\/wp-content\/uploads\/2023\/08\/image-29-300x199.jpeg 300w\" sizes=\"auto, (max-width: 325px) 100vw, 325px\" \/><\/figure>\n\n\n\n<p><strong>R\u00e9v\u00e9latrice de magnificence<\/strong><\/p>\n\n\n\n<p>Cela fait longtemps que je pense \u00e0 un titre, une appellation du service global que je propose avec la bio-esth\u00e9tique et l\u2019accompagnement du Soi, qui serait plus indicatif sur&nbsp;<br>ce qui fait que l\u2019on fait appel \u00e0 ma personne et non \u00e0 une autre.<\/p>\n\n\n\n<p>Autrement dit, ma sp\u00e9cificit\u00e9.<\/p>\n\n\n\n<p>C\u2019est difficile de mettre en mot ce qui est v\u00e9cu pendant un soin, que ce soit un soin du visage, une \u00e9pilation douce, une s\u00e9ance EPE ou n\u2019importe quelle autre prestation ; les mots sont bien maigres lorsqu\u2019on parle de sensations, de mouvements int\u00e9rieurs\u2026<\/p>\n\n\n\n<p>Le mieux est de vivre soi-m\u00eame l\u2019exp\u00e9rience, puisque cela est propre \u00e0 chacun.<\/p>\n\n\n\n<p><strong>R\u00e9v\u00e9latrice<\/strong>, parce qu\u2019il s\u2019agit de r\u00e9v\u00e9ler ce qui est&nbsp;<strong>d\u00e9j\u00e0 en soi<\/strong>&nbsp;et qui ne demande qu\u2019\u00e0 s\u2019exprimer naturellement, librement. Le regard que l\u2019on a sur soi se porte trop souvent sur une image, qui est bien \u00e9loign\u00e9e de qui l\u2019on est vraiment.&nbsp;<\/p>\n\n\n\n<p>J\u2019accompagne toujours avec un grand plaisir ce mouvement de retour \u00e0 soi,&nbsp;dans un respect et une \u00e9coute totale du rythme juste pour la personne.<\/p>\n\n\n\n<p><strong>La magnificence<\/strong>, parce que c\u2019est ce que je vois appara\u00eetre au fur et \u00e0 mesure d\u2019un soin ; on parle souvent de beaut\u00e9, de beaut\u00e9 int\u00e9rieure etc. mais pour moi, c\u2019est beaucoup plus que \u00e7a. La magnificence, c\u2019est ce qu\u2019il y a de plus beau, de plus \u00e9clatant, de plus \u00e9tincelant, et c\u2019est ce qui<strong>&nbsp;\u00e9merge de l\u2019int\u00e9rieur&nbsp;<\/strong>d\u2019une personne qui re\u00e7oit inconditionnellement de la pr\u00e9sence, de l\u2019attention, de la bienveillance, de la douceur, c\u2019est-\u00e0-dire du \u00ab soin \u00bb dans son sens premier.&nbsp;Lorsque l\u2019on a re\u00e7u tout cela, on rayonne naturellement,&nbsp;on irradie de l\u2019int\u00e9rieur et c\u2019est vraiment magnifique.<\/p>\n\n\n\n<p>Voil\u00e0 pourquoi j\u2019ai choisi d\u2019adopter cette appellation, *r\u00e9v\u00e9latrice de magnificence* ;&nbsp;<\/p>\n\n\n\n<p>parce que c\u2019est le sens que je donne \u00e0 l\u2019exercice de mon m\u00e9tier, ce que je vis dans mon m\u00e9tier.&nbsp;C\u2019est&nbsp;<strong>ma sp\u00e9cificit\u00e9.<\/strong><\/p>\n\n\n\n<p>Je le fais avec c\u0153ur et \u00e9quit\u00e9, et partage tous mes outils et connaissances, approuv\u00e9s et test\u00e9s de ma propre exp\u00e9rience, au service de cela.<\/p>\n\n\n\n<p>Au plaisir de prendre soin de vous&#8230;!&nbsp;<\/p>\n\n\n\n<p>&nbsp; &nbsp; &nbsp; &nbsp; &nbsp; &nbsp; &nbsp; &nbsp; &nbsp; &nbsp; &nbsp; &nbsp; &nbsp; &nbsp; &nbsp; &nbsp; &nbsp; &nbsp; &nbsp; &nbsp; &nbsp; &nbsp; &nbsp; &nbsp; &nbsp; &nbsp; &nbsp; &nbsp; &nbsp; &nbsp; &nbsp; &nbsp; &nbsp; &nbsp; &nbsp; &nbsp; &nbsp; &nbsp; &nbsp; &nbsp; &nbsp; &nbsp; &nbsp; &nbsp; &nbsp; &nbsp; &nbsp; &nbsp; &nbsp; &nbsp; &nbsp; &nbsp; &nbsp; &nbsp;Lilavati G.<\/p>\n","protected":false},"excerpt":{"rendered":"<p>N\u00e9e en Provence, j\u2019ai grandi au sein d\u2019une famille d\u00e9j\u00e0 sensibilis\u00e9e aux questions de vie saine, sant\u00e9 au naturel et recherche d\u2019\u00e9panouissement.&nbsp; \u00c9galement chanteuse et musicienne depuis mon enfance, j\u2019ai eu la chance d\u2019\u00eatre totalement soutenue et accompagn\u00e9e dans mes choix, ce qui m&rsquo;a permis d&rsquo;\u00e9tablir mon projet professionnel d\u00e8s la fin de mes \u00e9tudes [&hellip;]<\/p>\n","protected":false},"author":3,"featured_media":0,"parent":102,"menu_order":8,"comment_status":"closed","ping_status":"closed","template":"","meta":{"site-sidebar-layout":"default","site-content-layout":"","ast-site-content-layout":"","site-content-style":"default","site-sidebar-style":"default","ast-global-header-display":"","ast-banner-title-visibility":"","ast-main-header-display":"","ast-hfb-above-header-display":"","ast-hfb-below-header-display":"","ast-hfb-mobile-header-display":"","site-post-title":"","ast-breadcrumbs-content":"","ast-featured-img":"","footer-sml-layout":"","theme-transparent-header-meta":"","adv-header-id-meta":"","stick-header-meta":"","header-above-stick-meta":"","header-main-stick-meta":"","header-below-stick-meta":"","astra-migrate-meta-layouts":"default","ast-page-background-enabled":"default","ast-page-background-meta":{"desktop":{"background-color":"var(--ast-global-color-4)","background-image":"","background-repeat":"repeat","background-position":"center center","background-size":"auto","background-attachment":"scroll","background-type":"","background-media":"","overlay-type":"","overlay-color":"","overlay-opacity":"","overlay-gradient":""},"tablet":{"background-color":"","background-image":"","background-repeat":"repeat","background-position":"center center","background-size":"auto","background-attachment":"scroll","background-type":"","background-media":"","overlay-type":"","overlay-color":"","overlay-opacity":"","overlay-gradient":""},"mobile":{"background-color":"","background-image":"","background-repeat":"repeat","background-position":"center center","background-size":"auto","background-attachment":"scroll","background-type":"","background-media":"","overlay-type":"","overlay-color":"","overlay-opacity":"","overlay-gradient":""}},"ast-content-background-meta":{"desktop":{"background-color":"var(--ast-global-color-5)","background-image":"","background-repeat":"repeat","background-position":"center center","background-size":"auto","background-attachment":"scroll","background-type":"","background-media":"","overlay-type":"","overlay-color":"","overlay-opacity":"","overlay-gradient":""},"tablet":{"background-color":"var(--ast-global-color-5)","background-image":"","background-repeat":"repeat","background-position":"center center","background-size":"auto","background-attachment":"scroll","background-type":"","background-media":"","overlay-type":"","overlay-color":"","overlay-opacity":"","overlay-gradient":""},"mobile":{"background-color":"var(--ast-global-color-5)","background-image":"","background-repeat":"repeat","background-position":"center center","background-size":"auto","background-attachment":"scroll","background-type":"","background-media":"","overlay-type":"","overlay-color":"","overlay-opacity":"","overlay-gradient":""}},"footnotes":""},"class_list":["post-297","page","type-page","status-publish","hentry"],"yoast_head":"<!-- This site is optimized with the Yoast SEO plugin v27.4 - https:\/\/yoast.com\/product\/yoast-seo-wordpress\/ -->\n<title>Qui je suis, mon parcours - Les Sources du Bien-\u00catre<\/title>\n<meta name=\"robots\" content=\"index, follow, max-snippet:-1, max-image-preview:large, max-video-preview:-1\" \/>\n<link rel=\"canonical\" href=\"https:\/\/sourcesdubienetre-vesoul.com\/index.php\/les-professionnels\/lilavati-g-revelatrice-de-magnificence\/qui-je-suis-mon-parcours\/\" \/>\n<meta property=\"og:locale\" content=\"fr_FR\" \/>\n<meta property=\"og:type\" content=\"article\" \/>\n<meta property=\"og:title\" content=\"Qui je suis, mon parcours - Les Sources du Bien-\u00catre\" \/>\n<meta property=\"og:description\" content=\"N\u00e9e en Provence, j\u2019ai grandi au sein d\u2019une famille d\u00e9j\u00e0 sensibilis\u00e9e aux questions de vie saine, sant\u00e9 au naturel et recherche d\u2019\u00e9panouissement.&nbsp; \u00c9galement chanteuse et musicienne depuis mon enfance, j\u2019ai eu la chance d\u2019\u00eatre totalement soutenue et accompagn\u00e9e dans mes choix, ce qui m&rsquo;a permis d&rsquo;\u00e9tablir mon projet professionnel d\u00e8s la fin de mes \u00e9tudes [&hellip;]\" \/>\n<meta property=\"og:url\" content=\"https:\/\/sourcesdubienetre-vesoul.com\/index.php\/les-professionnels\/lilavati-g-revelatrice-de-magnificence\/qui-je-suis-mon-parcours\/\" \/>\n<meta property=\"og:site_name\" content=\"Les Sources du Bien-\u00catre\" \/>\n<meta property=\"article:publisher\" content=\"https:\/\/www.facebook.com\/SourcesduBienEtre\/?locale=fr_FR\" \/>\n<meta property=\"og:image\" content=\"http:\/\/cjsmjrl.cluster029.hosting.ovh.net\/wp-content\/uploads\/2023\/08\/image-8.png\" \/>\n<meta name=\"twitter:card\" content=\"summary_large_image\" \/>\n<meta name=\"twitter:label1\" content=\"Dur\u00e9e de lecture estim\u00e9e\" \/>\n\t<meta name=\"twitter:data1\" content=\"6 minutes\" \/>\n<script type=\"application\/ld+json\" class=\"yoast-schema-graph\">{\"@context\":\"https:\\\/\\\/schema.org\",\"@graph\":[{\"@type\":\"WebPage\",\"@id\":\"https:\\\/\\\/sourcesdubienetre-vesoul.com\\\/index.php\\\/les-professionnels\\\/lilavati-g-revelatrice-de-magnificence\\\/qui-je-suis-mon-parcours\\\/\",\"url\":\"https:\\\/\\\/sourcesdubienetre-vesoul.com\\\/index.php\\\/les-professionnels\\\/lilavati-g-revelatrice-de-magnificence\\\/qui-je-suis-mon-parcours\\\/\",\"name\":\"Qui je suis, mon parcours - Les Sources du Bien-\u00catre\",\"isPartOf\":{\"@id\":\"https:\\\/\\\/sourcesdubienetre-vesoul.com\\\/#website\"},\"primaryImageOfPage\":{\"@id\":\"https:\\\/\\\/sourcesdubienetre-vesoul.com\\\/index.php\\\/les-professionnels\\\/lilavati-g-revelatrice-de-magnificence\\\/qui-je-suis-mon-parcours\\\/#primaryimage\"},\"image\":{\"@id\":\"https:\\\/\\\/sourcesdubienetre-vesoul.com\\\/index.php\\\/les-professionnels\\\/lilavati-g-revelatrice-de-magnificence\\\/qui-je-suis-mon-parcours\\\/#primaryimage\"},\"thumbnailUrl\":\"http:\\\/\\\/cjsmjrl.cluster029.hosting.ovh.net\\\/wp-content\\\/uploads\\\/2023\\\/08\\\/image-8.png\",\"datePublished\":\"2023-08-16T07:40:31+00:00\",\"breadcrumb\":{\"@id\":\"https:\\\/\\\/sourcesdubienetre-vesoul.com\\\/index.php\\\/les-professionnels\\\/lilavati-g-revelatrice-de-magnificence\\\/qui-je-suis-mon-parcours\\\/#breadcrumb\"},\"inLanguage\":\"fr-FR\",\"potentialAction\":[{\"@type\":\"ReadAction\",\"target\":[\"https:\\\/\\\/sourcesdubienetre-vesoul.com\\\/index.php\\\/les-professionnels\\\/lilavati-g-revelatrice-de-magnificence\\\/qui-je-suis-mon-parcours\\\/\"]}]},{\"@type\":\"ImageObject\",\"inLanguage\":\"fr-FR\",\"@id\":\"https:\\\/\\\/sourcesdubienetre-vesoul.com\\\/index.php\\\/les-professionnels\\\/lilavati-g-revelatrice-de-magnificence\\\/qui-je-suis-mon-parcours\\\/#primaryimage\",\"url\":\"http:\\\/\\\/cjsmjrl.cluster029.hosting.ovh.net\\\/wp-content\\\/uploads\\\/2023\\\/08\\\/image-8.png\",\"contentUrl\":\"http:\\\/\\\/cjsmjrl.cluster029.hosting.ovh.net\\\/wp-content\\\/uploads\\\/2023\\\/08\\\/image-8.png\"},{\"@type\":\"BreadcrumbList\",\"@id\":\"https:\\\/\\\/sourcesdubienetre-vesoul.com\\\/index.php\\\/les-professionnels\\\/lilavati-g-revelatrice-de-magnificence\\\/qui-je-suis-mon-parcours\\\/#breadcrumb\",\"itemListElement\":[{\"@type\":\"ListItem\",\"position\":1,\"name\":\"Accueil\",\"item\":\"https:\\\/\\\/sourcesdubienetre-vesoul.com\\\/\"},{\"@type\":\"ListItem\",\"position\":2,\"name\":\"Les professionnels\",\"item\":\"https:\\\/\\\/sourcesdubienetre-vesoul.com\\\/index.php\\\/les-professionnels\\\/\"},{\"@type\":\"ListItem\",\"position\":3,\"name\":\"Lilavati G. *\u00a0r\u00e9v\u00e9latrice de magnificence\u200b *\",\"item\":\"https:\\\/\\\/sourcesdubienetre-vesoul.com\\\/index.php\\\/les-professionnels\\\/lilavati-g-revelatrice-de-magnificence\\\/\"},{\"@type\":\"ListItem\",\"position\":4,\"name\":\"Qui je suis, mon parcours\"}]},{\"@type\":\"WebSite\",\"@id\":\"https:\\\/\\\/sourcesdubienetre-vesoul.com\\\/#website\",\"url\":\"https:\\\/\\\/sourcesdubienetre-vesoul.com\\\/\",\"name\":\"sourcesdubienetre-vesoul\",\"description\":\"Des professionnel du bien-\u00eatre \u00e0 votre service\",\"publisher\":{\"@id\":\"https:\\\/\\\/sourcesdubienetre-vesoul.com\\\/#organization\"},\"potentialAction\":[{\"@type\":\"SearchAction\",\"target\":{\"@type\":\"EntryPoint\",\"urlTemplate\":\"https:\\\/\\\/sourcesdubienetre-vesoul.com\\\/?s={search_term_string}\"},\"query-input\":{\"@type\":\"PropertyValueSpecification\",\"valueRequired\":true,\"valueName\":\"search_term_string\"}}],\"inLanguage\":\"fr-FR\"},{\"@type\":\"Organization\",\"@id\":\"https:\\\/\\\/sourcesdubienetre-vesoul.com\\\/#organization\",\"name\":\"Les Sources du Bien-\u00catre\",\"url\":\"https:\\\/\\\/sourcesdubienetre-vesoul.com\\\/\",\"logo\":{\"@type\":\"ImageObject\",\"inLanguage\":\"fr-FR\",\"@id\":\"https:\\\/\\\/sourcesdubienetre-vesoul.com\\\/#\\\/schema\\\/logo\\\/image\\\/\",\"url\":\"https:\\\/\\\/sourcesdubienetre-vesoul.com\\\/wp-content\\\/uploads\\\/2025\\\/07\\\/new_logo.jpg\",\"contentUrl\":\"https:\\\/\\\/sourcesdubienetre-vesoul.com\\\/wp-content\\\/uploads\\\/2025\\\/07\\\/new_logo.jpg\",\"width\":500,\"height\":500,\"caption\":\"Les Sources du Bien-\u00catre\"},\"image\":{\"@id\":\"https:\\\/\\\/sourcesdubienetre-vesoul.com\\\/#\\\/schema\\\/logo\\\/image\\\/\"},\"sameAs\":[\"https:\\\/\\\/www.facebook.com\\\/SourcesduBienEtre\\\/?locale=fr_FR\"]}]}<\/script>\n<!-- \/ Yoast SEO plugin. -->","yoast_head_json":{"title":"Qui je suis, mon parcours - Les Sources du Bien-\u00catre","robots":{"index":"index","follow":"follow","max-snippet":"max-snippet:-1","max-image-preview":"max-image-preview:large","max-video-preview":"max-video-preview:-1"},"canonical":"https:\/\/sourcesdubienetre-vesoul.com\/index.php\/les-professionnels\/lilavati-g-revelatrice-de-magnificence\/qui-je-suis-mon-parcours\/","og_locale":"fr_FR","og_type":"article","og_title":"Qui je suis, mon parcours - Les Sources du Bien-\u00catre","og_description":"N\u00e9e en Provence, j\u2019ai grandi au sein d\u2019une famille d\u00e9j\u00e0 sensibilis\u00e9e aux questions de vie saine, sant\u00e9 au naturel et recherche d\u2019\u00e9panouissement.&nbsp; \u00c9galement chanteuse et musicienne depuis mon enfance, j\u2019ai eu la chance d\u2019\u00eatre totalement soutenue et accompagn\u00e9e dans mes choix, ce qui m&rsquo;a permis d&rsquo;\u00e9tablir mon projet professionnel d\u00e8s la fin de mes \u00e9tudes [&hellip;]","og_url":"https:\/\/sourcesdubienetre-vesoul.com\/index.php\/les-professionnels\/lilavati-g-revelatrice-de-magnificence\/qui-je-suis-mon-parcours\/","og_site_name":"Les Sources du Bien-\u00catre","article_publisher":"https:\/\/www.facebook.com\/SourcesduBienEtre\/?locale=fr_FR","og_image":[{"url":"http:\/\/cjsmjrl.cluster029.hosting.ovh.net\/wp-content\/uploads\/2023\/08\/image-8.png","type":"","width":"","height":""}],"twitter_card":"summary_large_image","twitter_misc":{"Dur\u00e9e de lecture estim\u00e9e":"6 minutes"},"schema":{"@context":"https:\/\/schema.org","@graph":[{"@type":"WebPage","@id":"https:\/\/sourcesdubienetre-vesoul.com\/index.php\/les-professionnels\/lilavati-g-revelatrice-de-magnificence\/qui-je-suis-mon-parcours\/","url":"https:\/\/sourcesdubienetre-vesoul.com\/index.php\/les-professionnels\/lilavati-g-revelatrice-de-magnificence\/qui-je-suis-mon-parcours\/","name":"Qui je suis, mon parcours - Les Sources du Bien-\u00catre","isPartOf":{"@id":"https:\/\/sourcesdubienetre-vesoul.com\/#website"},"primaryImageOfPage":{"@id":"https:\/\/sourcesdubienetre-vesoul.com\/index.php\/les-professionnels\/lilavati-g-revelatrice-de-magnificence\/qui-je-suis-mon-parcours\/#primaryimage"},"image":{"@id":"https:\/\/sourcesdubienetre-vesoul.com\/index.php\/les-professionnels\/lilavati-g-revelatrice-de-magnificence\/qui-je-suis-mon-parcours\/#primaryimage"},"thumbnailUrl":"http:\/\/cjsmjrl.cluster029.hosting.ovh.net\/wp-content\/uploads\/2023\/08\/image-8.png","datePublished":"2023-08-16T07:40:31+00:00","breadcrumb":{"@id":"https:\/\/sourcesdubienetre-vesoul.com\/index.php\/les-professionnels\/lilavati-g-revelatrice-de-magnificence\/qui-je-suis-mon-parcours\/#breadcrumb"},"inLanguage":"fr-FR","potentialAction":[{"@type":"ReadAction","target":["https:\/\/sourcesdubienetre-vesoul.com\/index.php\/les-professionnels\/lilavati-g-revelatrice-de-magnificence\/qui-je-suis-mon-parcours\/"]}]},{"@type":"ImageObject","inLanguage":"fr-FR","@id":"https:\/\/sourcesdubienetre-vesoul.com\/index.php\/les-professionnels\/lilavati-g-revelatrice-de-magnificence\/qui-je-suis-mon-parcours\/#primaryimage","url":"http:\/\/cjsmjrl.cluster029.hosting.ovh.net\/wp-content\/uploads\/2023\/08\/image-8.png","contentUrl":"http:\/\/cjsmjrl.cluster029.hosting.ovh.net\/wp-content\/uploads\/2023\/08\/image-8.png"},{"@type":"BreadcrumbList","@id":"https:\/\/sourcesdubienetre-vesoul.com\/index.php\/les-professionnels\/lilavati-g-revelatrice-de-magnificence\/qui-je-suis-mon-parcours\/#breadcrumb","itemListElement":[{"@type":"ListItem","position":1,"name":"Accueil","item":"https:\/\/sourcesdubienetre-vesoul.com\/"},{"@type":"ListItem","position":2,"name":"Les professionnels","item":"https:\/\/sourcesdubienetre-vesoul.com\/index.php\/les-professionnels\/"},{"@type":"ListItem","position":3,"name":"Lilavati G. *\u00a0r\u00e9v\u00e9latrice de magnificence\u200b *","item":"https:\/\/sourcesdubienetre-vesoul.com\/index.php\/les-professionnels\/lilavati-g-revelatrice-de-magnificence\/"},{"@type":"ListItem","position":4,"name":"Qui je suis, mon parcours"}]},{"@type":"WebSite","@id":"https:\/\/sourcesdubienetre-vesoul.com\/#website","url":"https:\/\/sourcesdubienetre-vesoul.com\/","name":"sourcesdubienetre-vesoul","description":"Des professionnel du bien-\u00eatre \u00e0 votre service","publisher":{"@id":"https:\/\/sourcesdubienetre-vesoul.com\/#organization"},"potentialAction":[{"@type":"SearchAction","target":{"@type":"EntryPoint","urlTemplate":"https:\/\/sourcesdubienetre-vesoul.com\/?s={search_term_string}"},"query-input":{"@type":"PropertyValueSpecification","valueRequired":true,"valueName":"search_term_string"}}],"inLanguage":"fr-FR"},{"@type":"Organization","@id":"https:\/\/sourcesdubienetre-vesoul.com\/#organization","name":"Les Sources du Bien-\u00catre","url":"https:\/\/sourcesdubienetre-vesoul.com\/","logo":{"@type":"ImageObject","inLanguage":"fr-FR","@id":"https:\/\/sourcesdubienetre-vesoul.com\/#\/schema\/logo\/image\/","url":"https:\/\/sourcesdubienetre-vesoul.com\/wp-content\/uploads\/2025\/07\/new_logo.jpg","contentUrl":"https:\/\/sourcesdubienetre-vesoul.com\/wp-content\/uploads\/2025\/07\/new_logo.jpg","width":500,"height":500,"caption":"Les Sources du Bien-\u00catre"},"image":{"@id":"https:\/\/sourcesdubienetre-vesoul.com\/#\/schema\/logo\/image\/"},"sameAs":["https:\/\/www.facebook.com\/SourcesduBienEtre\/?locale=fr_FR"]}]}},"_links":{"self":[{"href":"https:\/\/sourcesdubienetre-vesoul.com\/index.php\/wp-json\/wp\/v2\/pages\/297","targetHints":{"allow":["GET"]}}],"collection":[{"href":"https:\/\/sourcesdubienetre-vesoul.com\/index.php\/wp-json\/wp\/v2\/pages"}],"about":[{"href":"https:\/\/sourcesdubienetre-vesoul.com\/index.php\/wp-json\/wp\/v2\/types\/page"}],"author":[{"embeddable":true,"href":"https:\/\/sourcesdubienetre-vesoul.com\/index.php\/wp-json\/wp\/v2\/users\/3"}],"replies":[{"embeddable":true,"href":"https:\/\/sourcesdubienetre-vesoul.com\/index.php\/wp-json\/wp\/v2\/comments?post=297"}],"version-history":[{"count":1,"href":"https:\/\/sourcesdubienetre-vesoul.com\/index.php\/wp-json\/wp\/v2\/pages\/297\/revisions"}],"predecessor-version":[{"id":300,"href":"https:\/\/sourcesdubienetre-vesoul.com\/index.php\/wp-json\/wp\/v2\/pages\/297\/revisions\/300"}],"up":[{"embeddable":true,"href":"https:\/\/sourcesdubienetre-vesoul.com\/index.php\/wp-json\/wp\/v2\/pages\/102"}],"wp:attachment":[{"href":"https:\/\/sourcesdubienetre-vesoul.com\/index.php\/wp-json\/wp\/v2\/media?parent=297"}],"curies":[{"name":"wp","href":"https:\/\/api.w.org\/{rel}","templated":true}]}}