{"id":95,"date":"2023-06-13T15:27:43","date_gmt":"2023-06-13T13:27:43","guid":{"rendered":"http:\/\/cjsmjrl.cluster029.hosting.ovh.net\/?page_id=95"},"modified":"2025-07-29T14:21:38","modified_gmt":"2025-07-29T12:21:38","slug":"accueil","status":"publish","type":"page","link":"https:\/\/sourcesdubienetre-vesoul.com\/","title":{"rendered":"Accueil"},"content":{"rendered":"\n<div class=\"wp-block-columns are-vertically-aligned-center is-layout-flex wp-container-core-columns-is-layout-07b7b7eb wp-block-columns-is-layout-flex\" style=\"padding-top:0;padding-right:0;padding-bottom:0;padding-left:0\">\n<div class=\"wp-block-column is-vertically-aligned-center is-layout-flow wp-block-column-is-layout-flow\">\n<blockquote class=\"wp-block-quote is-layout-flow wp-block-quote-is-layout-flow\">\n<p>BIENVENUE aux<strong> Sources du Bien-\u00eatre,&nbsp;<\/strong><br><strong>Un espace d&rsquo;activit\u00e9s et d&rsquo;accueil<\/strong> <strong>propos\u00e9 aux professionnels du Bien-\u00eatre<\/strong>, <strong>de mani\u00e8re permanente ou ponctuelle,<\/strong> <strong>g\u00e9r\u00e9 par l&rsquo;association du m\u00eame nom.<\/strong><\/p>\n<\/blockquote>\n<\/div>\n\n\n\n<div class=\"wp-block-column is-vertically-aligned-center is-layout-flow wp-block-column-is-layout-flow\">\n<figure class=\"wp-block-image size-large\"><img loading=\"lazy\" decoding=\"async\" width=\"1024\" height=\"1024\" src=\"https:\/\/sourcesdubienetre-vesoul.com\/wp-content\/uploads\/2023\/10\/Nuage-de-mot-1024x1024.png\" alt=\"\" class=\"wp-image-462\" srcset=\"https:\/\/sourcesdubienetre-vesoul.com\/wp-content\/uploads\/2023\/10\/Nuage-de-mot-1024x1024.png 1024w, https:\/\/sourcesdubienetre-vesoul.com\/wp-content\/uploads\/2023\/10\/Nuage-de-mot-300x300.png 300w, https:\/\/sourcesdubienetre-vesoul.com\/wp-content\/uploads\/2023\/10\/Nuage-de-mot-150x150.png 150w, https:\/\/sourcesdubienetre-vesoul.com\/wp-content\/uploads\/2023\/10\/Nuage-de-mot-768x768.png 768w, https:\/\/sourcesdubienetre-vesoul.com\/wp-content\/uploads\/2023\/10\/Nuage-de-mot-1536x1536.png 1536w, https:\/\/sourcesdubienetre-vesoul.com\/wp-content\/uploads\/2023\/10\/Nuage-de-mot-2048x2048.png 2048w\" sizes=\"auto, (max-width: 1024px) 100vw, 1024px\" \/><\/figure>\n<\/div>\n<\/div>\n\n\n\n<div class='white' style='background:rgba(0,0,0,0); border:solid 0px rgba(0,0,0,0); border-radius:0px; padding:0px 0px 0px 0px;'>\n<div id='slider_421' class='owl-carousel sa_owl_theme owl-pagination-true autohide-arrows' data-slider-id='slider_421' style='visibility:hidden;'>\n<div id='slider_421_slide01' class='sa_hover_container' style='padding:5% 5%; margin:0px 0%; background-image:url(&quot;https:\/\/sourcesdubienetre-vesoul.com\/wp-content\/uploads\/2023\/10\/fond-slide.jpg&quot;); background-position:center center; background-size:100% auto; background-repeat:no-repeat; '><div style=\"font-size: 24px\">\r\n<p style=\"text-align: center\">Atelier :<\/p>\r\n<p style=\"text-align: center\"><strong>Relaxation dynamique d'Osho &amp; Yoga Nidra<\/strong><\/p>\r\n<p style=\"text-align: center\">Samedi 02 d\u00e9cembre 2023<\/p>\r\n<p style=\"text-align: center\">10H - 12H30 20\u20ac par atelier <br \/>Inscription et information par t\u00e9l\u00e9phone (Mme Claude Cormy)<br \/>Nombre de participant : 4 \u00e0 7 personnes<\/p>\r\n<\/div><\/div>\n<div id='slider_421_slide02' class='sa_hover_container' style='padding:5% 5%; margin:0px 0%; background-image:url(&quot;https:\/\/sourcesdubienetre-vesoul.com\/wp-content\/uploads\/2023\/10\/Atelier-Yoga-Nidra-et-meditation-fond-slide.jpg&quot;); background-position:center center; background-size:100% auto; background-repeat:no-repeat; '><div style=\"font-size: 24px\">\r\n<p style=\"text-align: center\">Atelier :<\/p>\r\n<p style=\"text-align: center\"><strong>Yoga Nidra &amp; M\u00e9ditation<\/strong><\/p>\r\n<p style=\"text-align: center\">Les vendredi semaines paires\u00a0 18h - 19h30<br \/>8 participants max<br \/>9\u20ac \/ s\u00e9ance<\/p>\r\n<p style=\"text-align: center\">Un samedi par mois en atelier-d\u00e9couverte :<br \/>mini-conf\u00e9rence 10h \u00e0 10h30, suivie d\u2019une exp\u00e9rimentation pratique de 10h30 \u00e0 12h.<br \/>groupe ouvert, les 14\/10, 18\/11, 16\/12.<br \/>Participation libre, inscription sous 48h.<\/p>\r\n<\/div><\/div>\n<div id='slider_421_slide03' class='sa_hover_container' style='padding:5% 5%; margin:0px 0%; background-image:url(&quot;https:\/\/sourcesdubienetre-vesoul.com\/wp-content\/uploads\/2023\/10\/hypnose-slide.jpg&quot;); background-position:center center; background-size:contain; background-repeat:no-repeat; '><div style=\"font-size: 24px\">\r\n<p style=\"text-align: center\">Atelier :<\/p>\r\n<p style=\"text-align: center\"><strong>D\u00e9couverte de l'hypnose<\/strong><\/p>\r\n<p style=\"text-align: center\">jeudi 16 novembre 2023 de\u00a0 20h \u00e0 21h30<br \/>Sur inscription,\u00a0 10\u20ac \/ atelier,\u00a0 dernier d\u00e9lais d'inscription 24h avant<\/p>\r\n<p style=\"text-align: center\">Voyagez facilement \u00e0 l'int\u00e9rieur de soi, d\u00e9couvrir le vrai sens de l'hypnose et des outils pour utiliser cette pratique \u00e0 son avantage.<\/p>\r\n<\/div><\/div>\n<\/div>\n<\/div>\n<script type='text\/javascript'>\n\tjQuery(document).ready(function() {\n\t\tjQuery('#slider_421').owlCarousel({\n\t\t\titems : 1,\n\t\t\tsmartSpeed : 200,\n\t\t\tautoplay : true,\n\t\t\tautoplayTimeout : 5000,\n\t\t\tautoplayHoverPause : true,\n\t\t\tsmartSpeed : 200,\n\t\t\tfluidSpeed : 200,\n\t\t\tautoplaySpeed : 200,\n\t\t\tnavSpeed : 200,\n\t\t\tdotsSpeed : 200,\n\t\t\tloop : true,\n\t\t\tnav : true,\n\t\t\tnavText : ['Previous','Next'],\n\t\t\tdots : true,\n\t\t\tresponsiveRefreshRate : 200,\n\t\t\tslideBy : 1,\n\t\t\tmergeFit : true,\n\t\t\tautoHeight : false,\n\t\t\tmouseDrag : false,\n\t\t\ttouchDrag : true\n\t\t});\n\t\tjQuery('#slider_421').css('visibility', 'visible');\n\t\tsa_resize_slider_421();\n\t\twindow.addEventListener('resize', sa_resize_slider_421);\n\t\tfunction sa_resize_slider_421() {\n\t\t\tvar min_height = '50';\n\t\t\tvar win_width = jQuery(window).width();\n\t\t\tvar slider_width = jQuery('#slider_421').width();\n\t\t\tif (win_width < 480) {\n\t\t\t\tvar slide_width = slider_width \/ 1;\n\t\t\t} else if (win_width < 768) {\n\t\t\t\tvar slide_width = slider_width \/ 1;\n\t\t\t} else if (win_width < 980) {\n\t\t\t\tvar slide_width = slider_width \/ 1;\n\t\t\t} else if (win_width < 1200) {\n\t\t\t\tvar slide_width = slider_width \/ 1;\n\t\t\t} else if (win_width < 1500) {\n\t\t\t\tvar slide_width = slider_width \/ 1;\n\t\t\t} else {\n\t\t\t\tvar slide_width = slider_width \/ 1;\n\t\t\t}\n\t\t\tslide_width = Math.round(slide_width);\n\t\t\tvar slide_height = '0';\n\t\t\tif (min_height == 'aspect43') {\n\t\t\t\tslide_height = (slide_width \/ 4) * 3;\t\t\t\tslide_height = Math.round(slide_height);\n\t\t\t} else if (min_height == 'aspect169') {\n\t\t\t\tslide_height = (slide_width \/ 16) * 9;\t\t\t\tslide_height = Math.round(slide_height);\n\t\t\t} else {\n\t\t\t\tslide_height = (slide_width \/ 100) * min_height;\t\t\t\tslide_height = Math.round(slide_height);\n\t\t\t}\n\t\t\tjQuery('#slider_421 .owl-item .sa_hover_container').css('min-height', slide_height+'px');\n\t\t}\n\t\tvar owl_goto = jQuery('#slider_421');\n\t\tjQuery('.slider_421_goto1').click(function(event){\n\t\t\towl_goto.trigger('to.owl.carousel', 0);\n\t\t});\n\t\tjQuery('.slider_421_goto2').click(function(event){\n\t\t\towl_goto.trigger('to.owl.carousel', 1);\n\t\t});\n\t\tjQuery('.slider_421_goto3').click(function(event){\n\t\t\towl_goto.trigger('to.owl.carousel', 2);\n\t\t});\n\t\tvar resize_421 = jQuery('.owl-carousel');\n\t\tresize_421.on('initialized.owl.carousel', function(e) {\n\t\t\tif (typeof(Event) === 'function') {\n\t\t\t\twindow.dispatchEvent(new Event('resize'));\n\t\t\t} else {\n\t\t\t\tvar evt = window.document.createEvent('UIEvents');\n\t\t\t\tevt.initUIEvent('resize', true, false, window, 0);\n\t\t\t\twindow.dispatchEvent(evt);\n\t\t\t}\n\t\t});\n\t});\n<\/script>\n\n\n\n\n<p>L&rsquo;esprit de compl\u00e9mentarit\u00e9 et le respect de notre&nbsp;<a href=\"https:\/\/sourcesdubienetre-vesoul.com\/index.php\/charte-ethique\/\" data-type=\"page\" data-id=\"96\">Charte \u00c9thique<\/a>&nbsp;vous offre des ressources dans diff\u00e9rentes dimensions du bien-\u00eatre, vous accompagnant au gr\u00e9 de vos besoins dans le respect, l&rsquo;\u00e9coute juste&nbsp;et la bienveillance.<\/p>\n\n\n\n<div class=\"wp-block-columns alignfull is-layout-flex wp-container-core-columns-is-layout-28f84493 wp-block-columns-is-layout-flex\">\n<div class=\"wp-block-column is-layout-flow wp-block-column-is-layout-flow\" style=\"flex-basis:50%\">\n<div class=\"wp-block-cover is-light\" style=\"min-height:600px;aspect-ratio:unset;\"><span aria-hidden=\"true\" class=\"wp-block-cover__background has-background-dim-100 has-background-dim\" style=\"background-color:#f6f6f6\"><\/span><div class=\"wp-block-cover__inner-container is-layout-flow wp-block-cover-is-layout-flow\">\n<figure class=\"wp-block-image aligncenter size-full\"><img loading=\"lazy\" decoding=\"async\" width=\"417\" height=\"280\" src=\"http:\/\/cjsmjrl.cluster029.hosting.ovh.net\/wp-content\/uploads\/2023\/10\/Photo-journal.jpg\" alt=\"\" class=\"wp-image-444\" srcset=\"https:\/\/sourcesdubienetre-vesoul.com\/wp-content\/uploads\/2023\/10\/Photo-journal.jpg 417w, https:\/\/sourcesdubienetre-vesoul.com\/wp-content\/uploads\/2023\/10\/Photo-journal-300x201.jpg 300w\" sizes=\"auto, (max-width: 417px) 100vw, 417px\" \/><\/figure>\n<\/div><\/div>\n<\/div>\n\n\n\n<div class=\"wp-block-column is-vertically-aligned-center is-layout-flow wp-block-column-is-layout-flow\" style=\"padding-top:1em;padding-right:1em;padding-bottom:1em;padding-left:1em\">\n<h3 class=\"wp-block-heading\">Pour la petite histoire&#8230;<\/h3>\n\n\n\n<div class=\"wp-block-columns is-layout-flex wp-container-core-columns-is-layout-28f84493 wp-block-columns-is-layout-flex\">\n<div class=\"wp-block-column is-layout-flow wp-block-column-is-layout-flow\">\n<p>Les Sources du Bien-\u00eatre ont \u00e9t\u00e9 cr\u00e9\u00e9es en 2012 par Claude Cormy, Odile Fran\u00e7ois et Lilavati Gravel, qui, partageant d\u00e9j\u00e0 des locaux ensemble, d\u00e9cid\u00e8rent de cr\u00e9er une <strong>entit\u00e9 multifacette<\/strong> o\u00f9 chacun resterait ind\u00e9pendant tout en b\u00e9n\u00e9ficiant de la mise en commun de certaines ressources.<br>En 2016, Jean-Baptiste Faivre int\u00e8gre le collectif, amenant sa pratique de l&rsquo;Ortho-Bionomy\u00ae en compl\u00e9mentarit\u00e9 des autres activit\u00e9s d\u00e9j\u00e0 pratiqu\u00e9es. <br>En 2018, le collectif se structure en association,&nbsp;et ouvre ses portes \u00e0 de nouvelles pratiques, offrant ainsi encore plus&nbsp;de ressources au Bien-\u00eatre.<\/p>\n<\/div>\n<\/div>\n<\/div>\n<\/div>\n","protected":false},"excerpt":{"rendered":"<p>BIENVENUE aux Sources du Bien-\u00eatre,&nbsp;Un espace d&rsquo;activit\u00e9s et d&rsquo;accueil propos\u00e9 aux professionnels du Bien-\u00eatre, de mani\u00e8re permanente ou ponctuelle, g\u00e9r\u00e9 par l&rsquo;association du m\u00eame nom. L&rsquo;esprit de compl\u00e9mentarit\u00e9 et le respect de notre&nbsp;Charte \u00c9thique&nbsp;vous offre des ressources dans diff\u00e9rentes dimensions du bien-\u00eatre, vous accompagnant au gr\u00e9 de vos besoins dans le respect, l&rsquo;\u00e9coute juste&nbsp;et la [&hellip;]<\/p>\n","protected":false},"author":2,"featured_media":0,"parent":0,"menu_order":0,"comment_status":"closed","ping_status":"closed","template":"","meta":{"site-sidebar-layout":"default","site-content-layout":"","ast-site-content-layout":"","site-content-style":"default","site-sidebar-style":"default","ast-global-header-display":"","ast-banner-title-visibility":"","ast-main-header-display":"","ast-hfb-above-header-display":"","ast-hfb-below-header-display":"","ast-hfb-mobile-header-display":"","site-post-title":"disabled","ast-breadcrumbs-content":"","ast-featured-img":"","footer-sml-layout":"","theme-transparent-header-meta":"","adv-header-id-meta":"","stick-header-meta":"","header-above-stick-meta":"","header-main-stick-meta":"","header-below-stick-meta":"","astra-migrate-meta-layouts":"","ast-page-background-enabled":"default","ast-page-background-meta":{"desktop":{"background-color":"var(--ast-global-color-4)","background-image":"","background-repeat":"repeat","background-position":"center center","background-size":"auto","background-attachment":"scroll","background-type":"","background-media":"","overlay-type":"","overlay-color":"","overlay-opacity":"","overlay-gradient":""},"tablet":{"background-color":"","background-image":"","background-repeat":"repeat","background-position":"center center","background-size":"auto","background-attachment":"scroll","background-type":"","background-media":"","overlay-type":"","overlay-color":"","overlay-opacity":"","overlay-gradient":""},"mobile":{"background-color":"","background-image":"","background-repeat":"repeat","background-position":"center center","background-size":"auto","background-attachment":"scroll","background-type":"","background-media":"","overlay-type":"","overlay-color":"","overlay-opacity":"","overlay-gradient":""}},"ast-content-background-meta":{"desktop":{"background-color":"var(--ast-global-color-5)","background-image":"","background-repeat":"repeat","background-position":"center center","background-size":"auto","background-attachment":"scroll","background-type":"","background-media":"","overlay-type":"","overlay-color":"","overlay-opacity":"","overlay-gradient":""},"tablet":{"background-color":"var(--ast-global-color-5)","background-image":"","background-repeat":"repeat","background-position":"center center","background-size":"auto","background-attachment":"scroll","background-type":"","background-media":"","overlay-type":"","overlay-color":"","overlay-opacity":"","overlay-gradient":""},"mobile":{"background-color":"var(--ast-global-color-5)","background-image":"","background-repeat":"repeat","background-position":"center center","background-size":"auto","background-attachment":"scroll","background-type":"","background-media":"","overlay-type":"","overlay-color":"","overlay-opacity":"","overlay-gradient":""}},"footnotes":""},"class_list":["post-95","page","type-page","status-publish","hentry"],"yoast_head":"<!-- This site is optimized with the Yoast SEO plugin v27.4 - https:\/\/yoast.com\/product\/yoast-seo-wordpress\/ -->\n<title>Accueil - Les Sources du Bien-\u00catre<\/title>\n<meta name=\"robots\" content=\"index, follow, max-snippet:-1, max-image-preview:large, max-video-preview:-1\" \/>\n<link rel=\"canonical\" href=\"https:\/\/sourcesdubienetre-vesoul.com\/\" \/>\n<meta property=\"og:locale\" content=\"fr_FR\" \/>\n<meta property=\"og:type\" content=\"article\" \/>\n<meta property=\"og:title\" content=\"Accueil - Les Sources du Bien-\u00catre\" \/>\n<meta property=\"og:description\" content=\"BIENVENUE aux Sources du Bien-\u00eatre,&nbsp;Un espace d&rsquo;activit\u00e9s et d&rsquo;accueil propos\u00e9 aux professionnels du Bien-\u00eatre, de mani\u00e8re permanente ou ponctuelle, g\u00e9r\u00e9 par l&rsquo;association du m\u00eame nom. L&rsquo;esprit de compl\u00e9mentarit\u00e9 et le respect de notre&nbsp;Charte \u00c9thique&nbsp;vous offre des ressources dans diff\u00e9rentes dimensions du bien-\u00eatre, vous accompagnant au gr\u00e9 de vos besoins dans le respect, l&rsquo;\u00e9coute juste&nbsp;et la [&hellip;]\" \/>\n<meta property=\"og:url\" content=\"https:\/\/sourcesdubienetre-vesoul.com\/\" \/>\n<meta property=\"og:site_name\" content=\"Les Sources du Bien-\u00catre\" \/>\n<meta property=\"article:publisher\" content=\"https:\/\/www.facebook.com\/SourcesduBienEtre\/?locale=fr_FR\" \/>\n<meta property=\"article:modified_time\" content=\"2025-07-29T12:21:38+00:00\" \/>\n<meta property=\"og:image\" content=\"https:\/\/sourcesdubienetre-vesoul.com\/wp-content\/uploads\/2023\/10\/Nuage-de-mot-1024x1024.png\" \/>\n\t<meta property=\"og:image:width\" content=\"1024\" \/>\n\t<meta property=\"og:image:height\" content=\"1024\" \/>\n\t<meta property=\"og:image:type\" content=\"image\/png\" \/>\n<meta name=\"twitter:card\" content=\"summary_large_image\" \/>\n<meta name=\"twitter:label1\" content=\"Dur\u00e9e de lecture estim\u00e9e\" \/>\n\t<meta name=\"twitter:data1\" content=\"2 minutes\" \/>\n<script type=\"application\/ld+json\" class=\"yoast-schema-graph\">{\"@context\":\"https:\\\/\\\/schema.org\",\"@graph\":[{\"@type\":\"WebPage\",\"@id\":\"https:\\\/\\\/sourcesdubienetre-vesoul.com\\\/\",\"url\":\"https:\\\/\\\/sourcesdubienetre-vesoul.com\\\/\",\"name\":\"Accueil - Les Sources du Bien-\u00catre\",\"isPartOf\":{\"@id\":\"https:\\\/\\\/sourcesdubienetre-vesoul.com\\\/#website\"},\"primaryImageOfPage\":{\"@id\":\"https:\\\/\\\/sourcesdubienetre-vesoul.com\\\/#primaryimage\"},\"image\":{\"@id\":\"https:\\\/\\\/sourcesdubienetre-vesoul.com\\\/#primaryimage\"},\"thumbnailUrl\":\"https:\\\/\\\/sourcesdubienetre-vesoul.com\\\/wp-content\\\/uploads\\\/2023\\\/10\\\/Nuage-de-mot-1024x1024.png\",\"datePublished\":\"2023-06-13T13:27:43+00:00\",\"dateModified\":\"2025-07-29T12:21:38+00:00\",\"breadcrumb\":{\"@id\":\"https:\\\/\\\/sourcesdubienetre-vesoul.com\\\/#breadcrumb\"},\"inLanguage\":\"fr-FR\",\"potentialAction\":[{\"@type\":\"ReadAction\",\"target\":[\"https:\\\/\\\/sourcesdubienetre-vesoul.com\\\/\"]}]},{\"@type\":\"ImageObject\",\"inLanguage\":\"fr-FR\",\"@id\":\"https:\\\/\\\/sourcesdubienetre-vesoul.com\\\/#primaryimage\",\"url\":\"https:\\\/\\\/sourcesdubienetre-vesoul.com\\\/wp-content\\\/uploads\\\/2023\\\/10\\\/Nuage-de-mot.png\",\"contentUrl\":\"https:\\\/\\\/sourcesdubienetre-vesoul.com\\\/wp-content\\\/uploads\\\/2023\\\/10\\\/Nuage-de-mot.png\",\"width\":5000,\"height\":5000},{\"@type\":\"BreadcrumbList\",\"@id\":\"https:\\\/\\\/sourcesdubienetre-vesoul.com\\\/#breadcrumb\",\"itemListElement\":[{\"@type\":\"ListItem\",\"position\":1,\"name\":\"Accueil\",\"item\":\"https:\\\/\\\/sourcesdubienetre-vesoul.com\\\/\"},{\"@type\":\"ListItem\",\"position\":2,\"name\":\"Accueil\"}]},{\"@type\":\"WebSite\",\"@id\":\"https:\\\/\\\/sourcesdubienetre-vesoul.com\\\/#website\",\"url\":\"https:\\\/\\\/sourcesdubienetre-vesoul.com\\\/\",\"name\":\"sourcesdubienetre-vesoul\",\"description\":\"Des professionnel du bien-\u00eatre \u00e0 votre service\",\"publisher\":{\"@id\":\"https:\\\/\\\/sourcesdubienetre-vesoul.com\\\/#organization\"},\"potentialAction\":[{\"@type\":\"SearchAction\",\"target\":{\"@type\":\"EntryPoint\",\"urlTemplate\":\"https:\\\/\\\/sourcesdubienetre-vesoul.com\\\/?s={search_term_string}\"},\"query-input\":{\"@type\":\"PropertyValueSpecification\",\"valueRequired\":true,\"valueName\":\"search_term_string\"}}],\"inLanguage\":\"fr-FR\"},{\"@type\":\"Organization\",\"@id\":\"https:\\\/\\\/sourcesdubienetre-vesoul.com\\\/#organization\",\"name\":\"Les Sources du Bien-\u00catre\",\"url\":\"https:\\\/\\\/sourcesdubienetre-vesoul.com\\\/\",\"logo\":{\"@type\":\"ImageObject\",\"inLanguage\":\"fr-FR\",\"@id\":\"https:\\\/\\\/sourcesdubienetre-vesoul.com\\\/#\\\/schema\\\/logo\\\/image\\\/\",\"url\":\"https:\\\/\\\/sourcesdubienetre-vesoul.com\\\/wp-content\\\/uploads\\\/2025\\\/07\\\/new_logo.jpg\",\"contentUrl\":\"https:\\\/\\\/sourcesdubienetre-vesoul.com\\\/wp-content\\\/uploads\\\/2025\\\/07\\\/new_logo.jpg\",\"width\":500,\"height\":500,\"caption\":\"Les Sources du Bien-\u00catre\"},\"image\":{\"@id\":\"https:\\\/\\\/sourcesdubienetre-vesoul.com\\\/#\\\/schema\\\/logo\\\/image\\\/\"},\"sameAs\":[\"https:\\\/\\\/www.facebook.com\\\/SourcesduBienEtre\\\/?locale=fr_FR\"]}]}<\/script>\n<!-- \/ Yoast SEO plugin. -->","yoast_head_json":{"title":"Accueil - Les Sources du Bien-\u00catre","robots":{"index":"index","follow":"follow","max-snippet":"max-snippet:-1","max-image-preview":"max-image-preview:large","max-video-preview":"max-video-preview:-1"},"canonical":"https:\/\/sourcesdubienetre-vesoul.com\/","og_locale":"fr_FR","og_type":"article","og_title":"Accueil - Les Sources du Bien-\u00catre","og_description":"BIENVENUE aux Sources du Bien-\u00eatre,&nbsp;Un espace d&rsquo;activit\u00e9s et d&rsquo;accueil propos\u00e9 aux professionnels du Bien-\u00eatre, de mani\u00e8re permanente ou ponctuelle, g\u00e9r\u00e9 par l&rsquo;association du m\u00eame nom. L&rsquo;esprit de compl\u00e9mentarit\u00e9 et le respect de notre&nbsp;Charte \u00c9thique&nbsp;vous offre des ressources dans diff\u00e9rentes dimensions du bien-\u00eatre, vous accompagnant au gr\u00e9 de vos besoins dans le respect, l&rsquo;\u00e9coute juste&nbsp;et la [&hellip;]","og_url":"https:\/\/sourcesdubienetre-vesoul.com\/","og_site_name":"Les Sources du Bien-\u00catre","article_publisher":"https:\/\/www.facebook.com\/SourcesduBienEtre\/?locale=fr_FR","article_modified_time":"2025-07-29T12:21:38+00:00","og_image":[{"width":1024,"height":1024,"url":"https:\/\/sourcesdubienetre-vesoul.com\/wp-content\/uploads\/2023\/10\/Nuage-de-mot-1024x1024.png","type":"image\/png"}],"twitter_card":"summary_large_image","twitter_misc":{"Dur\u00e9e de lecture estim\u00e9e":"2 minutes"},"schema":{"@context":"https:\/\/schema.org","@graph":[{"@type":"WebPage","@id":"https:\/\/sourcesdubienetre-vesoul.com\/","url":"https:\/\/sourcesdubienetre-vesoul.com\/","name":"Accueil - Les Sources du Bien-\u00catre","isPartOf":{"@id":"https:\/\/sourcesdubienetre-vesoul.com\/#website"},"primaryImageOfPage":{"@id":"https:\/\/sourcesdubienetre-vesoul.com\/#primaryimage"},"image":{"@id":"https:\/\/sourcesdubienetre-vesoul.com\/#primaryimage"},"thumbnailUrl":"https:\/\/sourcesdubienetre-vesoul.com\/wp-content\/uploads\/2023\/10\/Nuage-de-mot-1024x1024.png","datePublished":"2023-06-13T13:27:43+00:00","dateModified":"2025-07-29T12:21:38+00:00","breadcrumb":{"@id":"https:\/\/sourcesdubienetre-vesoul.com\/#breadcrumb"},"inLanguage":"fr-FR","potentialAction":[{"@type":"ReadAction","target":["https:\/\/sourcesdubienetre-vesoul.com\/"]}]},{"@type":"ImageObject","inLanguage":"fr-FR","@id":"https:\/\/sourcesdubienetre-vesoul.com\/#primaryimage","url":"https:\/\/sourcesdubienetre-vesoul.com\/wp-content\/uploads\/2023\/10\/Nuage-de-mot.png","contentUrl":"https:\/\/sourcesdubienetre-vesoul.com\/wp-content\/uploads\/2023\/10\/Nuage-de-mot.png","width":5000,"height":5000},{"@type":"BreadcrumbList","@id":"https:\/\/sourcesdubienetre-vesoul.com\/#breadcrumb","itemListElement":[{"@type":"ListItem","position":1,"name":"Accueil","item":"https:\/\/sourcesdubienetre-vesoul.com\/"},{"@type":"ListItem","position":2,"name":"Accueil"}]},{"@type":"WebSite","@id":"https:\/\/sourcesdubienetre-vesoul.com\/#website","url":"https:\/\/sourcesdubienetre-vesoul.com\/","name":"sourcesdubienetre-vesoul","description":"Des professionnel du bien-\u00eatre \u00e0 votre service","publisher":{"@id":"https:\/\/sourcesdubienetre-vesoul.com\/#organization"},"potentialAction":[{"@type":"SearchAction","target":{"@type":"EntryPoint","urlTemplate":"https:\/\/sourcesdubienetre-vesoul.com\/?s={search_term_string}"},"query-input":{"@type":"PropertyValueSpecification","valueRequired":true,"valueName":"search_term_string"}}],"inLanguage":"fr-FR"},{"@type":"Organization","@id":"https:\/\/sourcesdubienetre-vesoul.com\/#organization","name":"Les Sources du Bien-\u00catre","url":"https:\/\/sourcesdubienetre-vesoul.com\/","logo":{"@type":"ImageObject","inLanguage":"fr-FR","@id":"https:\/\/sourcesdubienetre-vesoul.com\/#\/schema\/logo\/image\/","url":"https:\/\/sourcesdubienetre-vesoul.com\/wp-content\/uploads\/2025\/07\/new_logo.jpg","contentUrl":"https:\/\/sourcesdubienetre-vesoul.com\/wp-content\/uploads\/2025\/07\/new_logo.jpg","width":500,"height":500,"caption":"Les Sources du Bien-\u00catre"},"image":{"@id":"https:\/\/sourcesdubienetre-vesoul.com\/#\/schema\/logo\/image\/"},"sameAs":["https:\/\/www.facebook.com\/SourcesduBienEtre\/?locale=fr_FR"]}]}},"_links":{"self":[{"href":"https:\/\/sourcesdubienetre-vesoul.com\/index.php\/wp-json\/wp\/v2\/pages\/95","targetHints":{"allow":["GET"]}}],"collection":[{"href":"https:\/\/sourcesdubienetre-vesoul.com\/index.php\/wp-json\/wp\/v2\/pages"}],"about":[{"href":"https:\/\/sourcesdubienetre-vesoul.com\/index.php\/wp-json\/wp\/v2\/types\/page"}],"author":[{"embeddable":true,"href":"https:\/\/sourcesdubienetre-vesoul.com\/index.php\/wp-json\/wp\/v2\/users\/2"}],"replies":[{"embeddable":true,"href":"https:\/\/sourcesdubienetre-vesoul.com\/index.php\/wp-json\/wp\/v2\/comments?post=95"}],"version-history":[{"count":36,"href":"https:\/\/sourcesdubienetre-vesoul.com\/index.php\/wp-json\/wp\/v2\/pages\/95\/revisions"}],"predecessor-version":[{"id":3004,"href":"https:\/\/sourcesdubienetre-vesoul.com\/index.php\/wp-json\/wp\/v2\/pages\/95\/revisions\/3004"}],"wp:attachment":[{"href":"https:\/\/sourcesdubienetre-vesoul.com\/index.php\/wp-json\/wp\/v2\/media?parent=95"}],"curies":[{"name":"wp","href":"https:\/\/api.w.org\/{rel}","templated":true}]}}